{"id":3300,"date":"2023-10-05T21:08:06","date_gmt":"2023-10-05T19:08:06","guid":{"rendered":"https:\/\/lovecocoearth.com\/produit\/maschera-al-carbone-attivo-al-cetriolo\/"},"modified":"2024-08-06T22:09:24","modified_gmt":"2024-08-06T20:09:24","slug":"maschera-al-carbone-attivo-al-cetriolo","status":"publish","type":"product","link":"https:\/\/lovecocoearth.com\/it\/produit\/maschera-al-carbone-attivo-al-cetriolo\/","title":{"rendered":"Maschera Al Carbone Attivo Al Cetriolo"},"content":{"rendered":"<p><strong>Consigli d&#8217;uso<\/strong> : Applicare il prodotto sul viso, lasciare agire per 15 minuti, massaggiare il viso con movimenti circolari e risciacquare.<\/p>\n<p><strong>Origine<\/strong> : il carbone di cocco attivo proviene dalle noci di cocco della Guadalupa.<\/p>\n<p><strong>Composizione<\/strong> :<\/p>\n<p>Acqua<br \/>\nCcucumis sativus<br \/>\nOlio di cucumis sativus<br \/>\nGomma Xanithan<br \/>\nEstratto del frutto del vaccinium myrtillus<br \/>\nEstratto di Saccharum officinrum<br \/>\nEstratto del frutto di Citrus aurentium dulcis<br \/>\nEstratto di agrumi e lime<br \/>\nEstratto di acer saccharum<br \/>\nCitrus paradisii<br \/>\nAlcool benzilico<br \/>\nAcido deidroacetico, carbone<\/p>\n","protected":false},"excerpt":{"rendered":"<p>Il cetriolo \u00e8 ricco di vitamine e oligoelementi. Oltre ad essere molto idratante, il cetriolo \u00e8 noto per i suoi effetti benefici sulla pelle opaca e priva di lucidit\u00e0 e luce. Le vitamine che contiene sono molto benefiche per la pelle. Gli AHA, principi attivi della frutta, sono molto potenti e permettono di creare \u201cnuova pelle\u201d, grazie al loro effetto \u201cpeeling\u201d e alla loro azione sul rinnovamento cellulare, levigano le rughe e uniformano la pelle. Infine, il carbone attivo disintossica e disinquina la pelle, potenziando cos\u00ec l&#8217;effetto degli altri principi attivi presenti nella maschera.<\/p>\n<p>Formato: 130 ml<\/p>\n","protected":false},"featured_media":1761,"comment_status":"open","ping_status":"closed","template":"","meta":[],"product_brand":[],"product_cat":[187,195],"product_tag":[],"class_list":{"0":"post-3300","1":"product","2":"type-product","3":"status-publish","4":"has-post-thumbnail","6":"product_cat-cura","7":"product_cat-cura-del-viso","9":"first","10":"instock","11":"taxable","12":"shipping-taxable","13":"purchasable","14":"product-type-simple"},"yoast_head":"<title>Maschera Al Carbone Attivo Al Cetriolo - Love Coco Earth I Site Officiel<\/title>\n<meta name=\"robots\" content=\"index, follow, max-snippet:-1, max-image-preview:large, max-video-preview:-1\" \/>\n<link rel=\"canonical\" href=\"https:\/\/lovecocoearth.com\/it\/produit\/maschera-al-carbone-attivo-al-cetriolo\/\" \/>\n<meta property=\"og:locale\" content=\"it_IT\" \/>\n<meta property=\"og:type\" content=\"article\" \/>\n<meta property=\"og:title\" content=\"Maschera Al Carbone Attivo Al Cetriolo\" \/>\n<meta property=\"og:description\" content=\"Il cetriolo \u00e8 ricco di vitamine e oligoelementi. Oltre ad essere molto idratante, il cetriolo \u00e8 noto per i suoi effetti benefici sulla pelle opaca e priva di lucidit\u00e0 e luce. Le vitamine che contiene sono molto benefiche per la pelle. Gli AHA, principi attivi della frutta, sono molto potenti e permettono di creare \u201cnuova pelle\u201d, grazie al loro effetto \u201cpeeling\u201d e alla loro azione sul rinnovamento cellulare, levigano le rughe e uniformano la pelle. Infine, il carbone attivo disintossica e disinquina la pelle, potenziando cos\u00ec l&#039;effetto degli altri principi attivi presenti nella maschera.  Formato: 130 ml\" \/>\n<meta property=\"og:url\" content=\"https:\/\/lovecocoearth.com\/it\/produit\/maschera-al-carbone-attivo-al-cetriolo\/\" \/>\n<meta property=\"og:site_name\" content=\"Love Coco Earth I Site Officiel\" \/>\n<meta property=\"article:modified_time\" content=\"2024-08-06T20:09:24+00:00\" \/>\n<meta property=\"og:image\" content=\"https:\/\/lovecocoearth.com\/wp-content\/uploads\/sites\/81\/2023\/10\/0L7A6122-1.jpg\" \/>\n\t<meta property=\"og:image:width\" content=\"791\" \/>\n\t<meta property=\"og:image:height\" content=\"1024\" \/>\n\t<meta property=\"og:image:type\" content=\"image\/jpeg\" \/>\n<meta name=\"twitter:card\" content=\"summary_large_image\" \/>\n<script type=\"application\/ld+json\" class=\"yoast-schema-graph\">{\"@context\":\"https:\\\/\\\/schema.org\",\"@graph\":[{\"@type\":\"WebPage\",\"@id\":\"https:\\\/\\\/lovecocoearth.com\\\/it\\\/produit\\\/maschera-al-carbone-attivo-al-cetriolo\\\/\",\"url\":\"https:\\\/\\\/lovecocoearth.com\\\/it\\\/produit\\\/maschera-al-carbone-attivo-al-cetriolo\\\/\",\"name\":\"Maschera Al Carbone Attivo Al Cetriolo - Love Coco Earth I Site Officiel\",\"isPartOf\":{\"@id\":\"https:\\\/\\\/lovecocoearth.com\\\/#website\"},\"primaryImageOfPage\":{\"@id\":\"https:\\\/\\\/lovecocoearth.com\\\/it\\\/produit\\\/maschera-al-carbone-attivo-al-cetriolo\\\/#primaryimage\"},\"image\":{\"@id\":\"https:\\\/\\\/lovecocoearth.com\\\/it\\\/produit\\\/maschera-al-carbone-attivo-al-cetriolo\\\/#primaryimage\"},\"thumbnailUrl\":\"https:\\\/\\\/lovecocoearth.com\\\/wp-content\\\/uploads\\\/sites\\\/81\\\/2023\\\/10\\\/0L7A6122-1.jpg\",\"datePublished\":\"2023-10-05T19:08:06+00:00\",\"dateModified\":\"2024-08-06T20:09:24+00:00\",\"breadcrumb\":{\"@id\":\"https:\\\/\\\/lovecocoearth.com\\\/it\\\/produit\\\/maschera-al-carbone-attivo-al-cetriolo\\\/#breadcrumb\"},\"inLanguage\":\"it-IT\",\"potentialAction\":[{\"@type\":\"ReadAction\",\"target\":[\"https:\\\/\\\/lovecocoearth.com\\\/it\\\/produit\\\/maschera-al-carbone-attivo-al-cetriolo\\\/\"]}]},{\"@type\":\"ImageObject\",\"inLanguage\":\"it-IT\",\"@id\":\"https:\\\/\\\/lovecocoearth.com\\\/it\\\/produit\\\/maschera-al-carbone-attivo-al-cetriolo\\\/#primaryimage\",\"url\":\"https:\\\/\\\/lovecocoearth.com\\\/wp-content\\\/uploads\\\/sites\\\/81\\\/2023\\\/10\\\/0L7A6122-1.jpg\",\"contentUrl\":\"https:\\\/\\\/lovecocoearth.com\\\/wp-content\\\/uploads\\\/sites\\\/81\\\/2023\\\/10\\\/0L7A6122-1.jpg\",\"width\":791,\"height\":1024},{\"@type\":\"BreadcrumbList\",\"@id\":\"https:\\\/\\\/lovecocoearth.com\\\/it\\\/produit\\\/maschera-al-carbone-attivo-al-cetriolo\\\/#breadcrumb\",\"itemListElement\":[{\"@type\":\"ListItem\",\"position\":1,\"name\":\"Accueil\",\"item\":\"https:\\\/\\\/lovecocoearth.com\\\/it\\\/\"},{\"@type\":\"ListItem\",\"position\":2,\"name\":\"Boutique\",\"item\":\"https:\\\/\\\/lovecocoearth.com\\\/boutique\\\/\"},{\"@type\":\"ListItem\",\"position\":3,\"name\":\"Maschera Al Carbone Attivo Al Cetriolo\"}]},{\"@type\":\"WebSite\",\"@id\":\"https:\\\/\\\/lovecocoearth.com\\\/#website\",\"url\":\"https:\\\/\\\/lovecocoearth.com\\\/\",\"name\":\"Love Coco Earth I Site Officiel\",\"description\":\"Des cosm\u00e9tiques responsables et \u00e9thiques\",\"publisher\":{\"@id\":\"https:\\\/\\\/lovecocoearth.com\\\/#organization\"},\"potentialAction\":[{\"@type\":\"SearchAction\",\"target\":{\"@type\":\"EntryPoint\",\"urlTemplate\":\"https:\\\/\\\/lovecocoearth.com\\\/?s={search_term_string}\"},\"query-input\":{\"@type\":\"PropertyValueSpecification\",\"valueRequired\":true,\"valueName\":\"search_term_string\"}}],\"inLanguage\":\"it-IT\"},{\"@type\":\"Organization\",\"@id\":\"https:\\\/\\\/lovecocoearth.com\\\/#organization\",\"name\":\"Love Coco Earth I Site Officiel\",\"url\":\"https:\\\/\\\/lovecocoearth.com\\\/\",\"logo\":{\"@type\":\"ImageObject\",\"inLanguage\":\"it-IT\",\"@id\":\"https:\\\/\\\/lovecocoearth.com\\\/#\\\/schema\\\/logo\\\/image\\\/\",\"url\":\"https:\\\/\\\/lovecocoearth.com\\\/wp-content\\\/uploads\\\/sites\\\/81\\\/2023\\\/10\\\/cropped-Logo-Love-Coco-Earth-sans-fond.png\",\"contentUrl\":\"https:\\\/\\\/lovecocoearth.com\\\/wp-content\\\/uploads\\\/sites\\\/81\\\/2023\\\/10\\\/cropped-Logo-Love-Coco-Earth-sans-fond.png\",\"width\":782,\"height\":782,\"caption\":\"Love Coco Earth I Site Officiel\"},\"image\":{\"@id\":\"https:\\\/\\\/lovecocoearth.com\\\/#\\\/schema\\\/logo\\\/image\\\/\"}}]}<\/script>","yoast_head_json":{"title":"Maschera Al Carbone Attivo Al Cetriolo - Love Coco Earth I Site Officiel","robots":{"index":"index","follow":"follow","max-snippet":"max-snippet:-1","max-image-preview":"max-image-preview:large","max-video-preview":"max-video-preview:-1"},"canonical":"https:\/\/lovecocoearth.com\/it\/produit\/maschera-al-carbone-attivo-al-cetriolo\/","og_locale":"it_IT","og_type":"article","og_title":"Maschera Al Carbone Attivo Al Cetriolo","og_description":"Il cetriolo \u00e8 ricco di vitamine e oligoelementi. Oltre ad essere molto idratante, il cetriolo \u00e8 noto per i suoi effetti benefici sulla pelle opaca e priva di lucidit\u00e0 e luce. Le vitamine che contiene sono molto benefiche per la pelle. Gli AHA, principi attivi della frutta, sono molto potenti e permettono di creare \u201cnuova pelle\u201d, grazie al loro effetto \u201cpeeling\u201d e alla loro azione sul rinnovamento cellulare, levigano le rughe e uniformano la pelle. Infine, il carbone attivo disintossica e disinquina la pelle, potenziando cos\u00ec l'effetto degli altri principi attivi presenti nella maschera.  Formato: 130 ml","og_url":"https:\/\/lovecocoearth.com\/it\/produit\/maschera-al-carbone-attivo-al-cetriolo\/","og_site_name":"Love Coco Earth I Site Officiel","article_modified_time":"2024-08-06T20:09:24+00:00","og_image":[{"width":791,"height":1024,"url":"https:\/\/lovecocoearth.com\/wp-content\/uploads\/sites\/81\/2023\/10\/0L7A6122-1.jpg","type":"image\/jpeg"}],"twitter_card":"summary_large_image","schema":{"@context":"https:\/\/schema.org","@graph":[{"@type":"WebPage","@id":"https:\/\/lovecocoearth.com\/it\/produit\/maschera-al-carbone-attivo-al-cetriolo\/","url":"https:\/\/lovecocoearth.com\/it\/produit\/maschera-al-carbone-attivo-al-cetriolo\/","name":"Maschera Al Carbone Attivo Al Cetriolo - Love Coco Earth I Site Officiel","isPartOf":{"@id":"https:\/\/lovecocoearth.com\/#website"},"primaryImageOfPage":{"@id":"https:\/\/lovecocoearth.com\/it\/produit\/maschera-al-carbone-attivo-al-cetriolo\/#primaryimage"},"image":{"@id":"https:\/\/lovecocoearth.com\/it\/produit\/maschera-al-carbone-attivo-al-cetriolo\/#primaryimage"},"thumbnailUrl":"https:\/\/lovecocoearth.com\/wp-content\/uploads\/sites\/81\/2023\/10\/0L7A6122-1.jpg","datePublished":"2023-10-05T19:08:06+00:00","dateModified":"2024-08-06T20:09:24+00:00","breadcrumb":{"@id":"https:\/\/lovecocoearth.com\/it\/produit\/maschera-al-carbone-attivo-al-cetriolo\/#breadcrumb"},"inLanguage":"it-IT","potentialAction":[{"@type":"ReadAction","target":["https:\/\/lovecocoearth.com\/it\/produit\/maschera-al-carbone-attivo-al-cetriolo\/"]}]},{"@type":"ImageObject","inLanguage":"it-IT","@id":"https:\/\/lovecocoearth.com\/it\/produit\/maschera-al-carbone-attivo-al-cetriolo\/#primaryimage","url":"https:\/\/lovecocoearth.com\/wp-content\/uploads\/sites\/81\/2023\/10\/0L7A6122-1.jpg","contentUrl":"https:\/\/lovecocoearth.com\/wp-content\/uploads\/sites\/81\/2023\/10\/0L7A6122-1.jpg","width":791,"height":1024},{"@type":"BreadcrumbList","@id":"https:\/\/lovecocoearth.com\/it\/produit\/maschera-al-carbone-attivo-al-cetriolo\/#breadcrumb","itemListElement":[{"@type":"ListItem","position":1,"name":"Accueil","item":"https:\/\/lovecocoearth.com\/it\/"},{"@type":"ListItem","position":2,"name":"Boutique","item":"https:\/\/lovecocoearth.com\/boutique\/"},{"@type":"ListItem","position":3,"name":"Maschera Al Carbone Attivo Al Cetriolo"}]},{"@type":"WebSite","@id":"https:\/\/lovecocoearth.com\/#website","url":"https:\/\/lovecocoearth.com\/","name":"Love Coco Earth I Site Officiel","description":"Des cosm\u00e9tiques responsables et \u00e9thiques","publisher":{"@id":"https:\/\/lovecocoearth.com\/#organization"},"potentialAction":[{"@type":"SearchAction","target":{"@type":"EntryPoint","urlTemplate":"https:\/\/lovecocoearth.com\/?s={search_term_string}"},"query-input":{"@type":"PropertyValueSpecification","valueRequired":true,"valueName":"search_term_string"}}],"inLanguage":"it-IT"},{"@type":"Organization","@id":"https:\/\/lovecocoearth.com\/#organization","name":"Love Coco Earth I Site Officiel","url":"https:\/\/lovecocoearth.com\/","logo":{"@type":"ImageObject","inLanguage":"it-IT","@id":"https:\/\/lovecocoearth.com\/#\/schema\/logo\/image\/","url":"https:\/\/lovecocoearth.com\/wp-content\/uploads\/sites\/81\/2023\/10\/cropped-Logo-Love-Coco-Earth-sans-fond.png","contentUrl":"https:\/\/lovecocoearth.com\/wp-content\/uploads\/sites\/81\/2023\/10\/cropped-Logo-Love-Coco-Earth-sans-fond.png","width":782,"height":782,"caption":"Love Coco Earth I Site Officiel"},"image":{"@id":"https:\/\/lovecocoearth.com\/#\/schema\/logo\/image\/"}}]}},"_links":{"self":[{"href":"https:\/\/lovecocoearth.com\/it\/wp-json\/wp\/v2\/product\/3300","targetHints":{"allow":["GET"]}}],"collection":[{"href":"https:\/\/lovecocoearth.com\/it\/wp-json\/wp\/v2\/product"}],"about":[{"href":"https:\/\/lovecocoearth.com\/it\/wp-json\/wp\/v2\/types\/product"}],"replies":[{"embeddable":true,"href":"https:\/\/lovecocoearth.com\/it\/wp-json\/wp\/v2\/comments?post=3300"}],"wp:featuredmedia":[{"embeddable":true,"href":"https:\/\/lovecocoearth.com\/it\/wp-json\/wp\/v2\/media\/1761"}],"wp:attachment":[{"href":"https:\/\/lovecocoearth.com\/it\/wp-json\/wp\/v2\/media?parent=3300"}],"wp:term":[{"taxonomy":"product_brand","embeddable":true,"href":"https:\/\/lovecocoearth.com\/it\/wp-json\/wp\/v2\/product_brand?post=3300"},{"taxonomy":"product_cat","embeddable":true,"href":"https:\/\/lovecocoearth.com\/it\/wp-json\/wp\/v2\/product_cat?post=3300"},{"taxonomy":"product_tag","embeddable":true,"href":"https:\/\/lovecocoearth.com\/it\/wp-json\/wp\/v2\/product_tag?post=3300"}],"curies":[{"name":"wp","href":"https:\/\/api.w.org\/{rel}","templated":true}]}}