{"id":3251,"date":"2023-10-05T21:37:45","date_gmt":"2023-10-05T19:37:45","guid":{"rendered":"https:\/\/lovecocoearth.com\/produit\/deodorante\/"},"modified":"2024-08-05T22:43:37","modified_gmt":"2024-08-05T20:43:37","slug":"deodorante","status":"publish","type":"product","link":"https:\/\/lovecocoearth.com\/it\/produit\/deodorante\/","title":{"rendered":"Deodorante"},"content":{"rendered":"<p><strong>Consigli d&#8217;uso<\/strong> : Spingere leggermente il prodotto dal basso (solo la quantit\u00e0 desiderata), e applicare.<\/p>\n<p><strong>Origine <\/strong>: l&#8217;olio di jojoba si trova in California e Messico.<\/p>\n<p><strong>Composizione<\/strong>:<\/p>\n<p>Idrossido di magnesio<br \/>\nZea mays steach<br \/>\nOlio di cocco nucifera<br \/>\nOlio di Prunus amygdalus dulcia<br \/>\nCera alba<br \/>\nTocoferolo<br \/>\nMentha spicata L o linalolo<br \/>\nSalicilato di isoamile<\/p>\n","protected":false},"excerpt":{"rendered":"<p>Questo deodorante senza alluminio sar\u00e0 efficace anche contro gli odori. Olio di jojoba: regolatore ed emolliente, questo olio \u00e8 un ingrediente apprezzato per il suo tocco penetrante che non lascia una pellicola grassa. Protegge la pelle dalla disidratazione. L&#8217;idrossido di magnesio \u00e8 uno dei migliori principi attivi per i deodoranti biologici. Questo componente \u00e8 efficace nel neutralizzare gli odori, regolare la traspirazione e lasciare respirare la pelle. Burro di karit\u00e8: ricco e nutriente, protegge, ammorbidisce e ristruttura la pelle danneggiata dalla rasatura o dalla depilazione. Olio di cocco: quest&#8217;olio \u00e8 un ingrediente molto apprezzato per le sue propriet\u00e0 protettive, addolcenti ed emollienti per la pelle.<\/p>\n","protected":false},"featured_media":1730,"comment_status":"open","ping_status":"closed","template":"","meta":[],"product_brand":[],"product_cat":[179,196],"product_tag":[],"class_list":{"0":"post-3251","1":"product","2":"type-product","3":"status-publish","4":"has-post-thumbnail","6":"product_cat-liste-soins-corps-it","7":"product_cat-sapone-per-il-corpo","9":"first","10":"instock","11":"taxable","12":"shipping-taxable","13":"purchasable","14":"product-type-variable"},"yoast_head":"<title>Deodorante - Love Coco Earth I Site Officiel<\/title>\n<meta name=\"robots\" content=\"index, follow, max-snippet:-1, max-image-preview:large, max-video-preview:-1\" \/>\n<link rel=\"canonical\" href=\"https:\/\/lovecocoearth.com\/it\/produit\/deodorante\/\" \/>\n<meta property=\"og:locale\" content=\"it_IT\" \/>\n<meta property=\"og:type\" content=\"article\" \/>\n<meta property=\"og:title\" content=\"Deodorante\" \/>\n<meta property=\"og:description\" content=\"Questo deodorante senza alluminio sar\u00e0 efficace anche contro gli odori. Olio di jojoba: regolatore ed emolliente, questo olio \u00e8 un ingrediente apprezzato per il suo tocco penetrante che non lascia una pellicola grassa. Protegge la pelle dalla disidratazione. L&#039;idrossido di magnesio \u00e8 uno dei migliori principi attivi per i deodoranti biologici. Questo componente \u00e8 efficace nel neutralizzare gli odori, regolare la traspirazione e lasciare respirare la pelle. Burro di karit\u00e8: ricco e nutriente, protegge, ammorbidisce e ristruttura la pelle danneggiata dalla rasatura o dalla depilazione. Olio di cocco: quest&#039;olio \u00e8 un ingrediente molto apprezzato per le sue propriet\u00e0 protettive, addolcenti ed emollienti per la pelle.\" \/>\n<meta property=\"og:url\" content=\"https:\/\/lovecocoearth.com\/it\/produit\/deodorante\/\" \/>\n<meta property=\"og:site_name\" content=\"Love Coco Earth I Site Officiel\" \/>\n<meta property=\"article:modified_time\" content=\"2024-08-05T20:43:37+00:00\" \/>\n<meta property=\"og:image\" content=\"https:\/\/lovecocoearth.com\/wp-content\/uploads\/sites\/81\/2023\/10\/deodorant-2.jpg\" \/>\n\t<meta property=\"og:image:width\" content=\"791\" \/>\n\t<meta property=\"og:image:height\" content=\"1024\" \/>\n\t<meta property=\"og:image:type\" content=\"image\/jpeg\" \/>\n<meta name=\"twitter:card\" content=\"summary_large_image\" \/>\n<script type=\"application\/ld+json\" class=\"yoast-schema-graph\">{\"@context\":\"https:\\\/\\\/schema.org\",\"@graph\":[{\"@type\":\"WebPage\",\"@id\":\"https:\\\/\\\/lovecocoearth.com\\\/it\\\/produit\\\/deodorante\\\/\",\"url\":\"https:\\\/\\\/lovecocoearth.com\\\/it\\\/produit\\\/deodorante\\\/\",\"name\":\"Deodorante - Love Coco Earth I Site Officiel\",\"isPartOf\":{\"@id\":\"https:\\\/\\\/lovecocoearth.com\\\/#website\"},\"primaryImageOfPage\":{\"@id\":\"https:\\\/\\\/lovecocoearth.com\\\/it\\\/produit\\\/deodorante\\\/#primaryimage\"},\"image\":{\"@id\":\"https:\\\/\\\/lovecocoearth.com\\\/it\\\/produit\\\/deodorante\\\/#primaryimage\"},\"thumbnailUrl\":\"https:\\\/\\\/lovecocoearth.com\\\/wp-content\\\/uploads\\\/sites\\\/81\\\/2023\\\/10\\\/deodorant-2.jpg\",\"datePublished\":\"2023-10-05T19:37:45+00:00\",\"dateModified\":\"2024-08-05T20:43:37+00:00\",\"breadcrumb\":{\"@id\":\"https:\\\/\\\/lovecocoearth.com\\\/it\\\/produit\\\/deodorante\\\/#breadcrumb\"},\"inLanguage\":\"it-IT\",\"potentialAction\":[{\"@type\":\"ReadAction\",\"target\":[\"https:\\\/\\\/lovecocoearth.com\\\/it\\\/produit\\\/deodorante\\\/\"]}]},{\"@type\":\"ImageObject\",\"inLanguage\":\"it-IT\",\"@id\":\"https:\\\/\\\/lovecocoearth.com\\\/it\\\/produit\\\/deodorante\\\/#primaryimage\",\"url\":\"https:\\\/\\\/lovecocoearth.com\\\/wp-content\\\/uploads\\\/sites\\\/81\\\/2023\\\/10\\\/deodorant-2.jpg\",\"contentUrl\":\"https:\\\/\\\/lovecocoearth.com\\\/wp-content\\\/uploads\\\/sites\\\/81\\\/2023\\\/10\\\/deodorant-2.jpg\",\"width\":791,\"height\":1024,\"caption\":\"D\u00e9odorant pour une hygi\u00e8ne impeccable.\"},{\"@type\":\"BreadcrumbList\",\"@id\":\"https:\\\/\\\/lovecocoearth.com\\\/it\\\/produit\\\/deodorante\\\/#breadcrumb\",\"itemListElement\":[{\"@type\":\"ListItem\",\"position\":1,\"name\":\"Accueil\",\"item\":\"https:\\\/\\\/lovecocoearth.com\\\/it\\\/\"},{\"@type\":\"ListItem\",\"position\":2,\"name\":\"Boutique\",\"item\":\"https:\\\/\\\/lovecocoearth.com\\\/boutique\\\/\"},{\"@type\":\"ListItem\",\"position\":3,\"name\":\"Deodorante\"}]},{\"@type\":\"WebSite\",\"@id\":\"https:\\\/\\\/lovecocoearth.com\\\/#website\",\"url\":\"https:\\\/\\\/lovecocoearth.com\\\/\",\"name\":\"Love Coco Earth I Site Officiel\",\"description\":\"Des cosm\u00e9tiques responsables et \u00e9thiques\",\"publisher\":{\"@id\":\"https:\\\/\\\/lovecocoearth.com\\\/#organization\"},\"potentialAction\":[{\"@type\":\"SearchAction\",\"target\":{\"@type\":\"EntryPoint\",\"urlTemplate\":\"https:\\\/\\\/lovecocoearth.com\\\/?s={search_term_string}\"},\"query-input\":{\"@type\":\"PropertyValueSpecification\",\"valueRequired\":true,\"valueName\":\"search_term_string\"}}],\"inLanguage\":\"it-IT\"},{\"@type\":\"Organization\",\"@id\":\"https:\\\/\\\/lovecocoearth.com\\\/#organization\",\"name\":\"Love Coco Earth I Site Officiel\",\"url\":\"https:\\\/\\\/lovecocoearth.com\\\/\",\"logo\":{\"@type\":\"ImageObject\",\"inLanguage\":\"it-IT\",\"@id\":\"https:\\\/\\\/lovecocoearth.com\\\/#\\\/schema\\\/logo\\\/image\\\/\",\"url\":\"https:\\\/\\\/lovecocoearth.com\\\/wp-content\\\/uploads\\\/sites\\\/81\\\/2023\\\/10\\\/cropped-Logo-Love-Coco-Earth-sans-fond.png\",\"contentUrl\":\"https:\\\/\\\/lovecocoearth.com\\\/wp-content\\\/uploads\\\/sites\\\/81\\\/2023\\\/10\\\/cropped-Logo-Love-Coco-Earth-sans-fond.png\",\"width\":782,\"height\":782,\"caption\":\"Love Coco Earth I Site Officiel\"},\"image\":{\"@id\":\"https:\\\/\\\/lovecocoearth.com\\\/#\\\/schema\\\/logo\\\/image\\\/\"}}]}<\/script>","yoast_head_json":{"title":"Deodorante - Love Coco Earth I Site Officiel","robots":{"index":"index","follow":"follow","max-snippet":"max-snippet:-1","max-image-preview":"max-image-preview:large","max-video-preview":"max-video-preview:-1"},"canonical":"https:\/\/lovecocoearth.com\/it\/produit\/deodorante\/","og_locale":"it_IT","og_type":"article","og_title":"Deodorante","og_description":"Questo deodorante senza alluminio sar\u00e0 efficace anche contro gli odori. Olio di jojoba: regolatore ed emolliente, questo olio \u00e8 un ingrediente apprezzato per il suo tocco penetrante che non lascia una pellicola grassa. Protegge la pelle dalla disidratazione. L'idrossido di magnesio \u00e8 uno dei migliori principi attivi per i deodoranti biologici. Questo componente \u00e8 efficace nel neutralizzare gli odori, regolare la traspirazione e lasciare respirare la pelle. Burro di karit\u00e8: ricco e nutriente, protegge, ammorbidisce e ristruttura la pelle danneggiata dalla rasatura o dalla depilazione. Olio di cocco: quest'olio \u00e8 un ingrediente molto apprezzato per le sue propriet\u00e0 protettive, addolcenti ed emollienti per la pelle.","og_url":"https:\/\/lovecocoearth.com\/it\/produit\/deodorante\/","og_site_name":"Love Coco Earth I Site Officiel","article_modified_time":"2024-08-05T20:43:37+00:00","og_image":[{"width":791,"height":1024,"url":"https:\/\/lovecocoearth.com\/wp-content\/uploads\/sites\/81\/2023\/10\/deodorant-2.jpg","type":"image\/jpeg"}],"twitter_card":"summary_large_image","schema":{"@context":"https:\/\/schema.org","@graph":[{"@type":"WebPage","@id":"https:\/\/lovecocoearth.com\/it\/produit\/deodorante\/","url":"https:\/\/lovecocoearth.com\/it\/produit\/deodorante\/","name":"Deodorante - Love Coco Earth I Site Officiel","isPartOf":{"@id":"https:\/\/lovecocoearth.com\/#website"},"primaryImageOfPage":{"@id":"https:\/\/lovecocoearth.com\/it\/produit\/deodorante\/#primaryimage"},"image":{"@id":"https:\/\/lovecocoearth.com\/it\/produit\/deodorante\/#primaryimage"},"thumbnailUrl":"https:\/\/lovecocoearth.com\/wp-content\/uploads\/sites\/81\/2023\/10\/deodorant-2.jpg","datePublished":"2023-10-05T19:37:45+00:00","dateModified":"2024-08-05T20:43:37+00:00","breadcrumb":{"@id":"https:\/\/lovecocoearth.com\/it\/produit\/deodorante\/#breadcrumb"},"inLanguage":"it-IT","potentialAction":[{"@type":"ReadAction","target":["https:\/\/lovecocoearth.com\/it\/produit\/deodorante\/"]}]},{"@type":"ImageObject","inLanguage":"it-IT","@id":"https:\/\/lovecocoearth.com\/it\/produit\/deodorante\/#primaryimage","url":"https:\/\/lovecocoearth.com\/wp-content\/uploads\/sites\/81\/2023\/10\/deodorant-2.jpg","contentUrl":"https:\/\/lovecocoearth.com\/wp-content\/uploads\/sites\/81\/2023\/10\/deodorant-2.jpg","width":791,"height":1024,"caption":"D\u00e9odorant pour une hygi\u00e8ne impeccable."},{"@type":"BreadcrumbList","@id":"https:\/\/lovecocoearth.com\/it\/produit\/deodorante\/#breadcrumb","itemListElement":[{"@type":"ListItem","position":1,"name":"Accueil","item":"https:\/\/lovecocoearth.com\/it\/"},{"@type":"ListItem","position":2,"name":"Boutique","item":"https:\/\/lovecocoearth.com\/boutique\/"},{"@type":"ListItem","position":3,"name":"Deodorante"}]},{"@type":"WebSite","@id":"https:\/\/lovecocoearth.com\/#website","url":"https:\/\/lovecocoearth.com\/","name":"Love Coco Earth I Site Officiel","description":"Des cosm\u00e9tiques responsables et \u00e9thiques","publisher":{"@id":"https:\/\/lovecocoearth.com\/#organization"},"potentialAction":[{"@type":"SearchAction","target":{"@type":"EntryPoint","urlTemplate":"https:\/\/lovecocoearth.com\/?s={search_term_string}"},"query-input":{"@type":"PropertyValueSpecification","valueRequired":true,"valueName":"search_term_string"}}],"inLanguage":"it-IT"},{"@type":"Organization","@id":"https:\/\/lovecocoearth.com\/#organization","name":"Love Coco Earth I Site Officiel","url":"https:\/\/lovecocoearth.com\/","logo":{"@type":"ImageObject","inLanguage":"it-IT","@id":"https:\/\/lovecocoearth.com\/#\/schema\/logo\/image\/","url":"https:\/\/lovecocoearth.com\/wp-content\/uploads\/sites\/81\/2023\/10\/cropped-Logo-Love-Coco-Earth-sans-fond.png","contentUrl":"https:\/\/lovecocoearth.com\/wp-content\/uploads\/sites\/81\/2023\/10\/cropped-Logo-Love-Coco-Earth-sans-fond.png","width":782,"height":782,"caption":"Love Coco Earth I Site Officiel"},"image":{"@id":"https:\/\/lovecocoearth.com\/#\/schema\/logo\/image\/"}}]}},"_links":{"self":[{"href":"https:\/\/lovecocoearth.com\/it\/wp-json\/wp\/v2\/product\/3251","targetHints":{"allow":["GET"]}}],"collection":[{"href":"https:\/\/lovecocoearth.com\/it\/wp-json\/wp\/v2\/product"}],"about":[{"href":"https:\/\/lovecocoearth.com\/it\/wp-json\/wp\/v2\/types\/product"}],"replies":[{"embeddable":true,"href":"https:\/\/lovecocoearth.com\/it\/wp-json\/wp\/v2\/comments?post=3251"}],"wp:featuredmedia":[{"embeddable":true,"href":"https:\/\/lovecocoearth.com\/it\/wp-json\/wp\/v2\/media\/1730"}],"wp:attachment":[{"href":"https:\/\/lovecocoearth.com\/it\/wp-json\/wp\/v2\/media?parent=3251"}],"wp:term":[{"taxonomy":"product_brand","embeddable":true,"href":"https:\/\/lovecocoearth.com\/it\/wp-json\/wp\/v2\/product_brand?post=3251"},{"taxonomy":"product_cat","embeddable":true,"href":"https:\/\/lovecocoearth.com\/it\/wp-json\/wp\/v2\/product_cat?post=3251"},{"taxonomy":"product_tag","embeddable":true,"href":"https:\/\/lovecocoearth.com\/it\/wp-json\/wp\/v2\/product_tag?post=3251"}],"curies":[{"name":"wp","href":"https:\/\/api.w.org\/{rel}","templated":true}]}}