{"id":3249,"date":"2023-10-05T21:39:58","date_gmt":"2023-10-05T19:39:58","guid":{"rendered":"https:\/\/lovecocoearth.com\/produit\/candela-da-massaggio\/"},"modified":"2024-08-05T22:36:03","modified_gmt":"2024-08-05T20:36:03","slug":"candela-da-massaggio","status":"publish","type":"product","link":"https:\/\/lovecocoearth.com\/it\/produit\/candela-da-massaggio\/","title":{"rendered":"Candela Da Massaggio"},"content":{"rendered":"<p><strong>Istruzioni per l&#8217;uso<\/strong> : Una candela dovrebbe bruciare tra 1 ora e 3 ore al massimo. Dopo 3 ore, il cervello registra l&#8217;odore e non sentiamo pi\u00f9 la fragranza. Per un massaggio: accendi la candela. Quando si forma la pozza, spegni la candela. Aspettate che si raffreddi un po&#8217; per non scottarvi e massaggiatevi con la cera tiepida raccolta. Molto utile per dolori muscolari e\/o articolari.<\/p>\n<p><strong>Origine <\/strong>: la cera di soia si trova in Sud America ed Europa.<\/p>\n<p><strong>Composizione<\/strong>:<\/p>\n<p>Olio di soia idrogenato<br \/>\nFragranza: cumarina<\/p>\n","protected":false},"excerpt":{"rendered":"<p>Le candele d&#8217;ambiente e da massaggio sono realizzate al 100% con cera vegetale biologica. Ogni candela ha una durata di combustione di circa 40 ore. Non rilasciano ftalati n\u00e9 CMR. La fragranza \u00e8 prodotta nel modo pi\u00f9 naturale possibile.<\/p>\n<p>Peso: 180 g<\/p>\n","protected":false},"featured_media":1723,"comment_status":"open","ping_status":"closed","template":"","meta":[],"product_brand":[],"product_cat":[179,196],"product_tag":[],"class_list":{"0":"post-3249","1":"product","2":"type-product","3":"status-publish","4":"has-post-thumbnail","6":"product_cat-liste-soins-corps-it","7":"product_cat-sapone-per-il-corpo","9":"first","10":"instock","11":"taxable","12":"shipping-taxable","13":"purchasable","14":"product-type-variable"},"yoast_head":"<title>Candela Da Massaggio - Love Coco Earth I Site Officiel<\/title>\n<meta name=\"robots\" content=\"index, follow, max-snippet:-1, max-image-preview:large, max-video-preview:-1\" \/>\n<link rel=\"canonical\" href=\"https:\/\/lovecocoearth.com\/it\/produit\/candela-da-massaggio\/\" \/>\n<meta property=\"og:locale\" content=\"it_IT\" \/>\n<meta property=\"og:type\" content=\"article\" \/>\n<meta property=\"og:title\" content=\"Candela Da Massaggio\" \/>\n<meta property=\"og:description\" content=\"Le candele d&#039;ambiente e da massaggio sono realizzate al 100% con cera vegetale biologica. Ogni candela ha una durata di combustione di circa 40 ore. Non rilasciano ftalati n\u00e9 CMR. La fragranza \u00e8 prodotta nel modo pi\u00f9 naturale possibile.  Peso: 180 g\" \/>\n<meta property=\"og:url\" content=\"https:\/\/lovecocoearth.com\/it\/produit\/candela-da-massaggio\/\" \/>\n<meta property=\"og:site_name\" content=\"Love Coco Earth I Site Officiel\" \/>\n<meta property=\"article:modified_time\" content=\"2024-08-05T20:36:03+00:00\" \/>\n<meta property=\"og:image\" content=\"https:\/\/lovecocoearth.com\/wp-content\/uploads\/sites\/81\/2023\/10\/bougie-de-massage.jpg\" \/>\n\t<meta property=\"og:image:width\" content=\"791\" \/>\n\t<meta property=\"og:image:height\" content=\"1024\" \/>\n\t<meta property=\"og:image:type\" content=\"image\/jpeg\" \/>\n<meta name=\"twitter:card\" content=\"summary_large_image\" \/>\n<script type=\"application\/ld+json\" class=\"yoast-schema-graph\">{\"@context\":\"https:\\\/\\\/schema.org\",\"@graph\":[{\"@type\":\"WebPage\",\"@id\":\"https:\\\/\\\/lovecocoearth.com\\\/it\\\/produit\\\/candela-da-massaggio\\\/\",\"url\":\"https:\\\/\\\/lovecocoearth.com\\\/it\\\/produit\\\/candela-da-massaggio\\\/\",\"name\":\"Candela Da Massaggio - Love Coco Earth I Site Officiel\",\"isPartOf\":{\"@id\":\"https:\\\/\\\/lovecocoearth.com\\\/#website\"},\"primaryImageOfPage\":{\"@id\":\"https:\\\/\\\/lovecocoearth.com\\\/it\\\/produit\\\/candela-da-massaggio\\\/#primaryimage\"},\"image\":{\"@id\":\"https:\\\/\\\/lovecocoearth.com\\\/it\\\/produit\\\/candela-da-massaggio\\\/#primaryimage\"},\"thumbnailUrl\":\"https:\\\/\\\/lovecocoearth.com\\\/wp-content\\\/uploads\\\/sites\\\/81\\\/2023\\\/10\\\/bougie-de-massage.jpg\",\"datePublished\":\"2023-10-05T19:39:58+00:00\",\"dateModified\":\"2024-08-05T20:36:03+00:00\",\"breadcrumb\":{\"@id\":\"https:\\\/\\\/lovecocoearth.com\\\/it\\\/produit\\\/candela-da-massaggio\\\/#breadcrumb\"},\"inLanguage\":\"it-IT\",\"potentialAction\":[{\"@type\":\"ReadAction\",\"target\":[\"https:\\\/\\\/lovecocoearth.com\\\/it\\\/produit\\\/candela-da-massaggio\\\/\"]}]},{\"@type\":\"ImageObject\",\"inLanguage\":\"it-IT\",\"@id\":\"https:\\\/\\\/lovecocoearth.com\\\/it\\\/produit\\\/candela-da-massaggio\\\/#primaryimage\",\"url\":\"https:\\\/\\\/lovecocoearth.com\\\/wp-content\\\/uploads\\\/sites\\\/81\\\/2023\\\/10\\\/bougie-de-massage.jpg\",\"contentUrl\":\"https:\\\/\\\/lovecocoearth.com\\\/wp-content\\\/uploads\\\/sites\\\/81\\\/2023\\\/10\\\/bougie-de-massage.jpg\",\"width\":791,\"height\":1024},{\"@type\":\"BreadcrumbList\",\"@id\":\"https:\\\/\\\/lovecocoearth.com\\\/it\\\/produit\\\/candela-da-massaggio\\\/#breadcrumb\",\"itemListElement\":[{\"@type\":\"ListItem\",\"position\":1,\"name\":\"Accueil\",\"item\":\"https:\\\/\\\/lovecocoearth.com\\\/it\\\/\"},{\"@type\":\"ListItem\",\"position\":2,\"name\":\"Boutique\",\"item\":\"https:\\\/\\\/lovecocoearth.com\\\/boutique\\\/\"},{\"@type\":\"ListItem\",\"position\":3,\"name\":\"Candela Da Massaggio\"}]},{\"@type\":\"WebSite\",\"@id\":\"https:\\\/\\\/lovecocoearth.com\\\/#website\",\"url\":\"https:\\\/\\\/lovecocoearth.com\\\/\",\"name\":\"Love Coco Earth I Site Officiel\",\"description\":\"Des cosm\u00e9tiques responsables et \u00e9thiques\",\"publisher\":{\"@id\":\"https:\\\/\\\/lovecocoearth.com\\\/#organization\"},\"potentialAction\":[{\"@type\":\"SearchAction\",\"target\":{\"@type\":\"EntryPoint\",\"urlTemplate\":\"https:\\\/\\\/lovecocoearth.com\\\/?s={search_term_string}\"},\"query-input\":{\"@type\":\"PropertyValueSpecification\",\"valueRequired\":true,\"valueName\":\"search_term_string\"}}],\"inLanguage\":\"it-IT\"},{\"@type\":\"Organization\",\"@id\":\"https:\\\/\\\/lovecocoearth.com\\\/#organization\",\"name\":\"Love Coco Earth I Site Officiel\",\"url\":\"https:\\\/\\\/lovecocoearth.com\\\/\",\"logo\":{\"@type\":\"ImageObject\",\"inLanguage\":\"it-IT\",\"@id\":\"https:\\\/\\\/lovecocoearth.com\\\/#\\\/schema\\\/logo\\\/image\\\/\",\"url\":\"https:\\\/\\\/lovecocoearth.com\\\/wp-content\\\/uploads\\\/sites\\\/81\\\/2023\\\/10\\\/cropped-Logo-Love-Coco-Earth-sans-fond.png\",\"contentUrl\":\"https:\\\/\\\/lovecocoearth.com\\\/wp-content\\\/uploads\\\/sites\\\/81\\\/2023\\\/10\\\/cropped-Logo-Love-Coco-Earth-sans-fond.png\",\"width\":782,\"height\":782,\"caption\":\"Love Coco Earth I Site Officiel\"},\"image\":{\"@id\":\"https:\\\/\\\/lovecocoearth.com\\\/#\\\/schema\\\/logo\\\/image\\\/\"}}]}<\/script>","yoast_head_json":{"title":"Candela Da Massaggio - Love Coco Earth I Site Officiel","robots":{"index":"index","follow":"follow","max-snippet":"max-snippet:-1","max-image-preview":"max-image-preview:large","max-video-preview":"max-video-preview:-1"},"canonical":"https:\/\/lovecocoearth.com\/it\/produit\/candela-da-massaggio\/","og_locale":"it_IT","og_type":"article","og_title":"Candela Da Massaggio","og_description":"Le candele d'ambiente e da massaggio sono realizzate al 100% con cera vegetale biologica. Ogni candela ha una durata di combustione di circa 40 ore. Non rilasciano ftalati n\u00e9 CMR. La fragranza \u00e8 prodotta nel modo pi\u00f9 naturale possibile.  Peso: 180 g","og_url":"https:\/\/lovecocoearth.com\/it\/produit\/candela-da-massaggio\/","og_site_name":"Love Coco Earth I Site Officiel","article_modified_time":"2024-08-05T20:36:03+00:00","og_image":[{"width":791,"height":1024,"url":"https:\/\/lovecocoearth.com\/wp-content\/uploads\/sites\/81\/2023\/10\/bougie-de-massage.jpg","type":"image\/jpeg"}],"twitter_card":"summary_large_image","schema":{"@context":"https:\/\/schema.org","@graph":[{"@type":"WebPage","@id":"https:\/\/lovecocoearth.com\/it\/produit\/candela-da-massaggio\/","url":"https:\/\/lovecocoearth.com\/it\/produit\/candela-da-massaggio\/","name":"Candela Da Massaggio - Love Coco Earth I Site Officiel","isPartOf":{"@id":"https:\/\/lovecocoearth.com\/#website"},"primaryImageOfPage":{"@id":"https:\/\/lovecocoearth.com\/it\/produit\/candela-da-massaggio\/#primaryimage"},"image":{"@id":"https:\/\/lovecocoearth.com\/it\/produit\/candela-da-massaggio\/#primaryimage"},"thumbnailUrl":"https:\/\/lovecocoearth.com\/wp-content\/uploads\/sites\/81\/2023\/10\/bougie-de-massage.jpg","datePublished":"2023-10-05T19:39:58+00:00","dateModified":"2024-08-05T20:36:03+00:00","breadcrumb":{"@id":"https:\/\/lovecocoearth.com\/it\/produit\/candela-da-massaggio\/#breadcrumb"},"inLanguage":"it-IT","potentialAction":[{"@type":"ReadAction","target":["https:\/\/lovecocoearth.com\/it\/produit\/candela-da-massaggio\/"]}]},{"@type":"ImageObject","inLanguage":"it-IT","@id":"https:\/\/lovecocoearth.com\/it\/produit\/candela-da-massaggio\/#primaryimage","url":"https:\/\/lovecocoearth.com\/wp-content\/uploads\/sites\/81\/2023\/10\/bougie-de-massage.jpg","contentUrl":"https:\/\/lovecocoearth.com\/wp-content\/uploads\/sites\/81\/2023\/10\/bougie-de-massage.jpg","width":791,"height":1024},{"@type":"BreadcrumbList","@id":"https:\/\/lovecocoearth.com\/it\/produit\/candela-da-massaggio\/#breadcrumb","itemListElement":[{"@type":"ListItem","position":1,"name":"Accueil","item":"https:\/\/lovecocoearth.com\/it\/"},{"@type":"ListItem","position":2,"name":"Boutique","item":"https:\/\/lovecocoearth.com\/boutique\/"},{"@type":"ListItem","position":3,"name":"Candela Da Massaggio"}]},{"@type":"WebSite","@id":"https:\/\/lovecocoearth.com\/#website","url":"https:\/\/lovecocoearth.com\/","name":"Love Coco Earth I Site Officiel","description":"Des cosm\u00e9tiques responsables et \u00e9thiques","publisher":{"@id":"https:\/\/lovecocoearth.com\/#organization"},"potentialAction":[{"@type":"SearchAction","target":{"@type":"EntryPoint","urlTemplate":"https:\/\/lovecocoearth.com\/?s={search_term_string}"},"query-input":{"@type":"PropertyValueSpecification","valueRequired":true,"valueName":"search_term_string"}}],"inLanguage":"it-IT"},{"@type":"Organization","@id":"https:\/\/lovecocoearth.com\/#organization","name":"Love Coco Earth I Site Officiel","url":"https:\/\/lovecocoearth.com\/","logo":{"@type":"ImageObject","inLanguage":"it-IT","@id":"https:\/\/lovecocoearth.com\/#\/schema\/logo\/image\/","url":"https:\/\/lovecocoearth.com\/wp-content\/uploads\/sites\/81\/2023\/10\/cropped-Logo-Love-Coco-Earth-sans-fond.png","contentUrl":"https:\/\/lovecocoearth.com\/wp-content\/uploads\/sites\/81\/2023\/10\/cropped-Logo-Love-Coco-Earth-sans-fond.png","width":782,"height":782,"caption":"Love Coco Earth I Site Officiel"},"image":{"@id":"https:\/\/lovecocoearth.com\/#\/schema\/logo\/image\/"}}]}},"_links":{"self":[{"href":"https:\/\/lovecocoearth.com\/it\/wp-json\/wp\/v2\/product\/3249","targetHints":{"allow":["GET"]}}],"collection":[{"href":"https:\/\/lovecocoearth.com\/it\/wp-json\/wp\/v2\/product"}],"about":[{"href":"https:\/\/lovecocoearth.com\/it\/wp-json\/wp\/v2\/types\/product"}],"replies":[{"embeddable":true,"href":"https:\/\/lovecocoearth.com\/it\/wp-json\/wp\/v2\/comments?post=3249"}],"wp:featuredmedia":[{"embeddable":true,"href":"https:\/\/lovecocoearth.com\/it\/wp-json\/wp\/v2\/media\/1723"}],"wp:attachment":[{"href":"https:\/\/lovecocoearth.com\/it\/wp-json\/wp\/v2\/media?parent=3249"}],"wp:term":[{"taxonomy":"product_brand","embeddable":true,"href":"https:\/\/lovecocoearth.com\/it\/wp-json\/wp\/v2\/product_brand?post=3249"},{"taxonomy":"product_cat","embeddable":true,"href":"https:\/\/lovecocoearth.com\/it\/wp-json\/wp\/v2\/product_cat?post=3249"},{"taxonomy":"product_tag","embeddable":true,"href":"https:\/\/lovecocoearth.com\/it\/wp-json\/wp\/v2\/product_tag?post=3249"}],"curies":[{"name":"wp","href":"https:\/\/api.w.org\/{rel}","templated":true}]}}