{"id":3198,"date":"2023-10-05T15:04:17","date_gmt":"2023-10-05T13:04:17","guid":{"rendered":"https:\/\/lovecocoearth.com\/avviso-legale\/"},"modified":"2024-08-04T20:13:42","modified_gmt":"2024-08-04T18:13:42","slug":"avviso-legale","status":"publish","type":"page","link":"https:\/\/lovecocoearth.com\/it\/avviso-legale\/","title":{"rendered":"Avviso legale"},"content":{"rendered":"\t\t<div data-elementor-type=\"wp-page\" data-elementor-id=\"3198\" class=\"elementor elementor-3198\" data-elementor-settings=\"{&quot;ha_cmc_init_switcher&quot;:&quot;no&quot;}\" data-elementor-post-type=\"page\">\n\t\t\t\t\t\t<section class=\"elementor-section elementor-top-section elementor-element elementor-element-af39fec elementor-section-boxed elementor-section-height-default elementor-section-height-default\" data-id=\"af39fec\" data-element_type=\"section\" data-settings=\"{&quot;background_background&quot;:&quot;classic&quot;,&quot;background_motion_fx_motion_fx_scrolling&quot;:&quot;yes&quot;,&quot;background_motion_fx_translateY_effect&quot;:&quot;yes&quot;,&quot;background_motion_fx_translateY_speed&quot;:{&quot;unit&quot;:&quot;px&quot;,&quot;size&quot;:4,&quot;sizes&quot;:[]},&quot;background_motion_fx_translateY_affectedRange&quot;:{&quot;unit&quot;:&quot;%&quot;,&quot;size&quot;:&quot;&quot;,&quot;sizes&quot;:{&quot;start&quot;:0,&quot;end&quot;:100}},&quot;background_motion_fx_devices&quot;:[&quot;desktop&quot;,&quot;tablet&quot;,&quot;mobile&quot;],&quot;_ha_eqh_enable&quot;:false}\">\n\t\t\t\t\t\t<div class=\"elementor-container elementor-column-gap-default\">\n\t\t\t\t\t<div class=\"elementor-column elementor-col-100 elementor-top-column elementor-element elementor-element-fd86867\" data-id=\"fd86867\" data-element_type=\"column\">\n\t\t\t<div class=\"elementor-widget-wrap elementor-element-populated\">\n\t\t\t\t\t\t<div class=\"elementor-element elementor-element-2a2fa16 elementor-widget elementor-widget-heading\" data-id=\"2a2fa16\" data-element_type=\"widget\" data-widget_type=\"heading.default\">\n\t\t\t\t<div class=\"elementor-widget-container\">\n\t\t\t\t\t<h2 class=\"elementor-heading-title elementor-size-default\">Avviso legale<\/h2>\t\t\t\t<\/div>\n\t\t\t\t<\/div>\n\t\t\t\t\t<\/div>\n\t\t<\/div>\n\t\t\t\t\t<\/div>\n\t\t<\/section>\n\t\t\t\t<section class=\"elementor-section elementor-top-section elementor-element elementor-element-97b38e0 elementor-section-height-min-height elementor-section-items-top elementor-section-boxed elementor-section-height-default\" data-id=\"97b38e0\" data-element_type=\"section\" data-settings=\"{&quot;_ha_eqh_enable&quot;:false}\">\n\t\t\t\t\t\t<div class=\"elementor-container elementor-column-gap-default\">\n\t\t\t\t\t<div class=\"elementor-column elementor-col-100 elementor-top-column elementor-element elementor-element-3090b53\" data-id=\"3090b53\" data-element_type=\"column\">\n\t\t\t<div class=\"elementor-widget-wrap elementor-element-populated\">\n\t\t\t\t\t\t<section class=\"elementor-section elementor-inner-section elementor-element elementor-element-70cac7a elementor-section-content-middle elementor-section-full_width elementor-section-height-default elementor-section-height-default\" data-id=\"70cac7a\" data-element_type=\"section\" data-settings=\"{&quot;background_background&quot;:&quot;classic&quot;,&quot;_ha_eqh_enable&quot;:false}\">\n\t\t\t\t\t\t<div class=\"elementor-container elementor-column-gap-default\">\n\t\t\t\t\t<div class=\"elementor-column elementor-col-100 elementor-inner-column elementor-element elementor-element-ae0c37d\" data-id=\"ae0c37d\" data-element_type=\"column\">\n\t\t\t<div class=\"elementor-widget-wrap elementor-element-populated\">\n\t\t\t\t\t\t<div class=\"elementor-element elementor-element-6f27c84 elementor-widget elementor-widget-text-editor\" data-id=\"6f27c84\" data-element_type=\"widget\" data-widget_type=\"text-editor.default\">\n\t\t\t\t<div class=\"elementor-widget-container\">\n\t\t\t\t\t\t\t\t\t<p>Commenti<br \/>Quando lasci un commento sul nostro sito, i dati inseriti nel modulo dei commenti, ma anche il tuo indirizzo IP e lo user agent del tuo browser vengono raccolti per aiutarci a rilevare i commenti indesiderati.<\/p>\n<p>Una stringa anonima creata dal tuo indirizzo email (chiamata anche hash) pu\u00f2 essere inviata al servizio Gravatar per verificare se lo stai utilizzando. Le disposizioni sulla riservatezza del servizio Gravatar sono disponibili qui: https:\/\/automattic.com\/privacy\/. Dopo la convalida del tuo commento, la foto del tuo profilo sar\u00e0 visibile pubblicamente accanto al tuo commento.<\/p>\n<p>Media<br \/>Se carichi immagini sul Sito, ti consigliamo di evitare di caricare immagini che contengono dati di coordinate GPS EXIF. Le persone che visitano il tuo sito possono scaricare ed estrarre dati sulla posizione da queste immagini.<\/p>\n<p>Biscotti<br \/>Se lasci un commento sul nostro sito, ti verr\u00e0 chiesto di salvare il tuo nome, indirizzo email e sito web nei cookie. Questo \u00e8 solo per la tua comodit\u00e0 in modo che tu non debba inserire queste informazioni se lasci un altro commento in seguito. Questi cookie scadono dopo un anno.<\/p>\n<p>Se vai alla pagina di accesso, verr\u00e0 creato un cookie temporaneo per determinare se il tuo browser accetta i cookie. Non contiene dati personali e verr\u00e0 cancellato automaticamente alla chiusura del browser.<\/p>\n<p><br data-mce-bogus=\"1\"><\/p>\n<p>Quando accedi, imposteremo una serie di cookie per salvare le tue informazioni di accesso e le preferenze dello schermo. La durata di un cookie di connessione \u00e8 di due giorni, quella di un cookie di opzione dello schermo \u00e8 di un anno. Se selezioni \u201cRicordami\u201d, il tuo cookie di accesso verr\u00e0 conservato per due settimane. Se esci dal tuo account, il cookie di accesso verr\u00e0 eliminato.<\/p>\n<p>Modificando o pubblicando un post, un cookie aggiuntivo verr\u00e0 memorizzato nel tuo browser. Questo cookie non include alcun dato personale. Mostra semplicemente l&#8217;ID del post che hai appena modificato. Scade dopo un giorno.<\/p>\n<p>Identificare<br \/>Nome del sito web: LOVE COCO EARTH<br \/>Indirizzo del sito web: https:\/\/lovecocoearth.com\/<br \/>Proprietario del sito web: Teddy BELGRAIN<br \/>Responsabile della pubblicazione: Teddy BELGRAIN<br \/>Note legali riguardanti il \u200b\u200bproprietario del sito<br \/>Nome dell&#8217;azienda: LOVE COCO EARTH<br \/>Direttore: Teddy BELGRAIN<br \/>Forma giuridica: ditta individuale<br \/>Numero SIRET: 91929947900015<br \/>Sede: CHEMIN DE BRAGELOGNE SURGY 97180 SAINTE-ANNE<br \/>Numero di telefono: 0690 92 33 31<\/p>\n<p>Avvisi legali riguardanti l&#8217;editore del sito<br \/>Nome dell&#8217;azienda: Ardenoy Consulting<br \/>Forma giuridica: SASU<br \/>Capitale sociale: 10.000 euro<br \/>Numero SIRET: 83884665700016<br \/>Numero RCS: Point-a-Pitre B 838 846 657<br \/>Sede: Boite B32 Bourguignon 97139 \u2013 Les Abymes<br \/>Numero di telefono: 0690 17 16 45<br \/>Indirizzo e-mail: contact@jpardenoy.com<br \/>Sito web: https:\/\/jpardenoy.com\/<br \/>Note legali riguardanti l&#8217;hosting<br \/>Nome host: OVHcloud<br \/>Codice APE: 2620Z<br \/>Partita IVA: FR 22 424 761 419<br \/>Denominazione azienda: Societ\u00e0 estera iscritta alla RCS<br \/>Sede legale: 2 rue Kellermann \u2013 59100 Roubaix \u2013 Francia<br \/>Numero di telefono: 1004<br \/>Informazioni tecniche<br \/>Si prega di notare che la segretezza della corrispondenza non \u00e8 garantita su Internet e che spetta a ciascun utente di Internet adottare tutte le misure appropriate per proteggere i propri dati e\/o software da eventuali virus informatici che circolano su Internet.<\/p>\n<p>Termini di utilizzo<br \/>L&#8217;utilizzo di questo sito implica la integrale accettazione delle \u201cCondizioni Generali d&#8217;Uso\u201d. Le presenti condizioni d&#8217;uso potranno essere modificate o integrate in qualsiasi momento.<\/p>\n<p>Dati personali<br \/>Qualsiasi utente ha diritto di accesso, rettifica e opposizione ai dati personali che lo riguardano, presentando una richiesta scritta e firmata, accompagnata da un documento di identit\u00e0. Per maggiori informazioni sul trattamento dei dati personali, e per esercitare i tuoi diritti, sei invitato a consultare la nostra \u201cPrivacy Policy\u201d. Per maggiori informazioni sull\u2019utilizzo dei cookie ti invitiamo a consultare la nostra \u201cCookie Policy\u201d. Per qualsiasi domanda o problema riguardante la nostra politica sulla privacy, ti preghiamo di contattarci tramite il seguente indirizzo: love.coco.earth@gmail.com<\/p>\n<p>Collegamenti ipertestuali<br \/>La creazione di collegamenti ipertestuali al sito https:\/\/lovecocoearth.com\/ \u00e8 soggetta al previo accordo del Direttore della pubblicazione. I collegamenti ipertestuali stabiliti verso altri siti dal sito https:\/\/lovecocoearth.com\/ non possono, in nessun caso, impegnare la responsabilit\u00e0 di LOVE COCO EARTH.<\/p>\n<p>Diritto d&#8217;autore<br \/>Salvo diversa indicazione, tutti gli elementi accessibili sul sito (testi, immagini, grafica, logo, icone, suoni, software, ecc.) restano di propriet\u00e0 esclusiva dei loro autori, per quanto riguarda i diritti di propriet\u00e0 intellettuale o i diritti d&#8217;autore. La riproduzione o rappresentazione, totale o parziale, delle pagine, dei dati e di qualsiasi altro elemento costituente il sito https:\/\/lovecocoearth.com\/, mediante qualsiasi procedimento o mezzo, \u00e8 vietata e costituisce senza autorizzazione dell&#8217;editore una contraffazione . I marchi ed i loghi riprodotti sul sito sono registrati dalle societ\u00e0 titolari.<\/p>\n<p>Crediti<br \/>&lt; crediti fotografici, icone, ecc. &gt;<\/p>\n<p><br data-mce-bogus=\"1\"><\/p>\n\t\t\t\t\t\t\t\t<\/div>\n\t\t\t\t<\/div>\n\t\t\t\t\t<\/div>\n\t\t<\/div>\n\t\t\t\t\t<\/div>\n\t\t<\/section>\n\t\t\t\t\t<\/div>\n\t\t<\/div>\n\t\t\t\t\t<\/div>\n\t\t<\/section>\n\t\t\t\t<\/div>\n\t\t","protected":false},"excerpt":{"rendered":"<p>Avviso legale CommentiQuando lasci un commento sul nostro sito, i dati inseriti nel modulo dei commenti, ma anche il tuo indirizzo IP e lo user agent del tuo browser vengono raccolti per aiutarci a rilevare i commenti indesiderati. Una stringa anonima creata dal tuo indirizzo email (chiamata anche hash) pu\u00f2 essere inviata al servizio Gravatar [&hellip;]<\/p>\n","protected":false},"author":3,"featured_media":0,"parent":0,"menu_order":0,"comment_status":"closed","ping_status":"closed","template":"elementor_header_footer","meta":{"footnotes":""},"class_list":["post-3198","page","type-page","status-publish","hentry"],"yoast_head":"<title>Avviso legale - Love Coco Earth I Site Officiel<\/title>\n<meta name=\"robots\" content=\"index, follow, max-snippet:-1, max-image-preview:large, max-video-preview:-1\" \/>\n<link rel=\"canonical\" href=\"https:\/\/lovecocoearth.com\/mentions-legales\/\" \/>\n<meta property=\"og:locale\" content=\"it_IT\" \/>\n<meta property=\"og:type\" content=\"article\" \/>\n<meta property=\"og:title\" content=\"Avviso legale\" \/>\n<meta property=\"og:description\" content=\"Avviso legale CommentiQuando lasci un commento sul nostro sito, i dati inseriti nel modulo dei commenti, ma anche il tuo indirizzo IP e lo user agent del tuo browser vengono raccolti per aiutarci a rilevare i commenti indesiderati. Una stringa anonima creata dal tuo indirizzo email (chiamata anche hash) pu\u00f2 essere inviata al servizio Gravatar [&hellip;]\" \/>\n<meta property=\"og:url\" content=\"https:\/\/lovecocoearth.com\/mentions-legales\/\" \/>\n<meta property=\"og:site_name\" content=\"Love Coco Earth I Site Officiel\" \/>\n<meta property=\"article:modified_time\" content=\"2024-08-04T18:13:42+00:00\" \/>\n<meta name=\"twitter:card\" content=\"summary_large_image\" \/>\n<script type=\"application\/ld+json\" class=\"yoast-schema-graph\">{\"@context\":\"https:\\\/\\\/schema.org\",\"@graph\":[{\"@type\":\"WebPage\",\"@id\":\"https:\\\/\\\/lovecocoearth.com\\\/mentions-legales\\\/\",\"url\":\"https:\\\/\\\/lovecocoearth.com\\\/mentions-legales\\\/\",\"name\":\"Avviso legale - Love Coco Earth I Site Officiel\",\"isPartOf\":{\"@id\":\"https:\\\/\\\/lovecocoearth.com\\\/#website\"},\"datePublished\":\"2023-10-05T13:04:17+00:00\",\"dateModified\":\"2024-08-04T18:13:42+00:00\",\"breadcrumb\":{\"@id\":\"https:\\\/\\\/lovecocoearth.com\\\/mentions-legales\\\/#breadcrumb\"},\"inLanguage\":\"it-IT\",\"potentialAction\":[{\"@type\":\"ReadAction\",\"target\":[\"https:\\\/\\\/lovecocoearth.com\\\/mentions-legales\\\/\"]}]},{\"@type\":\"BreadcrumbList\",\"@id\":\"https:\\\/\\\/lovecocoearth.com\\\/mentions-legales\\\/#breadcrumb\",\"itemListElement\":[{\"@type\":\"ListItem\",\"position\":1,\"name\":\"Accueil\",\"item\":\"https:\\\/\\\/lovecocoearth.com\\\/it\\\/\"},{\"@type\":\"ListItem\",\"position\":2,\"name\":\"Avviso legale\"}]},{\"@type\":\"WebSite\",\"@id\":\"https:\\\/\\\/lovecocoearth.com\\\/#website\",\"url\":\"https:\\\/\\\/lovecocoearth.com\\\/\",\"name\":\"Love Coco Earth I Site Officiel\",\"description\":\"Des cosm\u00e9tiques responsables et \u00e9thiques\",\"publisher\":{\"@id\":\"https:\\\/\\\/lovecocoearth.com\\\/#organization\"},\"potentialAction\":[{\"@type\":\"SearchAction\",\"target\":{\"@type\":\"EntryPoint\",\"urlTemplate\":\"https:\\\/\\\/lovecocoearth.com\\\/?s={search_term_string}\"},\"query-input\":{\"@type\":\"PropertyValueSpecification\",\"valueRequired\":true,\"valueName\":\"search_term_string\"}}],\"inLanguage\":\"it-IT\"},{\"@type\":\"Organization\",\"@id\":\"https:\\\/\\\/lovecocoearth.com\\\/#organization\",\"name\":\"Love Coco Earth I Site Officiel\",\"url\":\"https:\\\/\\\/lovecocoearth.com\\\/\",\"logo\":{\"@type\":\"ImageObject\",\"inLanguage\":\"it-IT\",\"@id\":\"https:\\\/\\\/lovecocoearth.com\\\/#\\\/schema\\\/logo\\\/image\\\/\",\"url\":\"https:\\\/\\\/lovecocoearth.com\\\/wp-content\\\/uploads\\\/sites\\\/81\\\/2023\\\/10\\\/cropped-Logo-Love-Coco-Earth-sans-fond.png\",\"contentUrl\":\"https:\\\/\\\/lovecocoearth.com\\\/wp-content\\\/uploads\\\/sites\\\/81\\\/2023\\\/10\\\/cropped-Logo-Love-Coco-Earth-sans-fond.png\",\"width\":782,\"height\":782,\"caption\":\"Love Coco Earth I Site Officiel\"},\"image\":{\"@id\":\"https:\\\/\\\/lovecocoearth.com\\\/#\\\/schema\\\/logo\\\/image\\\/\"}}]}<\/script>","yoast_head_json":{"title":"Avviso legale - Love Coco Earth I Site Officiel","robots":{"index":"index","follow":"follow","max-snippet":"max-snippet:-1","max-image-preview":"max-image-preview:large","max-video-preview":"max-video-preview:-1"},"canonical":"https:\/\/lovecocoearth.com\/mentions-legales\/","og_locale":"it_IT","og_type":"article","og_title":"Avviso legale","og_description":"Avviso legale CommentiQuando lasci un commento sul nostro sito, i dati inseriti nel modulo dei commenti, ma anche il tuo indirizzo IP e lo user agent del tuo browser vengono raccolti per aiutarci a rilevare i commenti indesiderati. Una stringa anonima creata dal tuo indirizzo email (chiamata anche hash) pu\u00f2 essere inviata al servizio Gravatar [&hellip;]","og_url":"https:\/\/lovecocoearth.com\/mentions-legales\/","og_site_name":"Love Coco Earth I Site Officiel","article_modified_time":"2024-08-04T18:13:42+00:00","twitter_card":"summary_large_image","schema":{"@context":"https:\/\/schema.org","@graph":[{"@type":"WebPage","@id":"https:\/\/lovecocoearth.com\/mentions-legales\/","url":"https:\/\/lovecocoearth.com\/mentions-legales\/","name":"Avviso legale - Love Coco Earth I Site Officiel","isPartOf":{"@id":"https:\/\/lovecocoearth.com\/#website"},"datePublished":"2023-10-05T13:04:17+00:00","dateModified":"2024-08-04T18:13:42+00:00","breadcrumb":{"@id":"https:\/\/lovecocoearth.com\/mentions-legales\/#breadcrumb"},"inLanguage":"it-IT","potentialAction":[{"@type":"ReadAction","target":["https:\/\/lovecocoearth.com\/mentions-legales\/"]}]},{"@type":"BreadcrumbList","@id":"https:\/\/lovecocoearth.com\/mentions-legales\/#breadcrumb","itemListElement":[{"@type":"ListItem","position":1,"name":"Accueil","item":"https:\/\/lovecocoearth.com\/it\/"},{"@type":"ListItem","position":2,"name":"Avviso legale"}]},{"@type":"WebSite","@id":"https:\/\/lovecocoearth.com\/#website","url":"https:\/\/lovecocoearth.com\/","name":"Love Coco Earth I Site Officiel","description":"Des cosm\u00e9tiques responsables et \u00e9thiques","publisher":{"@id":"https:\/\/lovecocoearth.com\/#organization"},"potentialAction":[{"@type":"SearchAction","target":{"@type":"EntryPoint","urlTemplate":"https:\/\/lovecocoearth.com\/?s={search_term_string}"},"query-input":{"@type":"PropertyValueSpecification","valueRequired":true,"valueName":"search_term_string"}}],"inLanguage":"it-IT"},{"@type":"Organization","@id":"https:\/\/lovecocoearth.com\/#organization","name":"Love Coco Earth I Site Officiel","url":"https:\/\/lovecocoearth.com\/","logo":{"@type":"ImageObject","inLanguage":"it-IT","@id":"https:\/\/lovecocoearth.com\/#\/schema\/logo\/image\/","url":"https:\/\/lovecocoearth.com\/wp-content\/uploads\/sites\/81\/2023\/10\/cropped-Logo-Love-Coco-Earth-sans-fond.png","contentUrl":"https:\/\/lovecocoearth.com\/wp-content\/uploads\/sites\/81\/2023\/10\/cropped-Logo-Love-Coco-Earth-sans-fond.png","width":782,"height":782,"caption":"Love Coco Earth I Site Officiel"},"image":{"@id":"https:\/\/lovecocoearth.com\/#\/schema\/logo\/image\/"}}]}},"_links":{"self":[{"href":"https:\/\/lovecocoearth.com\/it\/wp-json\/wp\/v2\/pages\/3198","targetHints":{"allow":["GET"]}}],"collection":[{"href":"https:\/\/lovecocoearth.com\/it\/wp-json\/wp\/v2\/pages"}],"about":[{"href":"https:\/\/lovecocoearth.com\/it\/wp-json\/wp\/v2\/types\/page"}],"author":[{"embeddable":true,"href":"https:\/\/lovecocoearth.com\/it\/wp-json\/wp\/v2\/users\/3"}],"replies":[{"embeddable":true,"href":"https:\/\/lovecocoearth.com\/it\/wp-json\/wp\/v2\/comments?post=3198"}],"version-history":[{"count":3,"href":"https:\/\/lovecocoearth.com\/it\/wp-json\/wp\/v2\/pages\/3198\/revisions"}],"predecessor-version":[{"id":3201,"href":"https:\/\/lovecocoearth.com\/it\/wp-json\/wp\/v2\/pages\/3198\/revisions\/3201"}],"wp:attachment":[{"href":"https:\/\/lovecocoearth.com\/it\/wp-json\/wp\/v2\/media?parent=3198"}],"curies":[{"name":"wp","href":"https:\/\/api.w.org\/{rel}","templated":true}]}}