{"id":3171,"date":"2023-10-05T15:04:55","date_gmt":"2023-10-05T13:04:55","guid":{"rendered":"https:\/\/lovecocoearth.com\/politiche-sulla-privacy\/"},"modified":"2024-08-04T19:59:34","modified_gmt":"2024-08-04T17:59:34","slug":"politiche-sulla-privacy","status":"publish","type":"page","link":"https:\/\/lovecocoearth.com\/it\/politiche-sulla-privacy\/","title":{"rendered":"Politiche sulla privacy"},"content":{"rendered":"\t\t<div data-elementor-type=\"wp-page\" data-elementor-id=\"3171\" class=\"elementor elementor-3171\" data-elementor-settings=\"{&quot;ha_cmc_init_switcher&quot;:&quot;no&quot;}\" data-elementor-post-type=\"page\">\n\t\t\t\t\t\t<section class=\"elementor-section elementor-top-section elementor-element elementor-element-e314298 elementor-section-boxed elementor-section-height-default elementor-section-height-default\" data-id=\"e314298\" data-element_type=\"section\" data-settings=\"{&quot;background_background&quot;:&quot;classic&quot;,&quot;background_motion_fx_motion_fx_scrolling&quot;:&quot;yes&quot;,&quot;background_motion_fx_translateY_effect&quot;:&quot;yes&quot;,&quot;background_motion_fx_translateY_speed&quot;:{&quot;unit&quot;:&quot;px&quot;,&quot;size&quot;:4,&quot;sizes&quot;:[]},&quot;background_motion_fx_translateY_affectedRange&quot;:{&quot;unit&quot;:&quot;%&quot;,&quot;size&quot;:&quot;&quot;,&quot;sizes&quot;:{&quot;start&quot;:0,&quot;end&quot;:100}},&quot;background_motion_fx_devices&quot;:[&quot;desktop&quot;,&quot;tablet&quot;,&quot;mobile&quot;],&quot;_ha_eqh_enable&quot;:false}\">\n\t\t\t\t\t\t<div class=\"elementor-container elementor-column-gap-default\">\n\t\t\t\t\t<div class=\"elementor-column elementor-col-100 elementor-top-column elementor-element elementor-element-adcc248\" data-id=\"adcc248\" data-element_type=\"column\">\n\t\t\t<div class=\"elementor-widget-wrap elementor-element-populated\">\n\t\t\t\t\t\t<div class=\"elementor-element elementor-element-2c06bcc elementor-widget elementor-widget-heading\" data-id=\"2c06bcc\" data-element_type=\"widget\" data-widget_type=\"heading.default\">\n\t\t\t\t<div class=\"elementor-widget-container\">\n\t\t\t\t\t<h2 class=\"elementor-heading-title elementor-size-default\">Politiche sulla privacy<\/h2>\t\t\t\t<\/div>\n\t\t\t\t<\/div>\n\t\t\t\t\t<\/div>\n\t\t<\/div>\n\t\t\t\t\t<\/div>\n\t\t<\/section>\n\t\t\t\t<section class=\"elementor-section elementor-top-section elementor-element elementor-element-0e1569c elementor-section-height-min-height elementor-section-items-top elementor-section-boxed elementor-section-height-default\" data-id=\"0e1569c\" data-element_type=\"section\" data-settings=\"{&quot;_ha_eqh_enable&quot;:false}\">\n\t\t\t\t\t\t<div class=\"elementor-container elementor-column-gap-default\">\n\t\t\t\t\t<div class=\"elementor-column elementor-col-100 elementor-top-column elementor-element elementor-element-6f09309\" data-id=\"6f09309\" data-element_type=\"column\">\n\t\t\t<div class=\"elementor-widget-wrap elementor-element-populated\">\n\t\t\t\t\t\t<section class=\"elementor-section elementor-inner-section elementor-element elementor-element-79484a3 elementor-section-content-middle elementor-section-full_width elementor-section-height-default elementor-section-height-default\" data-id=\"79484a3\" data-element_type=\"section\" data-settings=\"{&quot;background_background&quot;:&quot;classic&quot;,&quot;_ha_eqh_enable&quot;:false}\">\n\t\t\t\t\t\t<div class=\"elementor-container elementor-column-gap-default\">\n\t\t\t\t\t<div class=\"elementor-column elementor-col-100 elementor-inner-column elementor-element elementor-element-d0d8cb8\" data-id=\"d0d8cb8\" data-element_type=\"column\">\n\t\t\t<div class=\"elementor-widget-wrap elementor-element-populated\">\n\t\t\t\t\t\t<div class=\"elementor-element elementor-element-7fbac5a elementor-widget elementor-widget-text-editor\" data-id=\"7fbac5a\" data-element_type=\"widget\" data-widget_type=\"text-editor.default\">\n\t\t\t\t<div class=\"elementor-widget-container\">\n\t\t\t\t\t\t\t\t\t<h3>Commenti<br \/>\nQuando lasci un commento sul nostro sito, i dati inseriti nel modulo dei commenti, ma anche il tuo indirizzo IP e lo user agent del tuo browser vengono raccolti per aiutarci a rilevare i commenti indesiderati.<\/h3>\n<p>Una stringa anonima creata dal tuo indirizzo email (chiamata anche hash) pu\u00f2 essere inviata al servizio Gravatar per verificare se lo stai utilizzando. Le disposizioni sulla riservatezza del servizio Gravatar sono disponibili qui: https:\/\/automattic.com\/privacy\/. Dopo la convalida del tuo commento, la foto del tuo profilo sar\u00e0 visibile pubblicamente accanto al tuo commento.<\/p>\n<h3>Media<br \/>\nSe carichi immagini sul Sito, ti consigliamo di evitare di caricare immagini che contengono dati di coordinate GPS EXIF. Le persone che visitano il tuo sito possono scaricare ed estrarre dati sulla posizione da queste immagini.<\/h3>\n<h3>Biscotti<br \/>\nSe lasci un commento sul nostro sito, ti verr\u00e0 chiesto di salvare il tuo nome, indirizzo email e sito web nei cookie. Questo \u00e8 solo per la tua comodit\u00e0 in modo che tu non debba inserire queste informazioni se lasci un altro commento in seguito. Questi cookie scadono dopo un anno.<\/h3>\n<p>Se vai alla pagina di accesso, verr\u00e0 creato un cookie temporaneo per determinare se il tuo browser accetta i cookie. Non contiene dati personali e verr\u00e0 cancellato automaticamente alla chiusura del browser.<\/p>\n<p>Quando accedi, imposteremo una serie di cookie per salvare le tue informazioni di accesso e le preferenze dello schermo. La durata di un cookie di connessione \u00e8 di due giorni, quella di un cookie di opzione dello schermo \u00e8 di un anno. Se selezioni \u201cRicordami\u201d, il tuo cookie di accesso verr\u00e0 conservato per due settimane. Se esci dal tuo account, il cookie di accesso verr\u00e0 eliminato.<\/p>\n<p>Modificando o pubblicando un post, un cookie aggiuntivo verr\u00e0 memorizzato nel tuo browser. Questo cookie non include alcun dato personale. Mostra semplicemente l&#8217;ID del post che hai appena modificato. Scade dopo un giorno.<\/p>\n<h3>Contenuti incorporati da altri siti<br \/>\nGli articoli su questo sito possono includere contenuti incorporati (ad esempio video, immagini, articoli, ecc.). Il contenuto incorporato da altri siti si comporta come se il visitatore si recasse su quell&#8217;altro sito.<\/h3>\n<p>Questi siti Web potrebbero raccogliere dati su di te, utilizzare cookie, incorporare strumenti di tracciamento di terze parti, tracciare le tue interazioni con questo contenuto incorporato se disponi di un account collegato al loro sito Web.<\/p>\n<h3>Utilizzo e trasmissione dei tuoi dati personali<br \/>\nSe richiedi la reimpostazione della password, il tuo indirizzo IP verr\u00e0 incluso nell&#8217;e-mail di reimpostazione.<\/h3>\n<h3>Tempi di conservazione dei tuoi dati<br \/>\nSe lasci un commento, il commento e i relativi metadati vengono conservati a tempo indeterminato. Ci\u00f2 consente ai commenti successivi di essere riconosciuti e approvati automaticamente invece di lasciarli nella coda di moderazione.<\/h3>\n<p>Per gli account che si registrano sul nostro sito (se applicabile), memorizziamo anche i dati personali indicati nel loro profilo. Tutti gli account possono visualizzare, modificare o eliminare le proprie informazioni personali in qualsiasi momento (eccetto il proprio ID). I gestori del sito possono anche visualizzare e modificare queste informazioni.<\/p>\n<h3>I diritti che hai sui tuoi dati<br \/>\nSe hai un account o hai lasciato commenti sul sito, puoi richiedere di ricevere un file contenente tutti i dati personali che abbiamo su di te, compresi quelli che ci hai fornito. Puoi anche richiedere la cancellazione dei dati personali che ti riguardano. Ci\u00f2 non tiene conto dei dati archiviati per scopi amministrativi, legali o di sicurezza.<\/h3>\n<h3>Trasmissione dei tuoi dati personali<br \/>\nI commenti dei visitatori possono essere controllati utilizzando un servizio di rilevamento automatico dei commenti spam.<\/h3>\n\t\t\t\t\t\t\t\t<\/div>\n\t\t\t\t<\/div>\n\t\t\t\t\t<\/div>\n\t\t<\/div>\n\t\t\t\t\t<\/div>\n\t\t<\/section>\n\t\t\t\t\t<\/div>\n\t\t<\/div>\n\t\t\t\t\t<\/div>\n\t\t<\/section>\n\t\t\t\t<\/div>\n\t\t","protected":false},"excerpt":{"rendered":"<p>\/*! elementor &#8211; v3.23.0 &#8211; 25-07-2024 *\/ .elementor-heading-title{padding:0;margin:0;line-height:1}.elementor-widget-heading .elementor-heading-title[class*=elementor-size-]&gt;a{color:inherit;font-size:inherit;line-height:inherit}.elementor-widget-heading .elementor-heading-title.elementor-size-small{font-size:15px}.elementor-widget-heading .elementor-heading-title.elementor-size-medium{font-size:19px}.elementor-widget-heading .elementor-heading-title.elementor-size-large{font-size:29px}.elementor-widget-heading .elementor-heading-title.elementor-size-xl{font-size:39px}.elementor-widget-heading .elementor-heading-title.elementor-size-xxl{font-size:59px} Politiche sulla privacy Commenti Quando lasci un commento sul nostro sito, i dati inseriti nel modulo dei commenti, ma anche il tuo indirizzo IP e lo user agent del tuo browser vengono raccolti per aiutarci a rilevare i commenti indesiderati. Una [&hellip;]<\/p>\n","protected":false},"author":3,"featured_media":0,"parent":0,"menu_order":0,"comment_status":"closed","ping_status":"closed","template":"elementor_header_footer","meta":{"footnotes":""},"class_list":["post-3171","page","type-page","status-publish","hentry"],"yoast_head":"<title>Politiche sulla privacy - Love Coco Earth I Site Officiel<\/title>\n<meta name=\"robots\" content=\"index, follow, max-snippet:-1, max-image-preview:large, max-video-preview:-1\" \/>\n<link rel=\"canonical\" href=\"https:\/\/lovecocoearth.com\/politiques-de-confidentialites\/\" \/>\n<meta property=\"og:locale\" content=\"it_IT\" \/>\n<meta property=\"og:type\" content=\"article\" \/>\n<meta property=\"og:title\" content=\"Politiche sulla privacy\" \/>\n<meta property=\"og:description\" content=\"\/*! elementor &#8211; v3.23.0 &#8211; 25-07-2024 *\/ .elementor-heading-title{padding:0;margin:0;line-height:1}.elementor-widget-heading .elementor-heading-title[class*=elementor-size-]&gt;a{color:inherit;font-size:inherit;line-height:inherit}.elementor-widget-heading .elementor-heading-title.elementor-size-small{font-size:15px}.elementor-widget-heading .elementor-heading-title.elementor-size-medium{font-size:19px}.elementor-widget-heading .elementor-heading-title.elementor-size-large{font-size:29px}.elementor-widget-heading .elementor-heading-title.elementor-size-xl{font-size:39px}.elementor-widget-heading .elementor-heading-title.elementor-size-xxl{font-size:59px} Politiche sulla privacy Commenti Quando lasci un commento sul nostro sito, i dati inseriti nel modulo dei commenti, ma anche il tuo indirizzo IP e lo user agent del tuo browser vengono raccolti per aiutarci a rilevare i commenti indesiderati. Una [&hellip;]\" \/>\n<meta property=\"og:url\" content=\"https:\/\/lovecocoearth.com\/politiques-de-confidentialites\/\" \/>\n<meta property=\"og:site_name\" content=\"Love Coco Earth I Site Officiel\" \/>\n<meta property=\"article:modified_time\" content=\"2024-08-04T17:59:34+00:00\" \/>\n<meta name=\"twitter:card\" content=\"summary_large_image\" \/>\n<script type=\"application\/ld+json\" class=\"yoast-schema-graph\">{\"@context\":\"https:\\\/\\\/schema.org\",\"@graph\":[{\"@type\":\"WebPage\",\"@id\":\"https:\\\/\\\/lovecocoearth.com\\\/politiques-de-confidentialites\\\/\",\"url\":\"https:\\\/\\\/lovecocoearth.com\\\/politiques-de-confidentialites\\\/\",\"name\":\"Politiche sulla privacy - Love Coco Earth I Site Officiel\",\"isPartOf\":{\"@id\":\"https:\\\/\\\/lovecocoearth.com\\\/#website\"},\"datePublished\":\"2023-10-05T13:04:55+00:00\",\"dateModified\":\"2024-08-04T17:59:34+00:00\",\"breadcrumb\":{\"@id\":\"https:\\\/\\\/lovecocoearth.com\\\/politiques-de-confidentialites\\\/#breadcrumb\"},\"inLanguage\":\"it-IT\",\"potentialAction\":[{\"@type\":\"ReadAction\",\"target\":[\"https:\\\/\\\/lovecocoearth.com\\\/politiques-de-confidentialites\\\/\"]}]},{\"@type\":\"BreadcrumbList\",\"@id\":\"https:\\\/\\\/lovecocoearth.com\\\/politiques-de-confidentialites\\\/#breadcrumb\",\"itemListElement\":[{\"@type\":\"ListItem\",\"position\":1,\"name\":\"Accueil\",\"item\":\"https:\\\/\\\/lovecocoearth.com\\\/it\\\/\"},{\"@type\":\"ListItem\",\"position\":2,\"name\":\"Politiche sulla privacy\"}]},{\"@type\":\"WebSite\",\"@id\":\"https:\\\/\\\/lovecocoearth.com\\\/#website\",\"url\":\"https:\\\/\\\/lovecocoearth.com\\\/\",\"name\":\"Love Coco Earth I Site Officiel\",\"description\":\"Des cosm\u00e9tiques responsables et \u00e9thiques\",\"publisher\":{\"@id\":\"https:\\\/\\\/lovecocoearth.com\\\/#organization\"},\"potentialAction\":[{\"@type\":\"SearchAction\",\"target\":{\"@type\":\"EntryPoint\",\"urlTemplate\":\"https:\\\/\\\/lovecocoearth.com\\\/?s={search_term_string}\"},\"query-input\":{\"@type\":\"PropertyValueSpecification\",\"valueRequired\":true,\"valueName\":\"search_term_string\"}}],\"inLanguage\":\"it-IT\"},{\"@type\":\"Organization\",\"@id\":\"https:\\\/\\\/lovecocoearth.com\\\/#organization\",\"name\":\"Love Coco Earth I Site Officiel\",\"url\":\"https:\\\/\\\/lovecocoearth.com\\\/\",\"logo\":{\"@type\":\"ImageObject\",\"inLanguage\":\"it-IT\",\"@id\":\"https:\\\/\\\/lovecocoearth.com\\\/#\\\/schema\\\/logo\\\/image\\\/\",\"url\":\"https:\\\/\\\/lovecocoearth.com\\\/wp-content\\\/uploads\\\/sites\\\/81\\\/2023\\\/10\\\/cropped-Logo-Love-Coco-Earth-sans-fond.png\",\"contentUrl\":\"https:\\\/\\\/lovecocoearth.com\\\/wp-content\\\/uploads\\\/sites\\\/81\\\/2023\\\/10\\\/cropped-Logo-Love-Coco-Earth-sans-fond.png\",\"width\":782,\"height\":782,\"caption\":\"Love Coco Earth I Site Officiel\"},\"image\":{\"@id\":\"https:\\\/\\\/lovecocoearth.com\\\/#\\\/schema\\\/logo\\\/image\\\/\"}}]}<\/script>","yoast_head_json":{"title":"Politiche sulla privacy - Love Coco Earth I Site Officiel","robots":{"index":"index","follow":"follow","max-snippet":"max-snippet:-1","max-image-preview":"max-image-preview:large","max-video-preview":"max-video-preview:-1"},"canonical":"https:\/\/lovecocoearth.com\/politiques-de-confidentialites\/","og_locale":"it_IT","og_type":"article","og_title":"Politiche sulla privacy","og_description":"\/*! elementor &#8211; v3.23.0 &#8211; 25-07-2024 *\/ .elementor-heading-title{padding:0;margin:0;line-height:1}.elementor-widget-heading .elementor-heading-title[class*=elementor-size-]&gt;a{color:inherit;font-size:inherit;line-height:inherit}.elementor-widget-heading .elementor-heading-title.elementor-size-small{font-size:15px}.elementor-widget-heading .elementor-heading-title.elementor-size-medium{font-size:19px}.elementor-widget-heading .elementor-heading-title.elementor-size-large{font-size:29px}.elementor-widget-heading .elementor-heading-title.elementor-size-xl{font-size:39px}.elementor-widget-heading .elementor-heading-title.elementor-size-xxl{font-size:59px} Politiche sulla privacy Commenti Quando lasci un commento sul nostro sito, i dati inseriti nel modulo dei commenti, ma anche il tuo indirizzo IP e lo user agent del tuo browser vengono raccolti per aiutarci a rilevare i commenti indesiderati. Una [&hellip;]","og_url":"https:\/\/lovecocoearth.com\/politiques-de-confidentialites\/","og_site_name":"Love Coco Earth I Site Officiel","article_modified_time":"2024-08-04T17:59:34+00:00","twitter_card":"summary_large_image","schema":{"@context":"https:\/\/schema.org","@graph":[{"@type":"WebPage","@id":"https:\/\/lovecocoearth.com\/politiques-de-confidentialites\/","url":"https:\/\/lovecocoearth.com\/politiques-de-confidentialites\/","name":"Politiche sulla privacy - Love Coco Earth I Site Officiel","isPartOf":{"@id":"https:\/\/lovecocoearth.com\/#website"},"datePublished":"2023-10-05T13:04:55+00:00","dateModified":"2024-08-04T17:59:34+00:00","breadcrumb":{"@id":"https:\/\/lovecocoearth.com\/politiques-de-confidentialites\/#breadcrumb"},"inLanguage":"it-IT","potentialAction":[{"@type":"ReadAction","target":["https:\/\/lovecocoearth.com\/politiques-de-confidentialites\/"]}]},{"@type":"BreadcrumbList","@id":"https:\/\/lovecocoearth.com\/politiques-de-confidentialites\/#breadcrumb","itemListElement":[{"@type":"ListItem","position":1,"name":"Accueil","item":"https:\/\/lovecocoearth.com\/it\/"},{"@type":"ListItem","position":2,"name":"Politiche sulla privacy"}]},{"@type":"WebSite","@id":"https:\/\/lovecocoearth.com\/#website","url":"https:\/\/lovecocoearth.com\/","name":"Love Coco Earth I Site Officiel","description":"Des cosm\u00e9tiques responsables et \u00e9thiques","publisher":{"@id":"https:\/\/lovecocoearth.com\/#organization"},"potentialAction":[{"@type":"SearchAction","target":{"@type":"EntryPoint","urlTemplate":"https:\/\/lovecocoearth.com\/?s={search_term_string}"},"query-input":{"@type":"PropertyValueSpecification","valueRequired":true,"valueName":"search_term_string"}}],"inLanguage":"it-IT"},{"@type":"Organization","@id":"https:\/\/lovecocoearth.com\/#organization","name":"Love Coco Earth I Site Officiel","url":"https:\/\/lovecocoearth.com\/","logo":{"@type":"ImageObject","inLanguage":"it-IT","@id":"https:\/\/lovecocoearth.com\/#\/schema\/logo\/image\/","url":"https:\/\/lovecocoearth.com\/wp-content\/uploads\/sites\/81\/2023\/10\/cropped-Logo-Love-Coco-Earth-sans-fond.png","contentUrl":"https:\/\/lovecocoearth.com\/wp-content\/uploads\/sites\/81\/2023\/10\/cropped-Logo-Love-Coco-Earth-sans-fond.png","width":782,"height":782,"caption":"Love Coco Earth I Site Officiel"},"image":{"@id":"https:\/\/lovecocoearth.com\/#\/schema\/logo\/image\/"}}]}},"_links":{"self":[{"href":"https:\/\/lovecocoearth.com\/it\/wp-json\/wp\/v2\/pages\/3171","targetHints":{"allow":["GET"]}}],"collection":[{"href":"https:\/\/lovecocoearth.com\/it\/wp-json\/wp\/v2\/pages"}],"about":[{"href":"https:\/\/lovecocoearth.com\/it\/wp-json\/wp\/v2\/types\/page"}],"author":[{"embeddable":true,"href":"https:\/\/lovecocoearth.com\/it\/wp-json\/wp\/v2\/users\/3"}],"replies":[{"embeddable":true,"href":"https:\/\/lovecocoearth.com\/it\/wp-json\/wp\/v2\/comments?post=3171"}],"version-history":[{"count":1,"href":"https:\/\/lovecocoearth.com\/it\/wp-json\/wp\/v2\/pages\/3171\/revisions"}],"predecessor-version":[{"id":3172,"href":"https:\/\/lovecocoearth.com\/it\/wp-json\/wp\/v2\/pages\/3171\/revisions\/3172"}],"wp:attachment":[{"href":"https:\/\/lovecocoearth.com\/it\/wp-json\/wp\/v2\/media?parent=3171"}],"curies":[{"name":"wp","href":"https:\/\/api.w.org\/{rel}","templated":true}]}}