{"id":3042,"date":"2023-10-23T16:16:38","date_gmt":"2023-10-23T14:16:38","guid":{"rendered":"https:\/\/lovecocoearth.com\/notre-histoire\/"},"modified":"2024-08-04T18:10:10","modified_gmt":"2024-08-04T16:10:10","slug":"a-propos-2","status":"publish","type":"page","link":"https:\/\/lovecocoearth.com\/it\/a-propos-2\/","title":{"rendered":"Di"},"content":{"rendered":"<p>La genesi di Love Coco Earth<br \/>\nLove Coco Earth (LCE) nasce nel 2022 a seguito di una constatazione molto semplice: vedendo tutta questa ricchezza gettata in discarica, abbiamo deciso di organizzare il primo settore per il recupero degli scarti di cocco all&#8217;interno dei Caraibi, in particolare in Guadalupa.<\/p>\n<p>Infatti, a seguito di numerosi viaggi in Asia, \u00e8 stato facile osservare che il cocco veniva utilizzato in tutta la sua quintessenza, posto su un piedistallo, giustamente perch\u00e9 \u00e8 un elemento essenziale in una moltitudine di settori.<\/p>\n<p>Il cocco \u00e8 dotato di oligoelementi, vitamine, benefici e propriet\u00e0 raramente eguagliate.<\/p>\n<p>Sulla base di questa esperienza si \u00e8 deciso di restituire la nobilt\u00e0 di questo frutto miracoloso. Si tratta di una sfida importante per i Caraibi, in un mondo sempre pi\u00f9 attento allo sviluppo sostenibile, alla green economy, all\u2019economia circolare.<\/p>\n<p>Il nostro obiettivo \u00e8 sviluppare il primo settore di recupero degli scarti di cocco in un\u2019ottica di promozione dello sviluppo sostenibile, della biodiversit\u00e0, della lotta alla deforestazione e della tutela dell\u2019ambiente.<\/p>\n<p>Per fare questo raccogliamo tutte le noci di cocco dei Caraibi per agrotrasformarle e utilizzare tutti i tesori che l&#8217;albero di cocco ci offre, offrendo un orizzonte in diversi settori.<\/p>\n<p>&nbsp;<\/p>\n<p>LCE mira a rivitalizzare le isole dei Caraibi creando posti di lavoro e promuovendo il commercio equo e solidale perch\u00e9 le Indie Occidentali meritano di essere messe in risalto agli occhi di tutti.<\/p>\n<p>&nbsp;<\/p>\n<p>\ud83c\udf3f Benvenuti nell&#8217;Universo dell&#8217;Amore Coco Earth \ud83c\udf3f<br \/>\nLove Coco Earth \u00e8 anche cosmetica eco-responsabile!<\/p>\n<p>Immergiti oggi stesso nell&#8217;affascinante mondo dei cosmetici eco-responsabili! Crediamo fermamente che la bellezza naturale non debba andare a scapito del nostro pianeta. Per questo abbiamo creato una gamma di prodotti accuratamente formulati per coniugare efficacia, purezza e rispetto per l&#8217;ambiente.<\/p>\n<p>Scopri come ogni prodotto, ricco di ingredienti naturali al 100%, pu\u00f2 trasformare la tua routine di bellezza supportando pratiche sostenibili.<\/p>\n<p>Unisciti a noi in questa avventura verso una bellezza sana e responsabile, dove ogni gesto conta per preservare il nostro pianeta e celebrare il tuo splendore naturale.<\/p>\n<p>&nbsp;<\/p>\n<div style=\"width: 480px;\" class=\"wp-video\"><video class=\"wp-video-shortcode\" id=\"video-3042-1\" width=\"480\" height=\"848\" preload=\"metadata\" controls=\"controls\"><source type=\"video\/mp4\" src=\"https:\/\/lovecocoearth.com\/wp-content\/uploads\/sites\/81\/2024\/08\/afro_love.mp4?_=1\" \/><a href=\"https:\/\/lovecocoearth.com\/wp-content\/uploads\/sites\/81\/2024\/08\/afro_love.mp4\">https:\/\/lovecocoearth.com\/wp-content\/uploads\/sites\/81\/2024\/08\/afro_love.mp4<\/a><\/video><\/div>\n<p>&nbsp;<\/p>\n<p>La nostra storia ispiratrice \ud83d\udc9a<br \/>\nUna storia di passione e sviluppo sostenibile<\/p>\n<p>La storia di Love Coco Earth nasce da una profonda passione per l&#8217;ambiente e da un incontro decisivo con i residui di cocco.<\/p>\n<p>Teddy, il fondatore, osserv\u00f2 che questi preziosi resti venivano spesso trascurati e decaduti senza alcun utilizzo. Questa consapevolezza lo ha spinto ad impegnarsi in un approccio innovativo al riciclo, dando vita ad un settore interamente dedicato alla valorizzazione delle noci di cocco.<\/p>\n<p>Questo sogno ha preso forma con lo sviluppo della nostra gamma di cosmetici eco-responsabili, dove ogni prodotto \u00e8 pensato per coniugare performance e rispetto dell\u2019ambiente.<\/p>\n<p>&nbsp;<\/p>\n<p>Oggi Love Coco Earth offre una serie di prodotti derivati \u200b\u200bche non solo abbelliscono la tua vita quotidiana, ma aiutano anche a migliorare il nostro pianeta. Scegliendo i nostri cosmetici, scegli la qualit\u00e0 premium sostenendo pratiche sostenibili e responsabili.<\/p>\n<p>&nbsp;<\/p>\n<p>&nbsp;<\/p>\n<p>\ud83c\udf0d I nostri impegni per<br \/>\nCosmetici Eco-Responsabili \ud83c\udf0d<br \/>\nIn Love Coco Earth, ogni prodotto \u00e8 progettato nel massimo rispetto per l&#8217;ambiente e le comunit\u00e0 locali. I nostri cosmetici eco-responsabili sono sinonimo di qualit\u00e0 ed etica.<\/p>\n<p>&nbsp;<\/p>\n<p>Scegli la bellezza naturale e lo sviluppo sostenibile.<\/p>\n<p>Ordina ora e sii parte del cambiamento!<\/p>\n","protected":false},"excerpt":{"rendered":"<p>La genesi di Love Coco Earth Love Coco Earth (LCE) nasce nel 2022 a seguito di una constatazione molto semplice: vedendo tutta questa ricchezza gettata in discarica, abbiamo deciso di organizzare il primo settore per il recupero degli scarti di cocco all&#8217;interno dei Caraibi, in particolare in Guadalupa. Infatti, a seguito di numerosi viaggi in [&hellip;]<\/p>\n","protected":false},"author":3,"featured_media":2901,"parent":0,"menu_order":0,"comment_status":"closed","ping_status":"closed","template":"","meta":{"footnotes":""},"class_list":["post-3042","page","type-page","status-publish","has-post-thumbnail","hentry"],"yoast_head":"<title>Di - Love Coco Earth I Site Officiel<\/title>\n<meta name=\"description\" content=\"Scopri la storia di Love Coco Earth, dal recupero dei residui di cocco alla creazione di cosmetici eco-responsabili.\" \/>\n<meta name=\"robots\" content=\"index, follow, max-snippet:-1, max-image-preview:large, max-video-preview:-1\" \/>\n<link rel=\"canonical\" href=\"https:\/\/lovecocoearth.com\/a-propos\/\" \/>\n<meta property=\"og:locale\" content=\"it_IT\" \/>\n<meta property=\"og:type\" content=\"article\" \/>\n<meta property=\"og:title\" content=\"Di\" \/>\n<meta property=\"og:description\" content=\"Scopri la storia di Love Coco Earth, dal recupero dei residui di cocco alla creazione di cosmetici eco-responsabili.\" \/>\n<meta property=\"og:url\" content=\"https:\/\/lovecocoearth.com\/a-propos\/\" \/>\n<meta property=\"og:site_name\" content=\"Love Coco Earth I Site Officiel\" \/>\n<meta property=\"article:modified_time\" content=\"2024-08-04T16:10:10+00:00\" \/>\n<meta property=\"og:image\" content=\"https:\/\/lovecocoearth.com\/wp-content\/uploads\/sites\/81\/2024\/07\/afro-love-4.jpg\" \/>\n\t<meta property=\"og:image:width\" content=\"682\" \/>\n\t<meta property=\"og:image:height\" content=\"1024\" \/>\n\t<meta property=\"og:image:type\" content=\"image\/jpeg\" \/>\n<meta name=\"twitter:card\" content=\"summary_large_image\" \/>\n<script type=\"application\/ld+json\" class=\"yoast-schema-graph\">{\"@context\":\"https:\\\/\\\/schema.org\",\"@graph\":[{\"@type\":\"WebPage\",\"@id\":\"https:\\\/\\\/lovecocoearth.com\\\/a-propos\\\/\",\"url\":\"https:\\\/\\\/lovecocoearth.com\\\/a-propos\\\/\",\"name\":\"Di - Love Coco Earth I Site Officiel\",\"isPartOf\":{\"@id\":\"https:\\\/\\\/lovecocoearth.com\\\/#website\"},\"primaryImageOfPage\":{\"@id\":\"https:\\\/\\\/lovecocoearth.com\\\/a-propos\\\/#primaryimage\"},\"image\":{\"@id\":\"https:\\\/\\\/lovecocoearth.com\\\/a-propos\\\/#primaryimage\"},\"thumbnailUrl\":\"https:\\\/\\\/lovecocoearth.com\\\/wp-content\\\/uploads\\\/sites\\\/81\\\/2024\\\/07\\\/afro-love-4.jpg\",\"datePublished\":\"2023-10-23T14:16:38+00:00\",\"dateModified\":\"2024-08-04T16:10:10+00:00\",\"description\":\"Scopri la storia di Love Coco Earth, dal recupero dei residui di cocco alla creazione di cosmetici eco-responsabili.\",\"breadcrumb\":{\"@id\":\"https:\\\/\\\/lovecocoearth.com\\\/a-propos\\\/#breadcrumb\"},\"inLanguage\":\"it-IT\",\"potentialAction\":[{\"@type\":\"ReadAction\",\"target\":[\"https:\\\/\\\/lovecocoearth.com\\\/a-propos\\\/\"]}]},{\"@type\":\"ImageObject\",\"inLanguage\":\"it-IT\",\"@id\":\"https:\\\/\\\/lovecocoearth.com\\\/a-propos\\\/#primaryimage\",\"url\":\"https:\\\/\\\/lovecocoearth.com\\\/wp-content\\\/uploads\\\/sites\\\/81\\\/2024\\\/07\\\/afro-love-4.jpg\",\"contentUrl\":\"https:\\\/\\\/lovecocoearth.com\\\/wp-content\\\/uploads\\\/sites\\\/81\\\/2024\\\/07\\\/afro-love-4.jpg\",\"width\":682,\"height\":1024,\"caption\":\"Eg\u00e9rie Marine rit aux \u00e9clats en se touchant les cheveux.\"},{\"@type\":\"BreadcrumbList\",\"@id\":\"https:\\\/\\\/lovecocoearth.com\\\/a-propos\\\/#breadcrumb\",\"itemListElement\":[{\"@type\":\"ListItem\",\"position\":1,\"name\":\"Accueil\",\"item\":\"https:\\\/\\\/lovecocoearth.com\\\/it\\\/\"},{\"@type\":\"ListItem\",\"position\":2,\"name\":\"Di\"}]},{\"@type\":\"WebSite\",\"@id\":\"https:\\\/\\\/lovecocoearth.com\\\/#website\",\"url\":\"https:\\\/\\\/lovecocoearth.com\\\/\",\"name\":\"Love Coco Earth I Site Officiel\",\"description\":\"Des cosm\u00e9tiques responsables et \u00e9thiques\",\"publisher\":{\"@id\":\"https:\\\/\\\/lovecocoearth.com\\\/#organization\"},\"potentialAction\":[{\"@type\":\"SearchAction\",\"target\":{\"@type\":\"EntryPoint\",\"urlTemplate\":\"https:\\\/\\\/lovecocoearth.com\\\/?s={search_term_string}\"},\"query-input\":{\"@type\":\"PropertyValueSpecification\",\"valueRequired\":true,\"valueName\":\"search_term_string\"}}],\"inLanguage\":\"it-IT\"},{\"@type\":\"Organization\",\"@id\":\"https:\\\/\\\/lovecocoearth.com\\\/#organization\",\"name\":\"Love Coco Earth I Site Officiel\",\"url\":\"https:\\\/\\\/lovecocoearth.com\\\/\",\"logo\":{\"@type\":\"ImageObject\",\"inLanguage\":\"it-IT\",\"@id\":\"https:\\\/\\\/lovecocoearth.com\\\/#\\\/schema\\\/logo\\\/image\\\/\",\"url\":\"https:\\\/\\\/lovecocoearth.com\\\/wp-content\\\/uploads\\\/sites\\\/81\\\/2023\\\/10\\\/cropped-Logo-Love-Coco-Earth-sans-fond.png\",\"contentUrl\":\"https:\\\/\\\/lovecocoearth.com\\\/wp-content\\\/uploads\\\/sites\\\/81\\\/2023\\\/10\\\/cropped-Logo-Love-Coco-Earth-sans-fond.png\",\"width\":782,\"height\":782,\"caption\":\"Love Coco Earth I Site Officiel\"},\"image\":{\"@id\":\"https:\\\/\\\/lovecocoearth.com\\\/#\\\/schema\\\/logo\\\/image\\\/\"}}]}<\/script>","yoast_head_json":{"title":"Di - Love Coco Earth I Site Officiel","description":"Scopri la storia di Love Coco Earth, dal recupero dei residui di cocco alla creazione di cosmetici eco-responsabili.","robots":{"index":"index","follow":"follow","max-snippet":"max-snippet:-1","max-image-preview":"max-image-preview:large","max-video-preview":"max-video-preview:-1"},"canonical":"https:\/\/lovecocoearth.com\/a-propos\/","og_locale":"it_IT","og_type":"article","og_title":"Di","og_description":"Scopri la storia di Love Coco Earth, dal recupero dei residui di cocco alla creazione di cosmetici eco-responsabili.","og_url":"https:\/\/lovecocoearth.com\/a-propos\/","og_site_name":"Love Coco Earth I Site Officiel","article_modified_time":"2024-08-04T16:10:10+00:00","og_image":[{"width":682,"height":1024,"url":"https:\/\/lovecocoearth.com\/wp-content\/uploads\/sites\/81\/2024\/07\/afro-love-4.jpg","type":"image\/jpeg"}],"twitter_card":"summary_large_image","schema":{"@context":"https:\/\/schema.org","@graph":[{"@type":"WebPage","@id":"https:\/\/lovecocoearth.com\/a-propos\/","url":"https:\/\/lovecocoearth.com\/a-propos\/","name":"Di - Love Coco Earth I Site Officiel","isPartOf":{"@id":"https:\/\/lovecocoearth.com\/#website"},"primaryImageOfPage":{"@id":"https:\/\/lovecocoearth.com\/a-propos\/#primaryimage"},"image":{"@id":"https:\/\/lovecocoearth.com\/a-propos\/#primaryimage"},"thumbnailUrl":"https:\/\/lovecocoearth.com\/wp-content\/uploads\/sites\/81\/2024\/07\/afro-love-4.jpg","datePublished":"2023-10-23T14:16:38+00:00","dateModified":"2024-08-04T16:10:10+00:00","description":"Scopri la storia di Love Coco Earth, dal recupero dei residui di cocco alla creazione di cosmetici eco-responsabili.","breadcrumb":{"@id":"https:\/\/lovecocoearth.com\/a-propos\/#breadcrumb"},"inLanguage":"it-IT","potentialAction":[{"@type":"ReadAction","target":["https:\/\/lovecocoearth.com\/a-propos\/"]}]},{"@type":"ImageObject","inLanguage":"it-IT","@id":"https:\/\/lovecocoearth.com\/a-propos\/#primaryimage","url":"https:\/\/lovecocoearth.com\/wp-content\/uploads\/sites\/81\/2024\/07\/afro-love-4.jpg","contentUrl":"https:\/\/lovecocoearth.com\/wp-content\/uploads\/sites\/81\/2024\/07\/afro-love-4.jpg","width":682,"height":1024,"caption":"Eg\u00e9rie Marine rit aux \u00e9clats en se touchant les cheveux."},{"@type":"BreadcrumbList","@id":"https:\/\/lovecocoearth.com\/a-propos\/#breadcrumb","itemListElement":[{"@type":"ListItem","position":1,"name":"Accueil","item":"https:\/\/lovecocoearth.com\/it\/"},{"@type":"ListItem","position":2,"name":"Di"}]},{"@type":"WebSite","@id":"https:\/\/lovecocoearth.com\/#website","url":"https:\/\/lovecocoearth.com\/","name":"Love Coco Earth I Site Officiel","description":"Des cosm\u00e9tiques responsables et \u00e9thiques","publisher":{"@id":"https:\/\/lovecocoearth.com\/#organization"},"potentialAction":[{"@type":"SearchAction","target":{"@type":"EntryPoint","urlTemplate":"https:\/\/lovecocoearth.com\/?s={search_term_string}"},"query-input":{"@type":"PropertyValueSpecification","valueRequired":true,"valueName":"search_term_string"}}],"inLanguage":"it-IT"},{"@type":"Organization","@id":"https:\/\/lovecocoearth.com\/#organization","name":"Love Coco Earth I Site Officiel","url":"https:\/\/lovecocoearth.com\/","logo":{"@type":"ImageObject","inLanguage":"it-IT","@id":"https:\/\/lovecocoearth.com\/#\/schema\/logo\/image\/","url":"https:\/\/lovecocoearth.com\/wp-content\/uploads\/sites\/81\/2023\/10\/cropped-Logo-Love-Coco-Earth-sans-fond.png","contentUrl":"https:\/\/lovecocoearth.com\/wp-content\/uploads\/sites\/81\/2023\/10\/cropped-Logo-Love-Coco-Earth-sans-fond.png","width":782,"height":782,"caption":"Love Coco Earth I Site Officiel"},"image":{"@id":"https:\/\/lovecocoearth.com\/#\/schema\/logo\/image\/"}}]}},"_links":{"self":[{"href":"https:\/\/lovecocoearth.com\/it\/wp-json\/wp\/v2\/pages\/3042","targetHints":{"allow":["GET"]}}],"collection":[{"href":"https:\/\/lovecocoearth.com\/it\/wp-json\/wp\/v2\/pages"}],"about":[{"href":"https:\/\/lovecocoearth.com\/it\/wp-json\/wp\/v2\/types\/page"}],"author":[{"embeddable":true,"href":"https:\/\/lovecocoearth.com\/it\/wp-json\/wp\/v2\/users\/3"}],"replies":[{"embeddable":true,"href":"https:\/\/lovecocoearth.com\/it\/wp-json\/wp\/v2\/comments?post=3042"}],"version-history":[{"count":3,"href":"https:\/\/lovecocoearth.com\/it\/wp-json\/wp\/v2\/pages\/3042\/revisions"}],"predecessor-version":[{"id":3101,"href":"https:\/\/lovecocoearth.com\/it\/wp-json\/wp\/v2\/pages\/3042\/revisions\/3101"}],"wp:featuredmedia":[{"embeddable":true,"href":"https:\/\/lovecocoearth.com\/it\/wp-json\/wp\/v2\/media\/2901"}],"wp:attachment":[{"href":"https:\/\/lovecocoearth.com\/it\/wp-json\/wp\/v2\/media?parent=3042"}],"curies":[{"name":"wp","href":"https:\/\/api.w.org\/{rel}","templated":true}]}}