{"id":2981,"date":"2023-10-05T15:05:33","date_gmt":"2023-10-05T13:05:33","guid":{"rendered":"https:\/\/lovecocoearth.com\/conditions-generales-de-vente\/"},"modified":"2024-08-04T18:32:02","modified_gmt":"2024-08-04T16:32:02","slug":"conditions-generales-de-vente","status":"publish","type":"page","link":"https:\/\/lovecocoearth.com\/it\/conditions-generales-de-vente\/","title":{"rendered":"Condizioni Di Vendita"},"content":{"rendered":"<h2>Condizioni di vendita<\/h2>\n<header>\n<h3>I\/ SCOPO DEL CONTRATTO &#8211; AMBITO DI APPLICAZIONE<\/h3>\n<\/header>\n<p>Le presenti Condizioni Generali si applicano al processo di ordine sul sito, a qualsiasi utilizzo dei servizi offerti sul sito e\/o a tutte le vendite di Prodotti concluse da LOVE COCO EARTH dal sito https:\/\/lovecocoearth.com\/ a di Clienti, siano essi privati \u200b\u200bo professionisti, qualunque siano le clausole che possono apparire sui documenti del Cliente, e in particolare le sue condizioni generali di acquisto, salvo accettazione espressa e scritta da parte di LOVE COCO EART e riguardano tutti i prodotti commercializzati da LOVE COCO TERRA.<\/p>\n<p>LOVE COCO EARTH si riserva il diritto di modificare le presenti Condizioni Generali.<\/p>\n<p>II\/ CONDIZIONI DI UTILIZZO DEI PRODOTTI E AVVERTENZE<\/p>\n<p>I Prodotti che offriamo sul Sito sono riservati esclusivamente a persone di et\u00e0 superiore ai 18 anni.<\/p>\n<p>Prima di effettuare un acquisto sul Sito, il cliente deve essere pienamente consapevole del proprio stato di salute. Le Clienti incinte devono chiedere il parere di un medico prima di consumare uno qualsiasi dei prodotti offerti sul sito.<\/p>\n<p>Anche i Clienti affetti da patologie o intolleranze alimentari di qualsiasi tipo dovranno prestare attenzione durante l&#8217;utilizzo dei Prodotti del Sito.<\/p>\n<p>Il Cliente riconosce espressamente che un ciclo di integratori alimentari costituisce un&#8217;esperienza individuale, che i suoi effetti non possono quindi essere determinati con precisione in anticipo e che non \u00e8 pertanto soggetto ad alcun obbligo di risultato.<\/p>\n<p>Parimenti, il Cliente riconosce che le informazioni fornite dal sito non possono sostituire la pratica dell&#8217;esercizio fisico n\u00e9 essere confuse con un follow-up o una consulenza medica e\/o psicologica. Allo stesso modo, gli integratori alimentari devono essere utilizzati nell\u2019ambito di uno stile di vita sano e non come sostituti di una dieta variata ed equilibrata o di farmaci. In caso di dubbi sul proprio stato di salute o su eventuali controindicazioni mediche, il Cliente si impegna a consultare un medico prima di effettuare qualsiasi acquisto sul Sito.<\/p>\n<p>III\/ACQUISTO\/SPEDIZIONE\/CONSEGNA<\/p>\n<p>Consegne nazionali<br \/>Il reparto spedizioni \u00e8 in grado di spedire prodotti a indirizzi fisici o caselle postali situate in Europa. Spetta all&#8217;acquirente garantire l&#8217;esattezza dell&#8217;indirizzo di spedizione da lui fornito. Assicurati che l&#8217;indirizzo fornito sia corretto, indipendentemente dal metodo di ordine, prima di completare l&#8217;acquisto. LOVE COCO EARTH non sar\u00e0 in nessun caso responsabile della consegna effettuata ad un indirizzo errato.<\/p>\n<p>Tempo di elaborazione dell&#8217;ordine<br \/>Generalmente, gli ordini vengono elaborati entro 48 ore (esclusi fine settimana e giorni festivi). Gli ordini convalidati durante un fine settimana o un giorno festivo vengono elaborati il \u200b\u200bgiorno lavorativo successivo.<\/p>\n<p>Tutti i tempi di consegna sono stimati a partire dalla data in cui il tuo ordine lascia il nostro centro logistico. Per la consegna sono necessari dai 3 ai 5 giorni lavorativi dal momento in cui l&#8217;ordine lascia il nostro centro di elaborazione.<\/p>\n<p>Pacchi smarriti o rubati<br \/>LOVE COCO EARTH non pu\u00f2 essere ritenuto responsabile per pacchi smarriti o rubati per i quali \u00e8 stata confermata la spedizione all&#8217;indirizzo indicato nell&#8217;ordine. Solo su richiesta, LOVE COCO EARTH pu\u00f2 confermare la spedizione all&#8217;indirizzo indicato, specificando la data, fornendo informazioni di tracciabilit\u00e0 e corriere per aiutare il cliente nella ricerca.<\/p>\n<p>Dati di spedizione errati<br \/>Se il pacco viene restituito a LOVE COCO EARTH a causa di un indirizzo errato o incompleto fornito dal cliente, il cliente sosterr\u00e0 le spese di spedizione relative alla restituzione della merce e alla riconsegna. LOVE COCO EARTH non pu\u00f2 essere ritenuta responsabile per difetti di consegna dovuti a dati errati o incompleti forniti dal cliente.<\/p>\n<p>Tracciamento del tuo ordine<br \/>Quando gli ordini dei clienti sono pronti per la spedizione, ricevono un&#8217;e-mail di conferma della consegna. La maggior parte degli ordini viene spedita entro 48 ore dall&#8217;invio e arriva entro 3-5 giorni lavorativi dalla spedizione. L&#8217;e-mail di conferma contiene i dettagli della spedizione e il numero di tracciabilit\u00e0 dell&#8217;ordine. Per il monitoraggio, vai al sito web del corriere.<\/p>\n<p>A volte, quando un cliente tenta di tracciare un pacco 48 ore dopo il checkout, le informazioni sulla consegna non sono disponibili, ci\u00f2 significa che il corriere non ha scansionato il pacco. Una volta scansionato il pacco, \u00e8 possibile tracciarlo. Attendi 48 ore prima che il corriere esegua la scansione dei pacchi. Se le informazioni di tracciamento continuano a non essere visualizzate, contatta il servizio clienti a uno dei numeri di telefono elencati nella pagina dei contatti o tramite e-mail.<\/p>\n<p><br data-mce-bogus=\"1\"><\/p>\n<p>IV\/ MODALIT\u00c0 DI PAGAMENTO<br \/>I pagamenti vengono effettuati tramite carta di credito sul sito. E&#8217; possibile pagare anche tramite contanti o bonifico contattando direttamente LOVE COCO EARTH.<\/p>\n<p>A tal fine, il Cliente autorizza LOVE COCO EARTH ad addebitare sulla propria carta bancaria l&#8217;importo indicato al momento dell&#8217;ordine.<\/p>\n<p>LOVE COCO EARTH garantisce al Cliente la sicurezza dei pagamenti effettuati e degli accordi presi con professionisti del settore al fine di garantire pienamente tale obiettivo.<\/p>\n<p>V\/ GARANZIE LOVE COCO EARTH ED ESCLUSIONI DI GARANZIA<br \/>I Prodotti commercializzati da LOVE COCO EARTH sono fabbricati da partner. LOVE COCO EARTH offre al Cliente una garanzia di conformit\u00e0, qualit\u00e0 e rispetto della normativa applicabile agli integratori alimentari.<\/p>\n<p>LOVE COCO EARTH garantisce inoltre che i Prodotti sono stati sottoposti a controlli e test effettuati dai partner prima di essere immessi sul mercato.<\/p>\n<p>In ogni caso, LOVE COCO EATH non potr\u00e0 essere ritenuta responsabile da parte del Cliente nei seguenti casi:<\/p>\n<p>mancanza di idoneit\u00e0 dei Prodotti alle esigenze del Cliente;<br \/>danni subiti dal Cliente a causa di un uso improprio dei Prodotti;<br \/>assenza di verifica da parte del Cliente, prima dell&#8217;ordine e durante il ritiro dei Prodotti, del suo stato di salute e di eventuali allergie ad uno dei componenti del Prodotto<br \/>I risultati sono personali, pertanto nessun risultato pu\u00f2 essere garantito al Cliente a causa dell&#8217;utilizzo dei Prodotti e dei Servizi forniti da LOVE COCO EARTH tramite il Sito.<\/p>\n<p>Alcuni paesi e giurisdizioni non consentono l&#8217;esclusione di garanzie implicite o limitazioni sulla durata delle garanzie implicite, pertanto le limitazioni di cui sopra potrebbero non applicarsi in tutto o in parte ad alcuni casi in cui tali limitazioni sono vietate dalla legge di ordine pubblico. Soltanto in queste ipotesi, la responsabilit\u00e0 totale di LOVE COCO EARTH sar\u00e0 limitata all&#8217;importo che il Cliente ha effettivamente pagato per gli ordini all&#8217;origine del danno invocato e riconosciuto giudizialmente come stabilito, in applicazione di tali norme di ordine pubblico.<\/p>\n<p>VI\/ PROPRIET\u00c0 INTELLETTUALE<br \/>LOVE COCO EARTH detiene e conserva la propriet\u00e0 di tutti i diritti di propriet\u00e0 intellettuale relativi ai Servizi e ai Prodotti acquistati dal Cliente, inclusi il know-how, i metodi, i diritti d&#8217;autore e i brevetti associati al software che li accompagna e che incorporano, nonch\u00e9 i diritti relativi ai loro disegni (disegni e modelli) o ai nomi con cui sono commercializzati (marchi).<\/p>\n<p>Nessuna delle disposizioni delle presenti Condizioni Generali pu\u00f2 essere interpretata come cessione o licenza di uno qualsiasi di questi diritti a vantaggio del Cliente. Quest&#8217;ultimo, infatti, ha solo il diritto di utilizzare per proprio conto i Servizi offerti, eventualmente rivenderli ma, in ogni caso, il Cliente garantisce il Venditore contro qualsiasi violazione da parte propria dei suddetti diritti.<\/p>\n<p>VII\/ INFORMAZIONI \u2013 RECLAMO<br \/>Qualsiasi reclamo o richiesta di informazioni relativa ai Prodotti o Servizi dovr\u00e0 essere inviata a LOVE COCO EARTH tramite il Sito facendo riferimento alla sezione \u201cContatti\u201d, oppure tramite posta al seguente indirizzo:<\/p>\n<p>LOVE COCO EARTH \u2013 CHIRURGIA CHEMIN DE BRAGELOGNE 97180 SAINTE-ANNE<\/p>\n<p>La risposta al reclamo verr\u00e0 data entro 30 giorni lavorativi tramite posta se il Cliente lo richiede espressamente.<\/p>\n<p>IX\/ LEGGE APPLICABILE<br \/>Le presenti Condizioni Generali sono soggette esclusivamente alla legge francese con esclusione di qualsiasi altra legislazione, anche in presenza di Clienti residenti o cittadini di paesi esteri.<\/p>\n<p>La lingua ufficiale delle presenti Condizioni Generali \u00e8 il francese. L&#8217;utilizzo di qualsiasi altra lingua \u00e8 solo indicativo. In caso di difficolt\u00e0 di interpretazione, le Parti faranno riferimento esclusivamente al testo francese.<\/p>\n<p>LIMITAZIONE DI RESPONSABILIT\u00c0: I nostri prodotti devono essere utilizzati nell&#8217;ambito di uno stile di vita sano e non possono sostituire una dieta equilibrata e variata. I prodotti e le informazioni presentati su questo sito non sono destinati alla diagnosi, al trattamento, alla cura o alla prevenzione delle malattie. Queste informazioni e dichiarazioni sono fornite solo a scopo informativo e non possono in alcun modo sostituire il consiglio del medico. I prodotti LOVE COCO EARTH non forniscono consigli o prescrizioni mediche e non stabiliscono alcuna diagnosi. Le opinioni e i consigli nutrizionali espressi da LOVE COCO EARTH non intendono sostituire i servizi medici convenzionali. Prendersi cura di s\u00e9 \u00e8 essenziale; Se avete problemi di salute, consultate il vostro medico.<\/p>\n","protected":false},"excerpt":{"rendered":"<p>Condizioni di vendita I\/ SCOPO DEL CONTRATTO &#8211; AMBITO DI APPLICAZIONE Le presenti Condizioni Generali si applicano al processo di ordine sul sito, a qualsiasi utilizzo dei servizi offerti sul sito e\/o a tutte le vendite di Prodotti concluse da LOVE COCO EARTH dal sito https:\/\/lovecocoearth.com\/ a di Clienti, siano essi privati \u200b\u200bo professionisti, qualunque [&hellip;]<\/p>\n","protected":false},"author":1,"featured_media":0,"parent":0,"menu_order":0,"comment_status":"closed","ping_status":"closed","template":"elementor_header_footer","meta":{"footnotes":""},"class_list":["post-2981","page","type-page","status-publish","hentry"],"yoast_head":"<title>Condizioni Di Vendita - Love Coco Earth I Site Officiel<\/title>\n<meta name=\"description\" content=\"Scopri le condizioni generali di vendita di Love Coco Earth. Scopri le nostre politiche di acquisto, consegna e reso e i nostri impegni per garantirti un&#039;esperienza d&#039;acquisto serena e trasparente.\" \/>\n<meta name=\"robots\" content=\"index, follow, max-snippet:-1, max-image-preview:large, max-video-preview:-1\" \/>\n<link rel=\"canonical\" href=\"https:\/\/lovecocoearth.com\/conditions-generales-de-vente\/\" \/>\n<meta property=\"og:locale\" content=\"it_IT\" \/>\n<meta property=\"og:type\" content=\"article\" \/>\n<meta property=\"og:title\" content=\"Condizioni Di Vendita\" \/>\n<meta property=\"og:description\" content=\"Scopri le condizioni generali di vendita di Love Coco Earth. Scopri le nostre politiche di acquisto, consegna e reso e i nostri impegni per garantirti un&#039;esperienza d&#039;acquisto serena e trasparente.\" \/>\n<meta property=\"og:url\" content=\"https:\/\/lovecocoearth.com\/conditions-generales-de-vente\/\" \/>\n<meta property=\"og:site_name\" content=\"Love Coco Earth I Site Officiel\" \/>\n<meta property=\"article:modified_time\" content=\"2024-08-04T16:32:02+00:00\" \/>\n<meta name=\"twitter:card\" content=\"summary_large_image\" \/>\n<script type=\"application\/ld+json\" class=\"yoast-schema-graph\">{\"@context\":\"https:\\\/\\\/schema.org\",\"@graph\":[{\"@type\":\"WebPage\",\"@id\":\"https:\\\/\\\/lovecocoearth.com\\\/conditions-generales-de-vente\\\/\",\"url\":\"https:\\\/\\\/lovecocoearth.com\\\/conditions-generales-de-vente\\\/\",\"name\":\"Condizioni Di Vendita - Love Coco Earth I Site Officiel\",\"isPartOf\":{\"@id\":\"https:\\\/\\\/lovecocoearth.com\\\/#website\"},\"datePublished\":\"2023-10-05T13:05:33+00:00\",\"dateModified\":\"2024-08-04T16:32:02+00:00\",\"description\":\"Scopri le condizioni generali di vendita di Love Coco Earth. Scopri le nostre politiche di acquisto, consegna e reso e i nostri impegni per garantirti un'esperienza d'acquisto serena e trasparente.\",\"breadcrumb\":{\"@id\":\"https:\\\/\\\/lovecocoearth.com\\\/conditions-generales-de-vente\\\/#breadcrumb\"},\"inLanguage\":\"it-IT\",\"potentialAction\":[{\"@type\":\"ReadAction\",\"target\":[\"https:\\\/\\\/lovecocoearth.com\\\/conditions-generales-de-vente\\\/\"]}]},{\"@type\":\"BreadcrumbList\",\"@id\":\"https:\\\/\\\/lovecocoearth.com\\\/conditions-generales-de-vente\\\/#breadcrumb\",\"itemListElement\":[{\"@type\":\"ListItem\",\"position\":1,\"name\":\"Accueil\",\"item\":\"https:\\\/\\\/lovecocoearth.com\\\/it\\\/\"},{\"@type\":\"ListItem\",\"position\":2,\"name\":\"Condizioni Di Vendita\"}]},{\"@type\":\"WebSite\",\"@id\":\"https:\\\/\\\/lovecocoearth.com\\\/#website\",\"url\":\"https:\\\/\\\/lovecocoearth.com\\\/\",\"name\":\"Love Coco Earth I Site Officiel\",\"description\":\"Des cosm\u00e9tiques responsables et \u00e9thiques\",\"publisher\":{\"@id\":\"https:\\\/\\\/lovecocoearth.com\\\/#organization\"},\"potentialAction\":[{\"@type\":\"SearchAction\",\"target\":{\"@type\":\"EntryPoint\",\"urlTemplate\":\"https:\\\/\\\/lovecocoearth.com\\\/?s={search_term_string}\"},\"query-input\":{\"@type\":\"PropertyValueSpecification\",\"valueRequired\":true,\"valueName\":\"search_term_string\"}}],\"inLanguage\":\"it-IT\"},{\"@type\":\"Organization\",\"@id\":\"https:\\\/\\\/lovecocoearth.com\\\/#organization\",\"name\":\"Love Coco Earth I Site Officiel\",\"url\":\"https:\\\/\\\/lovecocoearth.com\\\/\",\"logo\":{\"@type\":\"ImageObject\",\"inLanguage\":\"it-IT\",\"@id\":\"https:\\\/\\\/lovecocoearth.com\\\/#\\\/schema\\\/logo\\\/image\\\/\",\"url\":\"https:\\\/\\\/lovecocoearth.com\\\/wp-content\\\/uploads\\\/sites\\\/81\\\/2023\\\/10\\\/cropped-Logo-Love-Coco-Earth-sans-fond.png\",\"contentUrl\":\"https:\\\/\\\/lovecocoearth.com\\\/wp-content\\\/uploads\\\/sites\\\/81\\\/2023\\\/10\\\/cropped-Logo-Love-Coco-Earth-sans-fond.png\",\"width\":782,\"height\":782,\"caption\":\"Love Coco Earth I Site Officiel\"},\"image\":{\"@id\":\"https:\\\/\\\/lovecocoearth.com\\\/#\\\/schema\\\/logo\\\/image\\\/\"}}]}<\/script>","yoast_head_json":{"title":"Condizioni Di Vendita - Love Coco Earth I Site Officiel","description":"Scopri le condizioni generali di vendita di Love Coco Earth. Scopri le nostre politiche di acquisto, consegna e reso e i nostri impegni per garantirti un'esperienza d'acquisto serena e trasparente.","robots":{"index":"index","follow":"follow","max-snippet":"max-snippet:-1","max-image-preview":"max-image-preview:large","max-video-preview":"max-video-preview:-1"},"canonical":"https:\/\/lovecocoearth.com\/conditions-generales-de-vente\/","og_locale":"it_IT","og_type":"article","og_title":"Condizioni Di Vendita","og_description":"Scopri le condizioni generali di vendita di Love Coco Earth. Scopri le nostre politiche di acquisto, consegna e reso e i nostri impegni per garantirti un'esperienza d'acquisto serena e trasparente.","og_url":"https:\/\/lovecocoearth.com\/conditions-generales-de-vente\/","og_site_name":"Love Coco Earth I Site Officiel","article_modified_time":"2024-08-04T16:32:02+00:00","twitter_card":"summary_large_image","schema":{"@context":"https:\/\/schema.org","@graph":[{"@type":"WebPage","@id":"https:\/\/lovecocoearth.com\/conditions-generales-de-vente\/","url":"https:\/\/lovecocoearth.com\/conditions-generales-de-vente\/","name":"Condizioni Di Vendita - Love Coco Earth I Site Officiel","isPartOf":{"@id":"https:\/\/lovecocoearth.com\/#website"},"datePublished":"2023-10-05T13:05:33+00:00","dateModified":"2024-08-04T16:32:02+00:00","description":"Scopri le condizioni generali di vendita di Love Coco Earth. Scopri le nostre politiche di acquisto, consegna e reso e i nostri impegni per garantirti un'esperienza d'acquisto serena e trasparente.","breadcrumb":{"@id":"https:\/\/lovecocoearth.com\/conditions-generales-de-vente\/#breadcrumb"},"inLanguage":"it-IT","potentialAction":[{"@type":"ReadAction","target":["https:\/\/lovecocoearth.com\/conditions-generales-de-vente\/"]}]},{"@type":"BreadcrumbList","@id":"https:\/\/lovecocoearth.com\/conditions-generales-de-vente\/#breadcrumb","itemListElement":[{"@type":"ListItem","position":1,"name":"Accueil","item":"https:\/\/lovecocoearth.com\/it\/"},{"@type":"ListItem","position":2,"name":"Condizioni Di Vendita"}]},{"@type":"WebSite","@id":"https:\/\/lovecocoearth.com\/#website","url":"https:\/\/lovecocoearth.com\/","name":"Love Coco Earth I Site Officiel","description":"Des cosm\u00e9tiques responsables et \u00e9thiques","publisher":{"@id":"https:\/\/lovecocoearth.com\/#organization"},"potentialAction":[{"@type":"SearchAction","target":{"@type":"EntryPoint","urlTemplate":"https:\/\/lovecocoearth.com\/?s={search_term_string}"},"query-input":{"@type":"PropertyValueSpecification","valueRequired":true,"valueName":"search_term_string"}}],"inLanguage":"it-IT"},{"@type":"Organization","@id":"https:\/\/lovecocoearth.com\/#organization","name":"Love Coco Earth I Site Officiel","url":"https:\/\/lovecocoearth.com\/","logo":{"@type":"ImageObject","inLanguage":"it-IT","@id":"https:\/\/lovecocoearth.com\/#\/schema\/logo\/image\/","url":"https:\/\/lovecocoearth.com\/wp-content\/uploads\/sites\/81\/2023\/10\/cropped-Logo-Love-Coco-Earth-sans-fond.png","contentUrl":"https:\/\/lovecocoearth.com\/wp-content\/uploads\/sites\/81\/2023\/10\/cropped-Logo-Love-Coco-Earth-sans-fond.png","width":782,"height":782,"caption":"Love Coco Earth I Site Officiel"},"image":{"@id":"https:\/\/lovecocoearth.com\/#\/schema\/logo\/image\/"}}]}},"_links":{"self":[{"href":"https:\/\/lovecocoearth.com\/it\/wp-json\/wp\/v2\/pages\/2981","targetHints":{"allow":["GET"]}}],"collection":[{"href":"https:\/\/lovecocoearth.com\/it\/wp-json\/wp\/v2\/pages"}],"about":[{"href":"https:\/\/lovecocoearth.com\/it\/wp-json\/wp\/v2\/types\/page"}],"author":[{"embeddable":true,"href":"https:\/\/lovecocoearth.com\/it\/wp-json\/wp\/v2\/users\/1"}],"replies":[{"embeddable":true,"href":"https:\/\/lovecocoearth.com\/it\/wp-json\/wp\/v2\/comments?post=2981"}],"version-history":[{"count":3,"href":"https:\/\/lovecocoearth.com\/it\/wp-json\/wp\/v2\/pages\/2981\/revisions"}],"predecessor-version":[{"id":3113,"href":"https:\/\/lovecocoearth.com\/it\/wp-json\/wp\/v2\/pages\/2981\/revisions\/3113"}],"wp:attachment":[{"href":"https:\/\/lovecocoearth.com\/it\/wp-json\/wp\/v2\/media?parent=2981"}],"curies":[{"name":"wp","href":"https:\/\/api.w.org\/{rel}","templated":true}]}}