{"id":3266,"date":"2023-10-05T20:53:17","date_gmt":"2023-10-05T18:53:17","guid":{"rendered":"https:\/\/lovecocoearth.com\/produit\/manteca-de-zapote\/"},"modified":"2024-08-06T20:36:44","modified_gmt":"2024-08-06T18:36:44","slug":"manteca-de-zapote","status":"publish","type":"product","link":"https:\/\/lovecocoearth.com\/es\/produit\/manteca-de-zapote\/","title":{"rendered":"Manteca de Zapote"},"content":{"rendered":"<p><strong>Modo de empleo<\/strong> : Para un tratamiento capilar regenerador: aplicar 1 o 2 bolas de mantequilla desde el cuero cabelludo hasta las puntas del cabello. Dejar actuar todo el tiempo que desees y luego retirar con un champ\u00fa suave. Esta textura de \u201cmantequilla\u201d te resultar\u00e1 muy pr\u00e1ctica de utilizar, conservando las propiedades del aceite vegetal.<\/p>\n<p><strong>Origen<\/strong>: El zapote es originario de Venezuela, Am\u00e9rica Latina y el Caribe.<\/p>\n<p><strong>Composici\u00f3n<\/strong> :<\/p>\n<p>Butyrospermum parkii<br \/>\nAceite de zapote pouteria<br \/>\nAceite de Prumus dulcis<\/p>\n","protected":false},"excerpt":{"rendered":"<p>La manteca de zapote es un tratamiento excepcional para cabello seco, rizado o encrespado. Utilizado tradicionalmente para el crecimiento del cabello, el zapote tambi\u00e9n ayuda a calmar el cuero cabelludo sensibilizado. Vers\u00e1til, este b\u00e1lsamo tambi\u00e9n se puede utilizar en las zonas secas del cuerpo (manos, pies, codos, etc.).<\/p>\n<p><strong>Tama\u00f1o<\/strong>: 100ml<\/p>\n","protected":false},"featured_media":1646,"comment_status":"open","ping_status":"closed","template":"","meta":[],"product_brand":[],"product_cat":[180,182,188,203,192,191],"product_tag":[],"class_list":{"0":"post-3266","1":"product","2":"type-product","3":"status-publish","4":"has-post-thumbnail","6":"product_cat-liste-soins-corps-es","7":"product_cat-liste-soins-cheveux-es","8":"product_cat-cuidado","9":"product_cat-cuidado-del-cabello","10":"product_cat-cuidado-del-cuerpo","11":"product_cat-cuidado-facial","13":"first","14":"instock","15":"taxable","16":"shipping-taxable","17":"purchasable","18":"product-type-simple"},"yoast_head":"<title>Manteca de Zapote - Love Coco Earth I Site Officiel<\/title>\n<meta name=\"robots\" content=\"index, follow, max-snippet:-1, max-image-preview:large, max-video-preview:-1\" \/>\n<link rel=\"canonical\" href=\"https:\/\/lovecocoearth.com\/es\/produit\/manteca-de-zapote\/\" \/>\n<meta property=\"og:locale\" content=\"es_ES\" \/>\n<meta property=\"og:type\" content=\"article\" \/>\n<meta property=\"og:title\" content=\"Manteca de Zapote\" \/>\n<meta property=\"og:description\" content=\"La manteca de zapote es un tratamiento excepcional para cabello seco, rizado o encrespado. Utilizado tradicionalmente para el crecimiento del cabello, el zapote tambi\u00e9n ayuda a calmar el cuero cabelludo sensibilizado. Vers\u00e1til, este b\u00e1lsamo tambi\u00e9n se puede utilizar en las zonas secas del cuerpo (manos, pies, codos, etc.).  Tama\u00f1o: 100ml\" \/>\n<meta property=\"og:url\" content=\"https:\/\/lovecocoearth.com\/es\/produit\/manteca-de-zapote\/\" \/>\n<meta property=\"og:site_name\" content=\"Love Coco Earth I Site Officiel\" \/>\n<meta property=\"article:modified_time\" content=\"2024-08-06T18:36:44+00:00\" \/>\n<meta property=\"og:image\" content=\"https:\/\/lovecocoearth.com\/wp-content\/uploads\/sites\/81\/2023\/10\/beurre-de-sapote.jpg\" \/>\n\t<meta property=\"og:image:width\" content=\"791\" \/>\n\t<meta property=\"og:image:height\" content=\"1024\" \/>\n\t<meta property=\"og:image:type\" content=\"image\/jpeg\" \/>\n<meta name=\"twitter:card\" content=\"summary_large_image\" \/>\n<script type=\"application\/ld+json\" class=\"yoast-schema-graph\">{\"@context\":\"https:\\\/\\\/schema.org\",\"@graph\":[{\"@type\":\"WebPage\",\"@id\":\"https:\\\/\\\/lovecocoearth.com\\\/es\\\/produit\\\/manteca-de-zapote\\\/\",\"url\":\"https:\\\/\\\/lovecocoearth.com\\\/es\\\/produit\\\/manteca-de-zapote\\\/\",\"name\":\"Manteca de Zapote - Love Coco Earth I Site Officiel\",\"isPartOf\":{\"@id\":\"https:\\\/\\\/lovecocoearth.com\\\/#website\"},\"primaryImageOfPage\":{\"@id\":\"https:\\\/\\\/lovecocoearth.com\\\/es\\\/produit\\\/manteca-de-zapote\\\/#primaryimage\"},\"image\":{\"@id\":\"https:\\\/\\\/lovecocoearth.com\\\/es\\\/produit\\\/manteca-de-zapote\\\/#primaryimage\"},\"thumbnailUrl\":\"https:\\\/\\\/lovecocoearth.com\\\/wp-content\\\/uploads\\\/sites\\\/81\\\/2023\\\/10\\\/beurre-de-sapote.jpg\",\"datePublished\":\"2023-10-05T18:53:17+00:00\",\"dateModified\":\"2024-08-06T18:36:44+00:00\",\"breadcrumb\":{\"@id\":\"https:\\\/\\\/lovecocoearth.com\\\/es\\\/produit\\\/manteca-de-zapote\\\/#breadcrumb\"},\"inLanguage\":\"es\",\"potentialAction\":[{\"@type\":\"ReadAction\",\"target\":[\"https:\\\/\\\/lovecocoearth.com\\\/es\\\/produit\\\/manteca-de-zapote\\\/\"]}]},{\"@type\":\"ImageObject\",\"inLanguage\":\"es\",\"@id\":\"https:\\\/\\\/lovecocoearth.com\\\/es\\\/produit\\\/manteca-de-zapote\\\/#primaryimage\",\"url\":\"https:\\\/\\\/lovecocoearth.com\\\/wp-content\\\/uploads\\\/sites\\\/81\\\/2023\\\/10\\\/beurre-de-sapote.jpg\",\"contentUrl\":\"https:\\\/\\\/lovecocoearth.com\\\/wp-content\\\/uploads\\\/sites\\\/81\\\/2023\\\/10\\\/beurre-de-sapote.jpg\",\"width\":791,\"height\":1024},{\"@type\":\"BreadcrumbList\",\"@id\":\"https:\\\/\\\/lovecocoearth.com\\\/es\\\/produit\\\/manteca-de-zapote\\\/#breadcrumb\",\"itemListElement\":[{\"@type\":\"ListItem\",\"position\":1,\"name\":\"Accueil\",\"item\":\"https:\\\/\\\/lovecocoearth.com\\\/es\\\/\"},{\"@type\":\"ListItem\",\"position\":2,\"name\":\"Boutique\",\"item\":\"https:\\\/\\\/lovecocoearth.com\\\/boutique\\\/\"},{\"@type\":\"ListItem\",\"position\":3,\"name\":\"Manteca de Zapote\"}]},{\"@type\":\"WebSite\",\"@id\":\"https:\\\/\\\/lovecocoearth.com\\\/#website\",\"url\":\"https:\\\/\\\/lovecocoearth.com\\\/\",\"name\":\"Love Coco Earth I Site Officiel\",\"description\":\"Des cosm\u00e9tiques responsables et \u00e9thiques\",\"publisher\":{\"@id\":\"https:\\\/\\\/lovecocoearth.com\\\/#organization\"},\"potentialAction\":[{\"@type\":\"SearchAction\",\"target\":{\"@type\":\"EntryPoint\",\"urlTemplate\":\"https:\\\/\\\/lovecocoearth.com\\\/?s={search_term_string}\"},\"query-input\":{\"@type\":\"PropertyValueSpecification\",\"valueRequired\":true,\"valueName\":\"search_term_string\"}}],\"inLanguage\":\"es\"},{\"@type\":\"Organization\",\"@id\":\"https:\\\/\\\/lovecocoearth.com\\\/#organization\",\"name\":\"Love Coco Earth I Site Officiel\",\"url\":\"https:\\\/\\\/lovecocoearth.com\\\/\",\"logo\":{\"@type\":\"ImageObject\",\"inLanguage\":\"es\",\"@id\":\"https:\\\/\\\/lovecocoearth.com\\\/#\\\/schema\\\/logo\\\/image\\\/\",\"url\":\"https:\\\/\\\/lovecocoearth.com\\\/wp-content\\\/uploads\\\/sites\\\/81\\\/2023\\\/10\\\/cropped-Logo-Love-Coco-Earth-sans-fond.png\",\"contentUrl\":\"https:\\\/\\\/lovecocoearth.com\\\/wp-content\\\/uploads\\\/sites\\\/81\\\/2023\\\/10\\\/cropped-Logo-Love-Coco-Earth-sans-fond.png\",\"width\":782,\"height\":782,\"caption\":\"Love Coco Earth I Site Officiel\"},\"image\":{\"@id\":\"https:\\\/\\\/lovecocoearth.com\\\/#\\\/schema\\\/logo\\\/image\\\/\"}}]}<\/script>","yoast_head_json":{"title":"Manteca de Zapote - Love Coco Earth I Site Officiel","robots":{"index":"index","follow":"follow","max-snippet":"max-snippet:-1","max-image-preview":"max-image-preview:large","max-video-preview":"max-video-preview:-1"},"canonical":"https:\/\/lovecocoearth.com\/es\/produit\/manteca-de-zapote\/","og_locale":"es_ES","og_type":"article","og_title":"Manteca de Zapote","og_description":"La manteca de zapote es un tratamiento excepcional para cabello seco, rizado o encrespado. Utilizado tradicionalmente para el crecimiento del cabello, el zapote tambi\u00e9n ayuda a calmar el cuero cabelludo sensibilizado. Vers\u00e1til, este b\u00e1lsamo tambi\u00e9n se puede utilizar en las zonas secas del cuerpo (manos, pies, codos, etc.).  Tama\u00f1o: 100ml","og_url":"https:\/\/lovecocoearth.com\/es\/produit\/manteca-de-zapote\/","og_site_name":"Love Coco Earth I Site Officiel","article_modified_time":"2024-08-06T18:36:44+00:00","og_image":[{"width":791,"height":1024,"url":"https:\/\/lovecocoearth.com\/wp-content\/uploads\/sites\/81\/2023\/10\/beurre-de-sapote.jpg","type":"image\/jpeg"}],"twitter_card":"summary_large_image","schema":{"@context":"https:\/\/schema.org","@graph":[{"@type":"WebPage","@id":"https:\/\/lovecocoearth.com\/es\/produit\/manteca-de-zapote\/","url":"https:\/\/lovecocoearth.com\/es\/produit\/manteca-de-zapote\/","name":"Manteca de Zapote - Love Coco Earth I Site Officiel","isPartOf":{"@id":"https:\/\/lovecocoearth.com\/#website"},"primaryImageOfPage":{"@id":"https:\/\/lovecocoearth.com\/es\/produit\/manteca-de-zapote\/#primaryimage"},"image":{"@id":"https:\/\/lovecocoearth.com\/es\/produit\/manteca-de-zapote\/#primaryimage"},"thumbnailUrl":"https:\/\/lovecocoearth.com\/wp-content\/uploads\/sites\/81\/2023\/10\/beurre-de-sapote.jpg","datePublished":"2023-10-05T18:53:17+00:00","dateModified":"2024-08-06T18:36:44+00:00","breadcrumb":{"@id":"https:\/\/lovecocoearth.com\/es\/produit\/manteca-de-zapote\/#breadcrumb"},"inLanguage":"es","potentialAction":[{"@type":"ReadAction","target":["https:\/\/lovecocoearth.com\/es\/produit\/manteca-de-zapote\/"]}]},{"@type":"ImageObject","inLanguage":"es","@id":"https:\/\/lovecocoearth.com\/es\/produit\/manteca-de-zapote\/#primaryimage","url":"https:\/\/lovecocoearth.com\/wp-content\/uploads\/sites\/81\/2023\/10\/beurre-de-sapote.jpg","contentUrl":"https:\/\/lovecocoearth.com\/wp-content\/uploads\/sites\/81\/2023\/10\/beurre-de-sapote.jpg","width":791,"height":1024},{"@type":"BreadcrumbList","@id":"https:\/\/lovecocoearth.com\/es\/produit\/manteca-de-zapote\/#breadcrumb","itemListElement":[{"@type":"ListItem","position":1,"name":"Accueil","item":"https:\/\/lovecocoearth.com\/es\/"},{"@type":"ListItem","position":2,"name":"Boutique","item":"https:\/\/lovecocoearth.com\/boutique\/"},{"@type":"ListItem","position":3,"name":"Manteca de Zapote"}]},{"@type":"WebSite","@id":"https:\/\/lovecocoearth.com\/#website","url":"https:\/\/lovecocoearth.com\/","name":"Love Coco Earth I Site Officiel","description":"Des cosm\u00e9tiques responsables et \u00e9thiques","publisher":{"@id":"https:\/\/lovecocoearth.com\/#organization"},"potentialAction":[{"@type":"SearchAction","target":{"@type":"EntryPoint","urlTemplate":"https:\/\/lovecocoearth.com\/?s={search_term_string}"},"query-input":{"@type":"PropertyValueSpecification","valueRequired":true,"valueName":"search_term_string"}}],"inLanguage":"es"},{"@type":"Organization","@id":"https:\/\/lovecocoearth.com\/#organization","name":"Love Coco Earth I Site Officiel","url":"https:\/\/lovecocoearth.com\/","logo":{"@type":"ImageObject","inLanguage":"es","@id":"https:\/\/lovecocoearth.com\/#\/schema\/logo\/image\/","url":"https:\/\/lovecocoearth.com\/wp-content\/uploads\/sites\/81\/2023\/10\/cropped-Logo-Love-Coco-Earth-sans-fond.png","contentUrl":"https:\/\/lovecocoearth.com\/wp-content\/uploads\/sites\/81\/2023\/10\/cropped-Logo-Love-Coco-Earth-sans-fond.png","width":782,"height":782,"caption":"Love Coco Earth I Site Officiel"},"image":{"@id":"https:\/\/lovecocoearth.com\/#\/schema\/logo\/image\/"}}]}},"_links":{"self":[{"href":"https:\/\/lovecocoearth.com\/es\/wp-json\/wp\/v2\/product\/3266","targetHints":{"allow":["GET"]}}],"collection":[{"href":"https:\/\/lovecocoearth.com\/es\/wp-json\/wp\/v2\/product"}],"about":[{"href":"https:\/\/lovecocoearth.com\/es\/wp-json\/wp\/v2\/types\/product"}],"replies":[{"embeddable":true,"href":"https:\/\/lovecocoearth.com\/es\/wp-json\/wp\/v2\/comments?post=3266"}],"wp:featuredmedia":[{"embeddable":true,"href":"https:\/\/lovecocoearth.com\/es\/wp-json\/wp\/v2\/media\/1646"}],"wp:attachment":[{"href":"https:\/\/lovecocoearth.com\/es\/wp-json\/wp\/v2\/media?parent=3266"}],"wp:term":[{"taxonomy":"product_brand","embeddable":true,"href":"https:\/\/lovecocoearth.com\/es\/wp-json\/wp\/v2\/product_brand?post=3266"},{"taxonomy":"product_cat","embeddable":true,"href":"https:\/\/lovecocoearth.com\/es\/wp-json\/wp\/v2\/product_cat?post=3266"},{"taxonomy":"product_tag","embeddable":true,"href":"https:\/\/lovecocoearth.com\/es\/wp-json\/wp\/v2\/product_tag?post=3266"}],"curies":[{"name":"wp","href":"https:\/\/api.w.org\/{rel}","templated":true}]}}