{"id":3260,"date":"2023-10-05T18:22:13","date_gmt":"2023-10-05T16:22:13","guid":{"rendered":"https:\/\/lovecocoearth.com\/produit\/champu-solido-fortalecedor\/"},"modified":"2024-08-06T20:17:20","modified_gmt":"2024-08-06T18:17:20","slug":"champu-solido-fortalecedor","status":"publish","type":"product","link":"https:\/\/lovecocoearth.com\/es\/produit\/champu-solido-fortalecedor\/","title":{"rendered":"Champ\u00fa S\u00f3lido Fortalecedor"},"content":{"rendered":"<p><strong>Modo de uso<\/strong> : Humedecer el champ\u00fa, frotarlo por el cabello, frotar, extender por todo el cabello y aclarar.<\/p>\n<p><strong>Origen<\/strong>: La ortiga crece excesivamente en el Caribe.<\/p>\n<p><strong>Composici\u00f3n<\/strong> :<\/p>\n<p>Cocoil isetionato de sodio<br \/>\nCocos nucifera<br \/>\nAceite de urtica dioica en polvo<br \/>\nPolvo de fruta de Acacia concinna<br \/>\nAgua<\/p>\n","protected":false},"excerpt":{"rendered":"<p>El aceite de c\u00e1rtamo y el aceite de coco nutren el cabello y lo protegen de la deshidrataci\u00f3n. Conocido por estimular el crecimiento del cabello. Envuelve el cabello y retiene el agua en la fibra capilar. Rica en antioxidantes, lucha contra los radicales libres responsables del envejecimiento de los bulbos pilosos. El polvo de ortiga es un fortalecedor natural del cabello, la ortiga aporta los minerales y vitaminas necesarios para fortalecer el cabello y devolverle su belleza natural. Ayuda a combatir la ca\u00edda del cabello. Shikakai limpia suavemente el cabello y el cuero cabelludo, devolviendo brillo y fuerza al cabello. Utilizado tradicionalmente para promover el crecimiento del cabello. Limita la formaci\u00f3n de caspa.<\/p>\n<p><strong>INDICACI\u00d3N<\/strong>: Cabello encrespado, mechones, caspa, cabello da\u00f1ado.<\/p>\n","protected":false},"featured_media":1670,"comment_status":"open","ping_status":"closed","template":"","meta":[],"product_brand":[],"product_cat":[200,203],"product_tag":[],"class_list":{"0":"post-3260","1":"product","2":"type-product","3":"status-publish","4":"has-post-thumbnail","6":"product_cat-champus","7":"product_cat-cuidado-del-cabello","9":"first","10":"instock","11":"taxable","12":"shipping-taxable","13":"purchasable","14":"product-type-simple"},"yoast_head":"<title>Champ\u00fa S\u00f3lido Fortalecedor - Love Coco Earth I Site Officiel<\/title>\n<meta name=\"robots\" content=\"index, follow, max-snippet:-1, max-image-preview:large, max-video-preview:-1\" \/>\n<link rel=\"canonical\" href=\"https:\/\/lovecocoearth.com\/es\/produit\/champu-solido-fortalecedor\/\" \/>\n<meta property=\"og:locale\" content=\"es_ES\" \/>\n<meta property=\"og:type\" content=\"article\" \/>\n<meta property=\"og:title\" content=\"Champ\u00fa S\u00f3lido Fortalecedor\" \/>\n<meta property=\"og:description\" content=\"El aceite de c\u00e1rtamo y el aceite de coco nutren el cabello y lo protegen de la deshidrataci\u00f3n. Conocido por estimular el crecimiento del cabello. Envuelve el cabello y retiene el agua en la fibra capilar. Rica en antioxidantes, lucha contra los radicales libres responsables del envejecimiento de los bulbos pilosos. El polvo de ortiga es un fortalecedor natural del cabello, la ortiga aporta los minerales y vitaminas necesarios para fortalecer el cabello y devolverle su belleza natural. Ayuda a combatir la ca\u00edda del cabello. Shikakai limpia suavemente el cabello y el cuero cabelludo, devolviendo brillo y fuerza al cabello. Utilizado tradicionalmente para promover el crecimiento del cabello. Limita la formaci\u00f3n de caspa.  INDICACI\u00d3N: Cabello encrespado, mechones, caspa, cabello da\u00f1ado.\" \/>\n<meta property=\"og:url\" content=\"https:\/\/lovecocoearth.com\/es\/produit\/champu-solido-fortalecedor\/\" \/>\n<meta property=\"og:site_name\" content=\"Love Coco Earth I Site Officiel\" \/>\n<meta property=\"article:modified_time\" content=\"2024-08-06T18:17:20+00:00\" \/>\n<meta property=\"og:image\" content=\"https:\/\/lovecocoearth.com\/wp-content\/uploads\/sites\/81\/2023\/10\/shampoing-fortifiant.jpg\" \/>\n\t<meta property=\"og:image:width\" content=\"791\" \/>\n\t<meta property=\"og:image:height\" content=\"1024\" \/>\n\t<meta property=\"og:image:type\" content=\"image\/jpeg\" \/>\n<meta name=\"twitter:card\" content=\"summary_large_image\" \/>\n<script type=\"application\/ld+json\" class=\"yoast-schema-graph\">{\"@context\":\"https:\\\/\\\/schema.org\",\"@graph\":[{\"@type\":\"WebPage\",\"@id\":\"https:\\\/\\\/lovecocoearth.com\\\/es\\\/produit\\\/champu-solido-fortalecedor\\\/\",\"url\":\"https:\\\/\\\/lovecocoearth.com\\\/es\\\/produit\\\/champu-solido-fortalecedor\\\/\",\"name\":\"Champ\u00fa S\u00f3lido Fortalecedor - Love Coco Earth I Site Officiel\",\"isPartOf\":{\"@id\":\"https:\\\/\\\/lovecocoearth.com\\\/#website\"},\"primaryImageOfPage\":{\"@id\":\"https:\\\/\\\/lovecocoearth.com\\\/es\\\/produit\\\/champu-solido-fortalecedor\\\/#primaryimage\"},\"image\":{\"@id\":\"https:\\\/\\\/lovecocoearth.com\\\/es\\\/produit\\\/champu-solido-fortalecedor\\\/#primaryimage\"},\"thumbnailUrl\":\"https:\\\/\\\/lovecocoearth.com\\\/wp-content\\\/uploads\\\/sites\\\/81\\\/2023\\\/10\\\/shampoing-fortifiant.jpg\",\"datePublished\":\"2023-10-05T16:22:13+00:00\",\"dateModified\":\"2024-08-06T18:17:20+00:00\",\"breadcrumb\":{\"@id\":\"https:\\\/\\\/lovecocoearth.com\\\/es\\\/produit\\\/champu-solido-fortalecedor\\\/#breadcrumb\"},\"inLanguage\":\"es\",\"potentialAction\":[{\"@type\":\"ReadAction\",\"target\":[\"https:\\\/\\\/lovecocoearth.com\\\/es\\\/produit\\\/champu-solido-fortalecedor\\\/\"]}]},{\"@type\":\"ImageObject\",\"inLanguage\":\"es\",\"@id\":\"https:\\\/\\\/lovecocoearth.com\\\/es\\\/produit\\\/champu-solido-fortalecedor\\\/#primaryimage\",\"url\":\"https:\\\/\\\/lovecocoearth.com\\\/wp-content\\\/uploads\\\/sites\\\/81\\\/2023\\\/10\\\/shampoing-fortifiant.jpg\",\"contentUrl\":\"https:\\\/\\\/lovecocoearth.com\\\/wp-content\\\/uploads\\\/sites\\\/81\\\/2023\\\/10\\\/shampoing-fortifiant.jpg\",\"width\":791,\"height\":1024},{\"@type\":\"BreadcrumbList\",\"@id\":\"https:\\\/\\\/lovecocoearth.com\\\/es\\\/produit\\\/champu-solido-fortalecedor\\\/#breadcrumb\",\"itemListElement\":[{\"@type\":\"ListItem\",\"position\":1,\"name\":\"Accueil\",\"item\":\"https:\\\/\\\/lovecocoearth.com\\\/es\\\/\"},{\"@type\":\"ListItem\",\"position\":2,\"name\":\"Boutique\",\"item\":\"https:\\\/\\\/lovecocoearth.com\\\/boutique\\\/\"},{\"@type\":\"ListItem\",\"position\":3,\"name\":\"Champ\u00fa S\u00f3lido Fortalecedor\"}]},{\"@type\":\"WebSite\",\"@id\":\"https:\\\/\\\/lovecocoearth.com\\\/#website\",\"url\":\"https:\\\/\\\/lovecocoearth.com\\\/\",\"name\":\"Love Coco Earth I Site Officiel\",\"description\":\"Des cosm\u00e9tiques responsables et \u00e9thiques\",\"publisher\":{\"@id\":\"https:\\\/\\\/lovecocoearth.com\\\/#organization\"},\"potentialAction\":[{\"@type\":\"SearchAction\",\"target\":{\"@type\":\"EntryPoint\",\"urlTemplate\":\"https:\\\/\\\/lovecocoearth.com\\\/?s={search_term_string}\"},\"query-input\":{\"@type\":\"PropertyValueSpecification\",\"valueRequired\":true,\"valueName\":\"search_term_string\"}}],\"inLanguage\":\"es\"},{\"@type\":\"Organization\",\"@id\":\"https:\\\/\\\/lovecocoearth.com\\\/#organization\",\"name\":\"Love Coco Earth I Site Officiel\",\"url\":\"https:\\\/\\\/lovecocoearth.com\\\/\",\"logo\":{\"@type\":\"ImageObject\",\"inLanguage\":\"es\",\"@id\":\"https:\\\/\\\/lovecocoearth.com\\\/#\\\/schema\\\/logo\\\/image\\\/\",\"url\":\"https:\\\/\\\/lovecocoearth.com\\\/wp-content\\\/uploads\\\/sites\\\/81\\\/2023\\\/10\\\/cropped-Logo-Love-Coco-Earth-sans-fond.png\",\"contentUrl\":\"https:\\\/\\\/lovecocoearth.com\\\/wp-content\\\/uploads\\\/sites\\\/81\\\/2023\\\/10\\\/cropped-Logo-Love-Coco-Earth-sans-fond.png\",\"width\":782,\"height\":782,\"caption\":\"Love Coco Earth I Site Officiel\"},\"image\":{\"@id\":\"https:\\\/\\\/lovecocoearth.com\\\/#\\\/schema\\\/logo\\\/image\\\/\"}}]}<\/script>","yoast_head_json":{"title":"Champ\u00fa S\u00f3lido Fortalecedor - Love Coco Earth I Site Officiel","robots":{"index":"index","follow":"follow","max-snippet":"max-snippet:-1","max-image-preview":"max-image-preview:large","max-video-preview":"max-video-preview:-1"},"canonical":"https:\/\/lovecocoearth.com\/es\/produit\/champu-solido-fortalecedor\/","og_locale":"es_ES","og_type":"article","og_title":"Champ\u00fa S\u00f3lido Fortalecedor","og_description":"El aceite de c\u00e1rtamo y el aceite de coco nutren el cabello y lo protegen de la deshidrataci\u00f3n. Conocido por estimular el crecimiento del cabello. Envuelve el cabello y retiene el agua en la fibra capilar. Rica en antioxidantes, lucha contra los radicales libres responsables del envejecimiento de los bulbos pilosos. El polvo de ortiga es un fortalecedor natural del cabello, la ortiga aporta los minerales y vitaminas necesarios para fortalecer el cabello y devolverle su belleza natural. Ayuda a combatir la ca\u00edda del cabello. Shikakai limpia suavemente el cabello y el cuero cabelludo, devolviendo brillo y fuerza al cabello. Utilizado tradicionalmente para promover el crecimiento del cabello. Limita la formaci\u00f3n de caspa.  INDICACI\u00d3N: Cabello encrespado, mechones, caspa, cabello da\u00f1ado.","og_url":"https:\/\/lovecocoearth.com\/es\/produit\/champu-solido-fortalecedor\/","og_site_name":"Love Coco Earth I Site Officiel","article_modified_time":"2024-08-06T18:17:20+00:00","og_image":[{"width":791,"height":1024,"url":"https:\/\/lovecocoearth.com\/wp-content\/uploads\/sites\/81\/2023\/10\/shampoing-fortifiant.jpg","type":"image\/jpeg"}],"twitter_card":"summary_large_image","schema":{"@context":"https:\/\/schema.org","@graph":[{"@type":"WebPage","@id":"https:\/\/lovecocoearth.com\/es\/produit\/champu-solido-fortalecedor\/","url":"https:\/\/lovecocoearth.com\/es\/produit\/champu-solido-fortalecedor\/","name":"Champ\u00fa S\u00f3lido Fortalecedor - Love Coco Earth I Site Officiel","isPartOf":{"@id":"https:\/\/lovecocoearth.com\/#website"},"primaryImageOfPage":{"@id":"https:\/\/lovecocoearth.com\/es\/produit\/champu-solido-fortalecedor\/#primaryimage"},"image":{"@id":"https:\/\/lovecocoearth.com\/es\/produit\/champu-solido-fortalecedor\/#primaryimage"},"thumbnailUrl":"https:\/\/lovecocoearth.com\/wp-content\/uploads\/sites\/81\/2023\/10\/shampoing-fortifiant.jpg","datePublished":"2023-10-05T16:22:13+00:00","dateModified":"2024-08-06T18:17:20+00:00","breadcrumb":{"@id":"https:\/\/lovecocoearth.com\/es\/produit\/champu-solido-fortalecedor\/#breadcrumb"},"inLanguage":"es","potentialAction":[{"@type":"ReadAction","target":["https:\/\/lovecocoearth.com\/es\/produit\/champu-solido-fortalecedor\/"]}]},{"@type":"ImageObject","inLanguage":"es","@id":"https:\/\/lovecocoearth.com\/es\/produit\/champu-solido-fortalecedor\/#primaryimage","url":"https:\/\/lovecocoearth.com\/wp-content\/uploads\/sites\/81\/2023\/10\/shampoing-fortifiant.jpg","contentUrl":"https:\/\/lovecocoearth.com\/wp-content\/uploads\/sites\/81\/2023\/10\/shampoing-fortifiant.jpg","width":791,"height":1024},{"@type":"BreadcrumbList","@id":"https:\/\/lovecocoearth.com\/es\/produit\/champu-solido-fortalecedor\/#breadcrumb","itemListElement":[{"@type":"ListItem","position":1,"name":"Accueil","item":"https:\/\/lovecocoearth.com\/es\/"},{"@type":"ListItem","position":2,"name":"Boutique","item":"https:\/\/lovecocoearth.com\/boutique\/"},{"@type":"ListItem","position":3,"name":"Champ\u00fa S\u00f3lido Fortalecedor"}]},{"@type":"WebSite","@id":"https:\/\/lovecocoearth.com\/#website","url":"https:\/\/lovecocoearth.com\/","name":"Love Coco Earth I Site Officiel","description":"Des cosm\u00e9tiques responsables et \u00e9thiques","publisher":{"@id":"https:\/\/lovecocoearth.com\/#organization"},"potentialAction":[{"@type":"SearchAction","target":{"@type":"EntryPoint","urlTemplate":"https:\/\/lovecocoearth.com\/?s={search_term_string}"},"query-input":{"@type":"PropertyValueSpecification","valueRequired":true,"valueName":"search_term_string"}}],"inLanguage":"es"},{"@type":"Organization","@id":"https:\/\/lovecocoearth.com\/#organization","name":"Love Coco Earth I Site Officiel","url":"https:\/\/lovecocoearth.com\/","logo":{"@type":"ImageObject","inLanguage":"es","@id":"https:\/\/lovecocoearth.com\/#\/schema\/logo\/image\/","url":"https:\/\/lovecocoearth.com\/wp-content\/uploads\/sites\/81\/2023\/10\/cropped-Logo-Love-Coco-Earth-sans-fond.png","contentUrl":"https:\/\/lovecocoearth.com\/wp-content\/uploads\/sites\/81\/2023\/10\/cropped-Logo-Love-Coco-Earth-sans-fond.png","width":782,"height":782,"caption":"Love Coco Earth I Site Officiel"},"image":{"@id":"https:\/\/lovecocoearth.com\/#\/schema\/logo\/image\/"}}]}},"_links":{"self":[{"href":"https:\/\/lovecocoearth.com\/es\/wp-json\/wp\/v2\/product\/3260","targetHints":{"allow":["GET"]}}],"collection":[{"href":"https:\/\/lovecocoearth.com\/es\/wp-json\/wp\/v2\/product"}],"about":[{"href":"https:\/\/lovecocoearth.com\/es\/wp-json\/wp\/v2\/types\/product"}],"replies":[{"embeddable":true,"href":"https:\/\/lovecocoearth.com\/es\/wp-json\/wp\/v2\/comments?post=3260"}],"wp:featuredmedia":[{"embeddable":true,"href":"https:\/\/lovecocoearth.com\/es\/wp-json\/wp\/v2\/media\/1670"}],"wp:attachment":[{"href":"https:\/\/lovecocoearth.com\/es\/wp-json\/wp\/v2\/media?parent=3260"}],"wp:term":[{"taxonomy":"product_brand","embeddable":true,"href":"https:\/\/lovecocoearth.com\/es\/wp-json\/wp\/v2\/product_brand?post=3260"},{"taxonomy":"product_cat","embeddable":true,"href":"https:\/\/lovecocoearth.com\/es\/wp-json\/wp\/v2\/product_cat?post=3260"},{"taxonomy":"product_tag","embeddable":true,"href":"https:\/\/lovecocoearth.com\/es\/wp-json\/wp\/v2\/product_tag?post=3260"}],"curies":[{"name":"wp","href":"https:\/\/api.w.org\/{rel}","templated":true}]}}