{"id":3252,"date":"2023-10-05T21:37:45","date_gmt":"2023-10-05T19:37:45","guid":{"rendered":"https:\/\/lovecocoearth.com\/produit\/desodorante\/"},"modified":"2024-08-05T22:45:02","modified_gmt":"2024-08-05T20:45:02","slug":"desodorante","status":"publish","type":"product","link":"https:\/\/lovecocoearth.com\/es\/produit\/desodorante\/","title":{"rendered":"Desodorante"},"content":{"rendered":"<p><strong>Modo de empleo<\/strong> : Empujar ligeramente el producto desde abajo (s\u00f3lo la cantidad deseada) y aplicar.<\/p>\n<p><strong>Origen<\/strong> : El aceite de jojoba se encuentra en California y M\u00e9xico.<\/p>\n<p><strong>Composici\u00f3n<\/strong> :<\/p>\n<p>Hidr\u00f3xido de magnesio<br \/>\nEstofado de Zea Mays<br \/>\nAceite de coco nucifera<br \/>\nAceite de Prunus amygdalus dulcia<br \/>\ncera alba<br \/>\ntocoferol<br \/>\nMentha spicata L o linalol<br \/>\nsalicilato de isoamilo<\/p>\n","protected":false},"excerpt":{"rendered":"<p>Este desodorante sin aluminio tambi\u00e9n ser\u00e1 eficaz contra los olores. Aceite de jojoba: Regulador y suavizante, este aceite es un ingrediente apreciado por su tacto penetrante que no deja pel\u00edcula grasa. Protege la piel de la deshidrataci\u00f3n. El hidr\u00f3xido de magnesio es uno de los mejores ingredientes activos de los desodorantes org\u00e1nicos. Este componente es eficaz para neutralizar los olores, regular la transpiraci\u00f3n y dejar respirar la piel. Manteca de Karit\u00e9: rica y nutritiva, protege, suaviza y reestructura la piel da\u00f1ada por el afeitado o la depilaci\u00f3n. Aceite de coco: este aceite es un ingrediente muy apreciado por sus propiedades protectoras, suavizantes y emolientes para la piel.<\/p>\n","protected":false},"featured_media":1655,"comment_status":"open","ping_status":"closed","template":"","meta":[],"product_brand":[],"product_cat":[180,192],"product_tag":[],"class_list":{"0":"post-3252","1":"product","2":"type-product","3":"status-publish","4":"has-post-thumbnail","6":"product_cat-liste-soins-corps-es","7":"product_cat-cuidado-del-cuerpo","9":"first","10":"instock","11":"taxable","12":"shipping-taxable","13":"purchasable","14":"product-type-variable"},"yoast_head":"<title>Desodorante - Love Coco Earth I Site Officiel<\/title>\n<meta name=\"robots\" content=\"index, follow, max-snippet:-1, max-image-preview:large, max-video-preview:-1\" \/>\n<link rel=\"canonical\" href=\"https:\/\/lovecocoearth.com\/es\/produit\/desodorante\/\" \/>\n<meta property=\"og:locale\" content=\"es_ES\" \/>\n<meta property=\"og:type\" content=\"article\" \/>\n<meta property=\"og:title\" content=\"Desodorante\" \/>\n<meta property=\"og:description\" content=\"Este desodorante sin aluminio tambi\u00e9n ser\u00e1 eficaz contra los olores. Aceite de jojoba: Regulador y suavizante, este aceite es un ingrediente apreciado por su tacto penetrante que no deja pel\u00edcula grasa. Protege la piel de la deshidrataci\u00f3n. El hidr\u00f3xido de magnesio es uno de los mejores ingredientes activos de los desodorantes org\u00e1nicos. Este componente es eficaz para neutralizar los olores, regular la transpiraci\u00f3n y dejar respirar la piel. Manteca de Karit\u00e9: rica y nutritiva, protege, suaviza y reestructura la piel da\u00f1ada por el afeitado o la depilaci\u00f3n. Aceite de coco: este aceite es un ingrediente muy apreciado por sus propiedades protectoras, suavizantes y emolientes para la piel.\" \/>\n<meta property=\"og:url\" content=\"https:\/\/lovecocoearth.com\/es\/produit\/desodorante\/\" \/>\n<meta property=\"og:site_name\" content=\"Love Coco Earth I Site Officiel\" \/>\n<meta property=\"article:modified_time\" content=\"2024-08-05T20:45:02+00:00\" \/>\n<meta property=\"og:image\" content=\"https:\/\/lovecocoearth.com\/wp-content\/uploads\/sites\/81\/2023\/10\/deodorant-2.jpg\" \/>\n\t<meta property=\"og:image:width\" content=\"791\" \/>\n\t<meta property=\"og:image:height\" content=\"1024\" \/>\n\t<meta property=\"og:image:type\" content=\"image\/jpeg\" \/>\n<meta name=\"twitter:card\" content=\"summary_large_image\" \/>\n<script type=\"application\/ld+json\" class=\"yoast-schema-graph\">{\"@context\":\"https:\\\/\\\/schema.org\",\"@graph\":[{\"@type\":\"WebPage\",\"@id\":\"https:\\\/\\\/lovecocoearth.com\\\/es\\\/produit\\\/desodorante\\\/\",\"url\":\"https:\\\/\\\/lovecocoearth.com\\\/es\\\/produit\\\/desodorante\\\/\",\"name\":\"Desodorante - Love Coco Earth I Site Officiel\",\"isPartOf\":{\"@id\":\"https:\\\/\\\/lovecocoearth.com\\\/#website\"},\"primaryImageOfPage\":{\"@id\":\"https:\\\/\\\/lovecocoearth.com\\\/es\\\/produit\\\/desodorante\\\/#primaryimage\"},\"image\":{\"@id\":\"https:\\\/\\\/lovecocoearth.com\\\/es\\\/produit\\\/desodorante\\\/#primaryimage\"},\"thumbnailUrl\":\"https:\\\/\\\/lovecocoearth.com\\\/wp-content\\\/uploads\\\/sites\\\/81\\\/2023\\\/10\\\/deodorant-2.jpg\",\"datePublished\":\"2023-10-05T19:37:45+00:00\",\"dateModified\":\"2024-08-05T20:45:02+00:00\",\"breadcrumb\":{\"@id\":\"https:\\\/\\\/lovecocoearth.com\\\/es\\\/produit\\\/desodorante\\\/#breadcrumb\"},\"inLanguage\":\"es\",\"potentialAction\":[{\"@type\":\"ReadAction\",\"target\":[\"https:\\\/\\\/lovecocoearth.com\\\/es\\\/produit\\\/desodorante\\\/\"]}]},{\"@type\":\"ImageObject\",\"inLanguage\":\"es\",\"@id\":\"https:\\\/\\\/lovecocoearth.com\\\/es\\\/produit\\\/desodorante\\\/#primaryimage\",\"url\":\"https:\\\/\\\/lovecocoearth.com\\\/wp-content\\\/uploads\\\/sites\\\/81\\\/2023\\\/10\\\/deodorant-2.jpg\",\"contentUrl\":\"https:\\\/\\\/lovecocoearth.com\\\/wp-content\\\/uploads\\\/sites\\\/81\\\/2023\\\/10\\\/deodorant-2.jpg\",\"width\":791,\"height\":1024,\"caption\":\"D\u00e9odorant pour une hygi\u00e8ne impeccable.\"},{\"@type\":\"BreadcrumbList\",\"@id\":\"https:\\\/\\\/lovecocoearth.com\\\/es\\\/produit\\\/desodorante\\\/#breadcrumb\",\"itemListElement\":[{\"@type\":\"ListItem\",\"position\":1,\"name\":\"Accueil\",\"item\":\"https:\\\/\\\/lovecocoearth.com\\\/es\\\/\"},{\"@type\":\"ListItem\",\"position\":2,\"name\":\"Boutique\",\"item\":\"https:\\\/\\\/lovecocoearth.com\\\/boutique\\\/\"},{\"@type\":\"ListItem\",\"position\":3,\"name\":\"Desodorante\"}]},{\"@type\":\"WebSite\",\"@id\":\"https:\\\/\\\/lovecocoearth.com\\\/#website\",\"url\":\"https:\\\/\\\/lovecocoearth.com\\\/\",\"name\":\"Love Coco Earth I Site Officiel\",\"description\":\"Des cosm\u00e9tiques responsables et \u00e9thiques\",\"publisher\":{\"@id\":\"https:\\\/\\\/lovecocoearth.com\\\/#organization\"},\"potentialAction\":[{\"@type\":\"SearchAction\",\"target\":{\"@type\":\"EntryPoint\",\"urlTemplate\":\"https:\\\/\\\/lovecocoearth.com\\\/?s={search_term_string}\"},\"query-input\":{\"@type\":\"PropertyValueSpecification\",\"valueRequired\":true,\"valueName\":\"search_term_string\"}}],\"inLanguage\":\"es\"},{\"@type\":\"Organization\",\"@id\":\"https:\\\/\\\/lovecocoearth.com\\\/#organization\",\"name\":\"Love Coco Earth I Site Officiel\",\"url\":\"https:\\\/\\\/lovecocoearth.com\\\/\",\"logo\":{\"@type\":\"ImageObject\",\"inLanguage\":\"es\",\"@id\":\"https:\\\/\\\/lovecocoearth.com\\\/#\\\/schema\\\/logo\\\/image\\\/\",\"url\":\"https:\\\/\\\/lovecocoearth.com\\\/wp-content\\\/uploads\\\/sites\\\/81\\\/2023\\\/10\\\/cropped-Logo-Love-Coco-Earth-sans-fond.png\",\"contentUrl\":\"https:\\\/\\\/lovecocoearth.com\\\/wp-content\\\/uploads\\\/sites\\\/81\\\/2023\\\/10\\\/cropped-Logo-Love-Coco-Earth-sans-fond.png\",\"width\":782,\"height\":782,\"caption\":\"Love Coco Earth I Site Officiel\"},\"image\":{\"@id\":\"https:\\\/\\\/lovecocoearth.com\\\/#\\\/schema\\\/logo\\\/image\\\/\"}}]}<\/script>","yoast_head_json":{"title":"Desodorante - Love Coco Earth I Site Officiel","robots":{"index":"index","follow":"follow","max-snippet":"max-snippet:-1","max-image-preview":"max-image-preview:large","max-video-preview":"max-video-preview:-1"},"canonical":"https:\/\/lovecocoearth.com\/es\/produit\/desodorante\/","og_locale":"es_ES","og_type":"article","og_title":"Desodorante","og_description":"Este desodorante sin aluminio tambi\u00e9n ser\u00e1 eficaz contra los olores. Aceite de jojoba: Regulador y suavizante, este aceite es un ingrediente apreciado por su tacto penetrante que no deja pel\u00edcula grasa. Protege la piel de la deshidrataci\u00f3n. El hidr\u00f3xido de magnesio es uno de los mejores ingredientes activos de los desodorantes org\u00e1nicos. Este componente es eficaz para neutralizar los olores, regular la transpiraci\u00f3n y dejar respirar la piel. Manteca de Karit\u00e9: rica y nutritiva, protege, suaviza y reestructura la piel da\u00f1ada por el afeitado o la depilaci\u00f3n. Aceite de coco: este aceite es un ingrediente muy apreciado por sus propiedades protectoras, suavizantes y emolientes para la piel.","og_url":"https:\/\/lovecocoearth.com\/es\/produit\/desodorante\/","og_site_name":"Love Coco Earth I Site Officiel","article_modified_time":"2024-08-05T20:45:02+00:00","og_image":[{"width":791,"height":1024,"url":"https:\/\/lovecocoearth.com\/wp-content\/uploads\/sites\/81\/2023\/10\/deodorant-2.jpg","type":"image\/jpeg"}],"twitter_card":"summary_large_image","schema":{"@context":"https:\/\/schema.org","@graph":[{"@type":"WebPage","@id":"https:\/\/lovecocoearth.com\/es\/produit\/desodorante\/","url":"https:\/\/lovecocoearth.com\/es\/produit\/desodorante\/","name":"Desodorante - Love Coco Earth I Site Officiel","isPartOf":{"@id":"https:\/\/lovecocoearth.com\/#website"},"primaryImageOfPage":{"@id":"https:\/\/lovecocoearth.com\/es\/produit\/desodorante\/#primaryimage"},"image":{"@id":"https:\/\/lovecocoearth.com\/es\/produit\/desodorante\/#primaryimage"},"thumbnailUrl":"https:\/\/lovecocoearth.com\/wp-content\/uploads\/sites\/81\/2023\/10\/deodorant-2.jpg","datePublished":"2023-10-05T19:37:45+00:00","dateModified":"2024-08-05T20:45:02+00:00","breadcrumb":{"@id":"https:\/\/lovecocoearth.com\/es\/produit\/desodorante\/#breadcrumb"},"inLanguage":"es","potentialAction":[{"@type":"ReadAction","target":["https:\/\/lovecocoearth.com\/es\/produit\/desodorante\/"]}]},{"@type":"ImageObject","inLanguage":"es","@id":"https:\/\/lovecocoearth.com\/es\/produit\/desodorante\/#primaryimage","url":"https:\/\/lovecocoearth.com\/wp-content\/uploads\/sites\/81\/2023\/10\/deodorant-2.jpg","contentUrl":"https:\/\/lovecocoearth.com\/wp-content\/uploads\/sites\/81\/2023\/10\/deodorant-2.jpg","width":791,"height":1024,"caption":"D\u00e9odorant pour une hygi\u00e8ne impeccable."},{"@type":"BreadcrumbList","@id":"https:\/\/lovecocoearth.com\/es\/produit\/desodorante\/#breadcrumb","itemListElement":[{"@type":"ListItem","position":1,"name":"Accueil","item":"https:\/\/lovecocoearth.com\/es\/"},{"@type":"ListItem","position":2,"name":"Boutique","item":"https:\/\/lovecocoearth.com\/boutique\/"},{"@type":"ListItem","position":3,"name":"Desodorante"}]},{"@type":"WebSite","@id":"https:\/\/lovecocoearth.com\/#website","url":"https:\/\/lovecocoearth.com\/","name":"Love Coco Earth I Site Officiel","description":"Des cosm\u00e9tiques responsables et \u00e9thiques","publisher":{"@id":"https:\/\/lovecocoearth.com\/#organization"},"potentialAction":[{"@type":"SearchAction","target":{"@type":"EntryPoint","urlTemplate":"https:\/\/lovecocoearth.com\/?s={search_term_string}"},"query-input":{"@type":"PropertyValueSpecification","valueRequired":true,"valueName":"search_term_string"}}],"inLanguage":"es"},{"@type":"Organization","@id":"https:\/\/lovecocoearth.com\/#organization","name":"Love Coco Earth I Site Officiel","url":"https:\/\/lovecocoearth.com\/","logo":{"@type":"ImageObject","inLanguage":"es","@id":"https:\/\/lovecocoearth.com\/#\/schema\/logo\/image\/","url":"https:\/\/lovecocoearth.com\/wp-content\/uploads\/sites\/81\/2023\/10\/cropped-Logo-Love-Coco-Earth-sans-fond.png","contentUrl":"https:\/\/lovecocoearth.com\/wp-content\/uploads\/sites\/81\/2023\/10\/cropped-Logo-Love-Coco-Earth-sans-fond.png","width":782,"height":782,"caption":"Love Coco Earth I Site Officiel"},"image":{"@id":"https:\/\/lovecocoearth.com\/#\/schema\/logo\/image\/"}}]}},"_links":{"self":[{"href":"https:\/\/lovecocoearth.com\/es\/wp-json\/wp\/v2\/product\/3252","targetHints":{"allow":["GET"]}}],"collection":[{"href":"https:\/\/lovecocoearth.com\/es\/wp-json\/wp\/v2\/product"}],"about":[{"href":"https:\/\/lovecocoearth.com\/es\/wp-json\/wp\/v2\/types\/product"}],"replies":[{"embeddable":true,"href":"https:\/\/lovecocoearth.com\/es\/wp-json\/wp\/v2\/comments?post=3252"}],"wp:featuredmedia":[{"embeddable":true,"href":"https:\/\/lovecocoearth.com\/es\/wp-json\/wp\/v2\/media\/1655"}],"wp:attachment":[{"href":"https:\/\/lovecocoearth.com\/es\/wp-json\/wp\/v2\/media?parent=3252"}],"wp:term":[{"taxonomy":"product_brand","embeddable":true,"href":"https:\/\/lovecocoearth.com\/es\/wp-json\/wp\/v2\/product_brand?post=3252"},{"taxonomy":"product_cat","embeddable":true,"href":"https:\/\/lovecocoearth.com\/es\/wp-json\/wp\/v2\/product_cat?post=3252"},{"taxonomy":"product_tag","embeddable":true,"href":"https:\/\/lovecocoearth.com\/es\/wp-json\/wp\/v2\/product_tag?post=3252"}],"curies":[{"name":"wp","href":"https:\/\/api.w.org\/{rel}","templated":true}]}}