{"id":3224,"date":"2024-04-27T15:50:48","date_gmt":"2024-04-27T13:50:48","guid":{"rendered":"https:\/\/lovecocoearth.com\/produit\/mascarilla-de-curcuma\/"},"modified":"2024-08-07T17:38:35","modified_gmt":"2024-08-07T15:38:35","slug":"mascarilla-de-curcuma","status":"publish","type":"product","link":"https:\/\/lovecocoearth.com\/es\/produit\/mascarilla-de-curcuma\/","title":{"rendered":"Mascarilla De C\u00farcuma"},"content":{"rendered":"<p>Cuida una pala luminosa, no guardes otros elementos en tu cocina. Maschera a la turmeric e il segreto di bellezza naturale necesario para ottenere un carnato radioso y luminoso. Esta mascarilla, a base de c\u00farcuma, es un ingrediente especial que beneficia a la piel, y suele ser apreciada en el mundo de la belleza por sus propiedades antiinflamatorias y antiinflamatorias. Gracias a sus ingredientes naturales, la c\u00farcuma en polvo suavizar\u00e1 las imperfecciones, mantendr\u00e1 la mezcla segura y mejorar\u00e1 la textura de la piel. Tambi\u00e9n es ideal para pieles sensibles y con tendencia acn\u00e9ica.<\/p>\n<p>&nbsp;<\/p>\n<p><strong>Modo de empleo<\/strong>: Utilizar una o dos veces por semana. Dejar actuar aproximadamente 15 minutos. Enjuague bien.<\/p>\n<p><strong>Origen<\/strong>: La c\u00farcuma es una planta de la familia del jengibre que se utiliza desde hace siglos en Asia.<\/p>\n<p><strong>Composici\u00f3n<\/strong>: estearato de glicerol SE, \u00e1cido este\u00e1rico, caol\u00edn, rizoma de c\u00farcuma longa en polvo, glicerina, alcohol, \u00e1cido deshidroac\u00e9tico, agua, cumarina, eugenol, limoneno.<\/p>\n","protected":false},"excerpt":{"rendered":"<p>La c\u00farcuma es antioxidante, antiinflamatoria, cicatrizante, aclarante, purificante, reduce las ojeras, combate los puntos negros y calma problemas de la piel como el acn\u00e9, el eccema o la psoriasis.<\/p>\n<p>130ml<\/p>\n","protected":false},"featured_media":1942,"comment_status":"open","ping_status":"closed","template":"","meta":[],"product_brand":[],"product_cat":[188],"product_tag":[],"class_list":{"0":"post-3224","1":"product","2":"type-product","3":"status-publish","4":"has-post-thumbnail","6":"product_cat-cuidado","8":"first","9":"instock","10":"purchasable","11":"product-type-simple"},"yoast_head":"<title>Mascarilla De C\u00farcuma - Love Coco Earth I Site Officiel<\/title>\n<meta name=\"description\" content=\"Descubre nuestra mascarilla de c\u00farcuma, \u00a1es 100% natural para una piel luminosa y revitalizada! \u00a1Purificante y antiedad, ilumina la tez!\" \/>\n<meta name=\"robots\" content=\"index, follow, max-snippet:-1, max-image-preview:large, max-video-preview:-1\" \/>\n<link rel=\"canonical\" href=\"https:\/\/lovecocoearth.com\/es\/produit\/mascarilla-de-curcuma\/\" \/>\n<meta property=\"og:locale\" content=\"es_ES\" \/>\n<meta property=\"og:type\" content=\"article\" \/>\n<meta property=\"og:title\" content=\"Mascarilla De C\u00farcuma\" \/>\n<meta property=\"og:description\" content=\"Descubre nuestra mascarilla de c\u00farcuma, \u00a1es 100% natural para una piel luminosa y revitalizada! \u00a1Purificante y antiedad, ilumina la tez!\" \/>\n<meta property=\"og:url\" content=\"https:\/\/lovecocoearth.com\/es\/produit\/mascarilla-de-curcuma\/\" \/>\n<meta property=\"og:site_name\" content=\"Love Coco Earth I Site Officiel\" \/>\n<meta property=\"article:modified_time\" content=\"2024-08-07T15:38:35+00:00\" \/>\n<meta property=\"og:image\" content=\"https:\/\/lovecocoearth.com\/wp-content\/uploads\/sites\/81\/2024\/05\/DSCF1204-scaled.jpg\" \/>\n\t<meta property=\"og:image:width\" content=\"1707\" \/>\n\t<meta property=\"og:image:height\" content=\"2560\" \/>\n\t<meta property=\"og:image:type\" content=\"image\/jpeg\" \/>\n<meta name=\"twitter:card\" content=\"summary_large_image\" \/>\n<script type=\"application\/ld+json\" class=\"yoast-schema-graph\">{\"@context\":\"https:\\\/\\\/schema.org\",\"@graph\":[{\"@type\":\"WebPage\",\"@id\":\"https:\\\/\\\/lovecocoearth.com\\\/es\\\/produit\\\/mascarilla-de-curcuma\\\/\",\"url\":\"https:\\\/\\\/lovecocoearth.com\\\/es\\\/produit\\\/mascarilla-de-curcuma\\\/\",\"name\":\"Mascarilla De C\u00farcuma - Love Coco Earth I Site Officiel\",\"isPartOf\":{\"@id\":\"https:\\\/\\\/lovecocoearth.com\\\/#website\"},\"primaryImageOfPage\":{\"@id\":\"https:\\\/\\\/lovecocoearth.com\\\/es\\\/produit\\\/mascarilla-de-curcuma\\\/#primaryimage\"},\"image\":{\"@id\":\"https:\\\/\\\/lovecocoearth.com\\\/es\\\/produit\\\/mascarilla-de-curcuma\\\/#primaryimage\"},\"thumbnailUrl\":\"https:\\\/\\\/lovecocoearth.com\\\/wp-content\\\/uploads\\\/sites\\\/81\\\/2024\\\/05\\\/DSCF1204-scaled.jpg\",\"datePublished\":\"2024-04-27T13:50:48+00:00\",\"dateModified\":\"2024-08-07T15:38:35+00:00\",\"description\":\"Descubre nuestra mascarilla de c\u00farcuma, \u00a1es 100% natural para una piel luminosa y revitalizada! \u00a1Purificante y antiedad, ilumina la tez!\",\"breadcrumb\":{\"@id\":\"https:\\\/\\\/lovecocoearth.com\\\/es\\\/produit\\\/mascarilla-de-curcuma\\\/#breadcrumb\"},\"inLanguage\":\"es\",\"potentialAction\":[{\"@type\":\"ReadAction\",\"target\":[\"https:\\\/\\\/lovecocoearth.com\\\/es\\\/produit\\\/mascarilla-de-curcuma\\\/\"]}]},{\"@type\":\"ImageObject\",\"inLanguage\":\"es\",\"@id\":\"https:\\\/\\\/lovecocoearth.com\\\/es\\\/produit\\\/mascarilla-de-curcuma\\\/#primaryimage\",\"url\":\"https:\\\/\\\/lovecocoearth.com\\\/wp-content\\\/uploads\\\/sites\\\/81\\\/2024\\\/05\\\/DSCF1204-scaled.jpg\",\"contentUrl\":\"https:\\\/\\\/lovecocoearth.com\\\/wp-content\\\/uploads\\\/sites\\\/81\\\/2024\\\/05\\\/DSCF1204-scaled.jpg\",\"width\":1707,\"height\":2560},{\"@type\":\"BreadcrumbList\",\"@id\":\"https:\\\/\\\/lovecocoearth.com\\\/es\\\/produit\\\/mascarilla-de-curcuma\\\/#breadcrumb\",\"itemListElement\":[{\"@type\":\"ListItem\",\"position\":1,\"name\":\"Accueil\",\"item\":\"https:\\\/\\\/lovecocoearth.com\\\/es\\\/\"},{\"@type\":\"ListItem\",\"position\":2,\"name\":\"Boutique\",\"item\":\"https:\\\/\\\/lovecocoearth.com\\\/boutique\\\/\"},{\"@type\":\"ListItem\",\"position\":3,\"name\":\"Mascarilla De C\u00farcuma\"}]},{\"@type\":\"WebSite\",\"@id\":\"https:\\\/\\\/lovecocoearth.com\\\/#website\",\"url\":\"https:\\\/\\\/lovecocoearth.com\\\/\",\"name\":\"Love Coco Earth I Site Officiel\",\"description\":\"Des cosm\u00e9tiques responsables et \u00e9thiques\",\"publisher\":{\"@id\":\"https:\\\/\\\/lovecocoearth.com\\\/#organization\"},\"potentialAction\":[{\"@type\":\"SearchAction\",\"target\":{\"@type\":\"EntryPoint\",\"urlTemplate\":\"https:\\\/\\\/lovecocoearth.com\\\/?s={search_term_string}\"},\"query-input\":{\"@type\":\"PropertyValueSpecification\",\"valueRequired\":true,\"valueName\":\"search_term_string\"}}],\"inLanguage\":\"es\"},{\"@type\":\"Organization\",\"@id\":\"https:\\\/\\\/lovecocoearth.com\\\/#organization\",\"name\":\"Love Coco Earth I Site Officiel\",\"url\":\"https:\\\/\\\/lovecocoearth.com\\\/\",\"logo\":{\"@type\":\"ImageObject\",\"inLanguage\":\"es\",\"@id\":\"https:\\\/\\\/lovecocoearth.com\\\/#\\\/schema\\\/logo\\\/image\\\/\",\"url\":\"https:\\\/\\\/lovecocoearth.com\\\/wp-content\\\/uploads\\\/sites\\\/81\\\/2023\\\/10\\\/cropped-Logo-Love-Coco-Earth-sans-fond.png\",\"contentUrl\":\"https:\\\/\\\/lovecocoearth.com\\\/wp-content\\\/uploads\\\/sites\\\/81\\\/2023\\\/10\\\/cropped-Logo-Love-Coco-Earth-sans-fond.png\",\"width\":782,\"height\":782,\"caption\":\"Love Coco Earth I Site Officiel\"},\"image\":{\"@id\":\"https:\\\/\\\/lovecocoearth.com\\\/#\\\/schema\\\/logo\\\/image\\\/\"}}]}<\/script>","yoast_head_json":{"title":"Mascarilla De C\u00farcuma - Love Coco Earth I Site Officiel","description":"Descubre nuestra mascarilla de c\u00farcuma, \u00a1es 100% natural para una piel luminosa y revitalizada! \u00a1Purificante y antiedad, ilumina la tez!","robots":{"index":"index","follow":"follow","max-snippet":"max-snippet:-1","max-image-preview":"max-image-preview:large","max-video-preview":"max-video-preview:-1"},"canonical":"https:\/\/lovecocoearth.com\/es\/produit\/mascarilla-de-curcuma\/","og_locale":"es_ES","og_type":"article","og_title":"Mascarilla De C\u00farcuma","og_description":"Descubre nuestra mascarilla de c\u00farcuma, \u00a1es 100% natural para una piel luminosa y revitalizada! \u00a1Purificante y antiedad, ilumina la tez!","og_url":"https:\/\/lovecocoearth.com\/es\/produit\/mascarilla-de-curcuma\/","og_site_name":"Love Coco Earth I Site Officiel","article_modified_time":"2024-08-07T15:38:35+00:00","og_image":[{"width":1707,"height":2560,"url":"https:\/\/lovecocoearth.com\/wp-content\/uploads\/sites\/81\/2024\/05\/DSCF1204-scaled.jpg","type":"image\/jpeg"}],"twitter_card":"summary_large_image","schema":{"@context":"https:\/\/schema.org","@graph":[{"@type":"WebPage","@id":"https:\/\/lovecocoearth.com\/es\/produit\/mascarilla-de-curcuma\/","url":"https:\/\/lovecocoearth.com\/es\/produit\/mascarilla-de-curcuma\/","name":"Mascarilla De C\u00farcuma - Love Coco Earth I Site Officiel","isPartOf":{"@id":"https:\/\/lovecocoearth.com\/#website"},"primaryImageOfPage":{"@id":"https:\/\/lovecocoearth.com\/es\/produit\/mascarilla-de-curcuma\/#primaryimage"},"image":{"@id":"https:\/\/lovecocoearth.com\/es\/produit\/mascarilla-de-curcuma\/#primaryimage"},"thumbnailUrl":"https:\/\/lovecocoearth.com\/wp-content\/uploads\/sites\/81\/2024\/05\/DSCF1204-scaled.jpg","datePublished":"2024-04-27T13:50:48+00:00","dateModified":"2024-08-07T15:38:35+00:00","description":"Descubre nuestra mascarilla de c\u00farcuma, \u00a1es 100% natural para una piel luminosa y revitalizada! \u00a1Purificante y antiedad, ilumina la tez!","breadcrumb":{"@id":"https:\/\/lovecocoearth.com\/es\/produit\/mascarilla-de-curcuma\/#breadcrumb"},"inLanguage":"es","potentialAction":[{"@type":"ReadAction","target":["https:\/\/lovecocoearth.com\/es\/produit\/mascarilla-de-curcuma\/"]}]},{"@type":"ImageObject","inLanguage":"es","@id":"https:\/\/lovecocoearth.com\/es\/produit\/mascarilla-de-curcuma\/#primaryimage","url":"https:\/\/lovecocoearth.com\/wp-content\/uploads\/sites\/81\/2024\/05\/DSCF1204-scaled.jpg","contentUrl":"https:\/\/lovecocoearth.com\/wp-content\/uploads\/sites\/81\/2024\/05\/DSCF1204-scaled.jpg","width":1707,"height":2560},{"@type":"BreadcrumbList","@id":"https:\/\/lovecocoearth.com\/es\/produit\/mascarilla-de-curcuma\/#breadcrumb","itemListElement":[{"@type":"ListItem","position":1,"name":"Accueil","item":"https:\/\/lovecocoearth.com\/es\/"},{"@type":"ListItem","position":2,"name":"Boutique","item":"https:\/\/lovecocoearth.com\/boutique\/"},{"@type":"ListItem","position":3,"name":"Mascarilla De C\u00farcuma"}]},{"@type":"WebSite","@id":"https:\/\/lovecocoearth.com\/#website","url":"https:\/\/lovecocoearth.com\/","name":"Love Coco Earth I Site Officiel","description":"Des cosm\u00e9tiques responsables et \u00e9thiques","publisher":{"@id":"https:\/\/lovecocoearth.com\/#organization"},"potentialAction":[{"@type":"SearchAction","target":{"@type":"EntryPoint","urlTemplate":"https:\/\/lovecocoearth.com\/?s={search_term_string}"},"query-input":{"@type":"PropertyValueSpecification","valueRequired":true,"valueName":"search_term_string"}}],"inLanguage":"es"},{"@type":"Organization","@id":"https:\/\/lovecocoearth.com\/#organization","name":"Love Coco Earth I Site Officiel","url":"https:\/\/lovecocoearth.com\/","logo":{"@type":"ImageObject","inLanguage":"es","@id":"https:\/\/lovecocoearth.com\/#\/schema\/logo\/image\/","url":"https:\/\/lovecocoearth.com\/wp-content\/uploads\/sites\/81\/2023\/10\/cropped-Logo-Love-Coco-Earth-sans-fond.png","contentUrl":"https:\/\/lovecocoearth.com\/wp-content\/uploads\/sites\/81\/2023\/10\/cropped-Logo-Love-Coco-Earth-sans-fond.png","width":782,"height":782,"caption":"Love Coco Earth I Site Officiel"},"image":{"@id":"https:\/\/lovecocoearth.com\/#\/schema\/logo\/image\/"}}]}},"_links":{"self":[{"href":"https:\/\/lovecocoearth.com\/es\/wp-json\/wp\/v2\/product\/3224","targetHints":{"allow":["GET"]}}],"collection":[{"href":"https:\/\/lovecocoearth.com\/es\/wp-json\/wp\/v2\/product"}],"about":[{"href":"https:\/\/lovecocoearth.com\/es\/wp-json\/wp\/v2\/types\/product"}],"replies":[{"embeddable":true,"href":"https:\/\/lovecocoearth.com\/es\/wp-json\/wp\/v2\/comments?post=3224"}],"wp:featuredmedia":[{"embeddable":true,"href":"https:\/\/lovecocoearth.com\/es\/wp-json\/wp\/v2\/media\/1942"}],"wp:attachment":[{"href":"https:\/\/lovecocoearth.com\/es\/wp-json\/wp\/v2\/media?parent=3224"}],"wp:term":[{"taxonomy":"product_brand","embeddable":true,"href":"https:\/\/lovecocoearth.com\/es\/wp-json\/wp\/v2\/product_brand?post=3224"},{"taxonomy":"product_cat","embeddable":true,"href":"https:\/\/lovecocoearth.com\/es\/wp-json\/wp\/v2\/product_cat?post=3224"},{"taxonomy":"product_tag","embeddable":true,"href":"https:\/\/lovecocoearth.com\/es\/wp-json\/wp\/v2\/product_tag?post=3224"}],"curies":[{"name":"wp","href":"https:\/\/api.w.org\/{rel}","templated":true}]}}