{"id":3223,"date":"2024-04-27T16:10:08","date_gmt":"2024-04-27T14:10:08","guid":{"rendered":"https:\/\/lovecocoearth.com\/produit\/crema-de-azafran\/"},"modified":"2024-08-05T21:27:56","modified_gmt":"2024-08-05T19:27:56","slug":"crema-de-azafran","status":"publish","type":"product","link":"https:\/\/lovecocoearth.com\/es\/produit\/crema-de-azafran\/","title":{"rendered":"Crema De Azafr\u00e1n"},"content":{"rendered":"<p><strong>Modo de uso<\/strong> : tomar un poco de crema, aplicar y distribuir por rostro y cuello.<\/p>\n<p><strong>Origen<\/strong>: El azafr\u00e1n nos llega de la regi\u00f3n de Khorasan.<\/p>\n<p>Composici\u00f3n: citrato de estearato de glicerilo, cocoato de poliglicerilo-4, estearato de sacarosa, diestearato de sacarosa, alcohol cet\u00edlico, ricinoleato de sodio, aceite de cal\u00e9ndula officinalis, agua, alcohol, extracto de estigma de crocus sativus<br \/>\n<strong>Perfume<\/strong>: concentraci\u00f3n de H315 inferior al 5%<\/p>\n","protected":false},"excerpt":{"rendered":"<p>Conocido por luchar contra la piel seca, el azafr\u00e1n tambi\u00e9n es rico en antioxidantes que ayudan a combatir la aparici\u00f3n de arrugas. Tambi\u00e9n estimula la producci\u00f3n de col\u00e1geno y ayuda a hidratar la piel. <\/p>\n<p>50ml<\/p>\n","protected":false},"featured_media":1950,"comment_status":"open","ping_status":"closed","template":"","meta":[],"product_brand":[],"product_cat":[188],"product_tag":[],"class_list":{"0":"post-3223","1":"product","2":"type-product","3":"status-publish","4":"has-post-thumbnail","6":"product_cat-cuidado","8":"first","9":"instock","10":"purchasable","11":"product-type-simple"},"yoast_head":"<title>Crema De Azafr\u00e1n - Love Coco Earth I Site Officiel<\/title>\n<meta name=\"robots\" content=\"index, follow, max-snippet:-1, max-image-preview:large, max-video-preview:-1\" \/>\n<link rel=\"canonical\" href=\"https:\/\/lovecocoearth.com\/es\/produit\/crema-de-azafran\/\" \/>\n<meta property=\"og:locale\" content=\"es_ES\" \/>\n<meta property=\"og:type\" content=\"article\" \/>\n<meta property=\"og:title\" content=\"Crema De Azafr\u00e1n\" \/>\n<meta property=\"og:description\" content=\"Conocido por luchar contra la piel seca, el azafr\u00e1n tambi\u00e9n es rico en antioxidantes que ayudan a combatir la aparici\u00f3n de arrugas. Tambi\u00e9n estimula la producci\u00f3n de col\u00e1geno y ayuda a hidratar la piel.   50ml\" \/>\n<meta property=\"og:url\" content=\"https:\/\/lovecocoearth.com\/es\/produit\/crema-de-azafran\/\" \/>\n<meta property=\"og:site_name\" content=\"Love Coco Earth I Site Officiel\" \/>\n<meta property=\"article:modified_time\" content=\"2024-08-05T19:27:56+00:00\" \/>\n<meta property=\"og:image\" content=\"https:\/\/lovecocoearth.com\/wp-content\/uploads\/sites\/81\/2024\/05\/Screenshot_2024-04-27-18-25-13-12_99c04817c0de5652397fc8b56c3b3817.jpg\" \/>\n\t<meta property=\"og:image:width\" content=\"1080\" \/>\n\t<meta property=\"og:image:height\" content=\"2400\" \/>\n\t<meta property=\"og:image:type\" content=\"image\/jpeg\" \/>\n<meta name=\"twitter:card\" content=\"summary_large_image\" \/>\n<script type=\"application\/ld+json\" class=\"yoast-schema-graph\">{\"@context\":\"https:\\\/\\\/schema.org\",\"@graph\":[{\"@type\":\"WebPage\",\"@id\":\"https:\\\/\\\/lovecocoearth.com\\\/es\\\/produit\\\/crema-de-azafran\\\/\",\"url\":\"https:\\\/\\\/lovecocoearth.com\\\/es\\\/produit\\\/crema-de-azafran\\\/\",\"name\":\"Crema De Azafr\u00e1n - Love Coco Earth I Site Officiel\",\"isPartOf\":{\"@id\":\"https:\\\/\\\/lovecocoearth.com\\\/#website\"},\"primaryImageOfPage\":{\"@id\":\"https:\\\/\\\/lovecocoearth.com\\\/es\\\/produit\\\/crema-de-azafran\\\/#primaryimage\"},\"image\":{\"@id\":\"https:\\\/\\\/lovecocoearth.com\\\/es\\\/produit\\\/crema-de-azafran\\\/#primaryimage\"},\"thumbnailUrl\":\"https:\\\/\\\/lovecocoearth.com\\\/wp-content\\\/uploads\\\/sites\\\/81\\\/2024\\\/05\\\/Screenshot_2024-04-27-18-25-13-12_99c04817c0de5652397fc8b56c3b3817.jpg\",\"datePublished\":\"2024-04-27T14:10:08+00:00\",\"dateModified\":\"2024-08-05T19:27:56+00:00\",\"breadcrumb\":{\"@id\":\"https:\\\/\\\/lovecocoearth.com\\\/es\\\/produit\\\/crema-de-azafran\\\/#breadcrumb\"},\"inLanguage\":\"es\",\"potentialAction\":[{\"@type\":\"ReadAction\",\"target\":[\"https:\\\/\\\/lovecocoearth.com\\\/es\\\/produit\\\/crema-de-azafran\\\/\"]}]},{\"@type\":\"ImageObject\",\"inLanguage\":\"es\",\"@id\":\"https:\\\/\\\/lovecocoearth.com\\\/es\\\/produit\\\/crema-de-azafran\\\/#primaryimage\",\"url\":\"https:\\\/\\\/lovecocoearth.com\\\/wp-content\\\/uploads\\\/sites\\\/81\\\/2024\\\/05\\\/Screenshot_2024-04-27-18-25-13-12_99c04817c0de5652397fc8b56c3b3817.jpg\",\"contentUrl\":\"https:\\\/\\\/lovecocoearth.com\\\/wp-content\\\/uploads\\\/sites\\\/81\\\/2024\\\/05\\\/Screenshot_2024-04-27-18-25-13-12_99c04817c0de5652397fc8b56c3b3817.jpg\",\"width\":1080,\"height\":2400,\"caption\":\"Cr\u00e8me Safran pour un soin anti-rides et anti-oxydant.\"},{\"@type\":\"BreadcrumbList\",\"@id\":\"https:\\\/\\\/lovecocoearth.com\\\/es\\\/produit\\\/crema-de-azafran\\\/#breadcrumb\",\"itemListElement\":[{\"@type\":\"ListItem\",\"position\":1,\"name\":\"Accueil\",\"item\":\"https:\\\/\\\/lovecocoearth.com\\\/es\\\/\"},{\"@type\":\"ListItem\",\"position\":2,\"name\":\"Boutique\",\"item\":\"https:\\\/\\\/lovecocoearth.com\\\/boutique\\\/\"},{\"@type\":\"ListItem\",\"position\":3,\"name\":\"Crema De Azafr\u00e1n\"}]},{\"@type\":\"WebSite\",\"@id\":\"https:\\\/\\\/lovecocoearth.com\\\/#website\",\"url\":\"https:\\\/\\\/lovecocoearth.com\\\/\",\"name\":\"Love Coco Earth I Site Officiel\",\"description\":\"Des cosm\u00e9tiques responsables et \u00e9thiques\",\"publisher\":{\"@id\":\"https:\\\/\\\/lovecocoearth.com\\\/#organization\"},\"potentialAction\":[{\"@type\":\"SearchAction\",\"target\":{\"@type\":\"EntryPoint\",\"urlTemplate\":\"https:\\\/\\\/lovecocoearth.com\\\/?s={search_term_string}\"},\"query-input\":{\"@type\":\"PropertyValueSpecification\",\"valueRequired\":true,\"valueName\":\"search_term_string\"}}],\"inLanguage\":\"es\"},{\"@type\":\"Organization\",\"@id\":\"https:\\\/\\\/lovecocoearth.com\\\/#organization\",\"name\":\"Love Coco Earth I Site Officiel\",\"url\":\"https:\\\/\\\/lovecocoearth.com\\\/\",\"logo\":{\"@type\":\"ImageObject\",\"inLanguage\":\"es\",\"@id\":\"https:\\\/\\\/lovecocoearth.com\\\/#\\\/schema\\\/logo\\\/image\\\/\",\"url\":\"https:\\\/\\\/lovecocoearth.com\\\/wp-content\\\/uploads\\\/sites\\\/81\\\/2023\\\/10\\\/cropped-Logo-Love-Coco-Earth-sans-fond.png\",\"contentUrl\":\"https:\\\/\\\/lovecocoearth.com\\\/wp-content\\\/uploads\\\/sites\\\/81\\\/2023\\\/10\\\/cropped-Logo-Love-Coco-Earth-sans-fond.png\",\"width\":782,\"height\":782,\"caption\":\"Love Coco Earth I Site Officiel\"},\"image\":{\"@id\":\"https:\\\/\\\/lovecocoearth.com\\\/#\\\/schema\\\/logo\\\/image\\\/\"}}]}<\/script>","yoast_head_json":{"title":"Crema De Azafr\u00e1n - Love Coco Earth I Site Officiel","robots":{"index":"index","follow":"follow","max-snippet":"max-snippet:-1","max-image-preview":"max-image-preview:large","max-video-preview":"max-video-preview:-1"},"canonical":"https:\/\/lovecocoearth.com\/es\/produit\/crema-de-azafran\/","og_locale":"es_ES","og_type":"article","og_title":"Crema De Azafr\u00e1n","og_description":"Conocido por luchar contra la piel seca, el azafr\u00e1n tambi\u00e9n es rico en antioxidantes que ayudan a combatir la aparici\u00f3n de arrugas. Tambi\u00e9n estimula la producci\u00f3n de col\u00e1geno y ayuda a hidratar la piel.   50ml","og_url":"https:\/\/lovecocoearth.com\/es\/produit\/crema-de-azafran\/","og_site_name":"Love Coco Earth I Site Officiel","article_modified_time":"2024-08-05T19:27:56+00:00","og_image":[{"width":1080,"height":2400,"url":"https:\/\/lovecocoearth.com\/wp-content\/uploads\/sites\/81\/2024\/05\/Screenshot_2024-04-27-18-25-13-12_99c04817c0de5652397fc8b56c3b3817.jpg","type":"image\/jpeg"}],"twitter_card":"summary_large_image","schema":{"@context":"https:\/\/schema.org","@graph":[{"@type":"WebPage","@id":"https:\/\/lovecocoearth.com\/es\/produit\/crema-de-azafran\/","url":"https:\/\/lovecocoearth.com\/es\/produit\/crema-de-azafran\/","name":"Crema De Azafr\u00e1n - Love Coco Earth I Site Officiel","isPartOf":{"@id":"https:\/\/lovecocoearth.com\/#website"},"primaryImageOfPage":{"@id":"https:\/\/lovecocoearth.com\/es\/produit\/crema-de-azafran\/#primaryimage"},"image":{"@id":"https:\/\/lovecocoearth.com\/es\/produit\/crema-de-azafran\/#primaryimage"},"thumbnailUrl":"https:\/\/lovecocoearth.com\/wp-content\/uploads\/sites\/81\/2024\/05\/Screenshot_2024-04-27-18-25-13-12_99c04817c0de5652397fc8b56c3b3817.jpg","datePublished":"2024-04-27T14:10:08+00:00","dateModified":"2024-08-05T19:27:56+00:00","breadcrumb":{"@id":"https:\/\/lovecocoearth.com\/es\/produit\/crema-de-azafran\/#breadcrumb"},"inLanguage":"es","potentialAction":[{"@type":"ReadAction","target":["https:\/\/lovecocoearth.com\/es\/produit\/crema-de-azafran\/"]}]},{"@type":"ImageObject","inLanguage":"es","@id":"https:\/\/lovecocoearth.com\/es\/produit\/crema-de-azafran\/#primaryimage","url":"https:\/\/lovecocoearth.com\/wp-content\/uploads\/sites\/81\/2024\/05\/Screenshot_2024-04-27-18-25-13-12_99c04817c0de5652397fc8b56c3b3817.jpg","contentUrl":"https:\/\/lovecocoearth.com\/wp-content\/uploads\/sites\/81\/2024\/05\/Screenshot_2024-04-27-18-25-13-12_99c04817c0de5652397fc8b56c3b3817.jpg","width":1080,"height":2400,"caption":"Cr\u00e8me Safran pour un soin anti-rides et anti-oxydant."},{"@type":"BreadcrumbList","@id":"https:\/\/lovecocoearth.com\/es\/produit\/crema-de-azafran\/#breadcrumb","itemListElement":[{"@type":"ListItem","position":1,"name":"Accueil","item":"https:\/\/lovecocoearth.com\/es\/"},{"@type":"ListItem","position":2,"name":"Boutique","item":"https:\/\/lovecocoearth.com\/boutique\/"},{"@type":"ListItem","position":3,"name":"Crema De Azafr\u00e1n"}]},{"@type":"WebSite","@id":"https:\/\/lovecocoearth.com\/#website","url":"https:\/\/lovecocoearth.com\/","name":"Love Coco Earth I Site Officiel","description":"Des cosm\u00e9tiques responsables et \u00e9thiques","publisher":{"@id":"https:\/\/lovecocoearth.com\/#organization"},"potentialAction":[{"@type":"SearchAction","target":{"@type":"EntryPoint","urlTemplate":"https:\/\/lovecocoearth.com\/?s={search_term_string}"},"query-input":{"@type":"PropertyValueSpecification","valueRequired":true,"valueName":"search_term_string"}}],"inLanguage":"es"},{"@type":"Organization","@id":"https:\/\/lovecocoearth.com\/#organization","name":"Love Coco Earth I Site Officiel","url":"https:\/\/lovecocoearth.com\/","logo":{"@type":"ImageObject","inLanguage":"es","@id":"https:\/\/lovecocoearth.com\/#\/schema\/logo\/image\/","url":"https:\/\/lovecocoearth.com\/wp-content\/uploads\/sites\/81\/2023\/10\/cropped-Logo-Love-Coco-Earth-sans-fond.png","contentUrl":"https:\/\/lovecocoearth.com\/wp-content\/uploads\/sites\/81\/2023\/10\/cropped-Logo-Love-Coco-Earth-sans-fond.png","width":782,"height":782,"caption":"Love Coco Earth I Site Officiel"},"image":{"@id":"https:\/\/lovecocoearth.com\/#\/schema\/logo\/image\/"}}]}},"_links":{"self":[{"href":"https:\/\/lovecocoearth.com\/es\/wp-json\/wp\/v2\/product\/3223","targetHints":{"allow":["GET"]}}],"collection":[{"href":"https:\/\/lovecocoearth.com\/es\/wp-json\/wp\/v2\/product"}],"about":[{"href":"https:\/\/lovecocoearth.com\/es\/wp-json\/wp\/v2\/types\/product"}],"replies":[{"embeddable":true,"href":"https:\/\/lovecocoearth.com\/es\/wp-json\/wp\/v2\/comments?post=3223"}],"wp:featuredmedia":[{"embeddable":true,"href":"https:\/\/lovecocoearth.com\/es\/wp-json\/wp\/v2\/media\/1950"}],"wp:attachment":[{"href":"https:\/\/lovecocoearth.com\/es\/wp-json\/wp\/v2\/media?parent=3223"}],"wp:term":[{"taxonomy":"product_brand","embeddable":true,"href":"https:\/\/lovecocoearth.com\/es\/wp-json\/wp\/v2\/product_brand?post=3223"},{"taxonomy":"product_cat","embeddable":true,"href":"https:\/\/lovecocoearth.com\/es\/wp-json\/wp\/v2\/product_cat?post=3223"},{"taxonomy":"product_tag","embeddable":true,"href":"https:\/\/lovecocoearth.com\/es\/wp-json\/wp\/v2\/product_tag?post=3223"}],"curies":[{"name":"wp","href":"https:\/\/api.w.org\/{rel}","templated":true}]}}