{"id":3206,"date":"2023-10-05T15:04:17","date_gmt":"2023-10-05T13:04:17","guid":{"rendered":"https:\/\/lovecocoearth.com\/notas-legales\/"},"modified":"2024-08-04T20:22:50","modified_gmt":"2024-08-04T18:22:50","slug":"notas-legales","status":"publish","type":"page","link":"https:\/\/lovecocoearth.com\/es\/notas-legales\/","title":{"rendered":"Notas legales"},"content":{"rendered":"\t\t<div data-elementor-type=\"wp-page\" data-elementor-id=\"3206\" class=\"elementor elementor-3206\" data-elementor-settings=\"{&quot;ha_cmc_init_switcher&quot;:&quot;no&quot;}\" data-elementor-post-type=\"page\">\n\t\t\t\t\t\t<section class=\"elementor-section elementor-top-section elementor-element elementor-element-af39fec elementor-section-boxed elementor-section-height-default elementor-section-height-default\" data-id=\"af39fec\" data-element_type=\"section\" data-settings=\"{&quot;background_background&quot;:&quot;classic&quot;,&quot;background_motion_fx_motion_fx_scrolling&quot;:&quot;yes&quot;,&quot;background_motion_fx_translateY_effect&quot;:&quot;yes&quot;,&quot;background_motion_fx_translateY_speed&quot;:{&quot;unit&quot;:&quot;px&quot;,&quot;size&quot;:4,&quot;sizes&quot;:[]},&quot;background_motion_fx_translateY_affectedRange&quot;:{&quot;unit&quot;:&quot;%&quot;,&quot;size&quot;:&quot;&quot;,&quot;sizes&quot;:{&quot;start&quot;:0,&quot;end&quot;:100}},&quot;background_motion_fx_devices&quot;:[&quot;desktop&quot;,&quot;tablet&quot;,&quot;mobile&quot;],&quot;_ha_eqh_enable&quot;:false}\">\n\t\t\t\t\t\t<div class=\"elementor-container elementor-column-gap-default\">\n\t\t\t\t\t<div class=\"elementor-column elementor-col-100 elementor-top-column elementor-element elementor-element-fd86867\" data-id=\"fd86867\" data-element_type=\"column\">\n\t\t\t<div class=\"elementor-widget-wrap elementor-element-populated\">\n\t\t\t\t\t\t<div class=\"elementor-element elementor-element-2a2fa16 elementor-widget elementor-widget-heading\" data-id=\"2a2fa16\" data-element_type=\"widget\" data-widget_type=\"heading.default\">\n\t\t\t\t<div class=\"elementor-widget-container\">\n\t\t\t\t\t<h2 class=\"elementor-heading-title elementor-size-default\">Notas legales<\/h2>\t\t\t\t<\/div>\n\t\t\t\t<\/div>\n\t\t\t\t\t<\/div>\n\t\t<\/div>\n\t\t\t\t\t<\/div>\n\t\t<\/section>\n\t\t\t\t<section class=\"elementor-section elementor-top-section elementor-element elementor-element-97b38e0 elementor-section-height-min-height elementor-section-items-top elementor-section-boxed elementor-section-height-default\" data-id=\"97b38e0\" data-element_type=\"section\" data-settings=\"{&quot;_ha_eqh_enable&quot;:false}\">\n\t\t\t\t\t\t<div class=\"elementor-container elementor-column-gap-default\">\n\t\t\t\t\t<div class=\"elementor-column elementor-col-100 elementor-top-column elementor-element elementor-element-3090b53\" data-id=\"3090b53\" data-element_type=\"column\">\n\t\t\t<div class=\"elementor-widget-wrap elementor-element-populated\">\n\t\t\t\t\t\t<section class=\"elementor-section elementor-inner-section elementor-element elementor-element-70cac7a elementor-section-content-middle elementor-section-full_width elementor-section-height-default elementor-section-height-default\" data-id=\"70cac7a\" data-element_type=\"section\" data-settings=\"{&quot;background_background&quot;:&quot;classic&quot;,&quot;_ha_eqh_enable&quot;:false}\">\n\t\t\t\t\t\t<div class=\"elementor-container elementor-column-gap-default\">\n\t\t\t\t\t<div class=\"elementor-column elementor-col-100 elementor-inner-column elementor-element elementor-element-ae0c37d\" data-id=\"ae0c37d\" data-element_type=\"column\">\n\t\t\t<div class=\"elementor-widget-wrap elementor-element-populated\">\n\t\t\t\t\t\t<div class=\"elementor-element elementor-element-6f27c84 elementor-widget elementor-widget-text-editor\" data-id=\"6f27c84\" data-element_type=\"widget\" data-widget_type=\"text-editor.default\">\n\t\t\t\t<div class=\"elementor-widget-container\">\n\t\t\t\t\t\t\t\t\t<p>Comentarios<br \/>Cuando deja un comentario en nuestro sitio, los datos ingresados \u200b\u200ben el formulario de comentarios, pero tambi\u00e9n su direcci\u00f3n IP y el agente de usuario de su navegador, se recopilan para ayudarnos a detectar comentarios no deseados.<\/p>\n<p>Se puede enviar una cadena an\u00f3nima creada a partir de su direcci\u00f3n de correo electr\u00f3nico (tambi\u00e9n llamada hash) al servicio Gravatar para verificar si la est\u00e1 utilizando. Las disposiciones de confidencialidad del servicio Gravatar est\u00e1n disponibles aqu\u00ed: https:\/\/automattic.com\/privacy\/. Despu\u00e9s de la validaci\u00f3n de tu comentario, tu foto de perfil ser\u00e1 visible p\u00fablicamente junto a tu comentario.<\/p>\n<p>Medios de comunicaci\u00f3n<br \/>Si carga im\u00e1genes en el Sitio, le recomendamos que evite cargar im\u00e1genes que contengan datos de coordenadas GPS EXIF. Las personas que visitan su sitio pueden descargar y extraer datos de ubicaci\u00f3n de estas im\u00e1genes.<\/p>\n<p>Galletas<br \/>Si deja un comentario en nuestro sitio, se le pedir\u00e1 que guarde su nombre, direcci\u00f3n de correo electr\u00f3nico y sitio web en cookies. Esto es s\u00f3lo para tu comodidad para que no tengas que completar esta informaci\u00f3n si dejas otro comentario m\u00e1s tarde. Estas cookies caducan al cabo de un a\u00f1o.<\/p>\n<p>Si va a la p\u00e1gina de inicio de sesi\u00f3n, se crear\u00e1 una cookie temporal para determinar si su navegador acepta cookies. No contiene datos personales y se eliminar\u00e1 autom\u00e1ticamente al cerrar su navegador.<\/p>\n<p>Cuando inicie sesi\u00f3n, configuraremos una serie de cookies para guardar su informaci\u00f3n de inicio de sesi\u00f3n y sus preferencias de pantalla. La vida \u00fatil de una cookie de conexi\u00f3n es de dos d\u00edas, la de una cookie de opci\u00f3n de pantalla es de un a\u00f1o. Si marca \u00abRecordarme\u00bb, su cookie de inicio de sesi\u00f3n se conservar\u00e1 durante dos semanas. Si cierra sesi\u00f3n en su cuenta, la cookie de inicio de sesi\u00f3n se eliminar\u00e1.<\/p>\n<p>Al editar o publicar una publicaci\u00f3n, se almacenar\u00e1 una cookie adicional en su navegador. Esta cookie no incluye ning\u00fan dato personal. Simplemente muestra el ID de la publicaci\u00f3n que acabas de editar. Caduca al cabo de un d\u00eda.<\/p>\n<p>Identificar<br \/>Nombre del sitio web: AMOR COCO TIERRA<br \/>Direcci\u00f3n del sitio web: https:\/\/lovecocoearth.com\/<br \/>Propietario del sitio web: Teddy BELGRAIN<br \/>Responsable de la publicaci\u00f3n: Teddy BELGRAIN<br \/>Avisos legales relativos al propietario del sitio<br \/>Nombre de Empresa: AMOR COCO TIERRA<br \/>Gerente: Teddy BELGRAIN<br \/>Forma jur\u00eddica: Empresa unipersonal<br \/>N\u00famero SIRET: 91929947900015<br \/>Sede: CHEMIN DE BRAGELOGNE SURGY 97180 SAINTE-ANNE<br \/>N\u00famero de tel\u00e9fono: 0690 92 33 31<br \/>Avisos legales relativos al editor del sitio<br \/>Nombre de la empresa: Ardenoy Consulting<br \/>Forma jur\u00eddica: SASU<br \/>Capital social: 10.000\u20ac<br \/>N\u00famero SIRET: 83884665700016<br \/>N\u00famero RCS: Point-\u00e0-Pitre B 838 846 657<br \/>Sede social: Boit\u00e9 B32 Bourguignon 97139 \u2013 Les Abymes<br \/>N\u00famero de tel\u00e9fono: 0690 17 16 45<br \/>Direcci\u00f3n de correo electr\u00f3nico: contact@jpardenoy.com<br \/>Sitio web: https:\/\/jpardenoy.com\/<\/p>\n<h3>Mentions l\u00e9gales concernant l\u2019h\u00e9bergement<\/h3>\n<ul>\n<li><strong>Nom de l\u2019h\u00e9bergeur :<\/strong>&nbsp;OVHcloud<\/li>\n<li><strong>Code APE :<\/strong>&nbsp;2620Z<\/li>\n<li><strong>N\u00b0 TVA :<\/strong>&nbsp;FR 22 424 761 419<\/li>\n<li><strong>Raison sociale :<\/strong>&nbsp;Soci\u00e9t\u00e9 \u00e9trang\u00e8re immatricul\u00e9e au RCS<\/li>\n<li><strong>Si\u00e8ge social :<\/strong>&nbsp;2 rue Kellermann \u2013 59100 Roubaix \u2013 France<\/li>\n<li><strong>Num\u00e9ro de t\u00e9l\u00e9phone :<\/strong>&nbsp;1004<\/li>\n<\/ul>\n<h3>Informations techniques<\/h3>\n<p>Il est rappel\u00e9 que le secret des correspondances n\u2019est pas garanti sur le r\u00e9seau Internet et qu\u2019il appartient \u00e0 chaque utilisateur d\u2019Internet de prendre toutes les mesures appropri\u00e9es de fa\u00e7on \u00e0 prot\u00e9ger ses propres donn\u00e9es et\/ou logiciels de la contamination d\u2019\u00e9ventuels virus circulant sur Internet.<\/p>\n<h3>Conditions d\u2019utilisation<\/h3>\n<p>L\u2019utilisation du pr\u00e9sent site implique l\u2019acceptation pleine et enti\u00e8re des \u201c<a href=\"https:\/\/lovecocoearth.com\/remboursements_retours\/\" data-mce-href=\"https:\/\/lovecocoearth.com\/remboursements_retours\/\">Conditions g\u00e9n\u00e9rales d\u2019utilisation<\/a>\u201d. Ces conditions d\u2019utilisation sont susceptibles d\u2019\u00eatre modifi\u00e9es ou compl\u00e9t\u00e9es \u00e0 tout moment.<\/p>\n<h3>Donn\u00e9es personnelles<\/h3>\n<p>Tout utilisateur dispose d\u2019un droit d\u2019acc\u00e8s, de rectification et d\u2019opposition aux donn\u00e9es personnelles le concernant, en effectuant sa demande \u00e9crite et sign\u00e9e, accompagn\u00e9e d\u2019une preuve d\u2019identit\u00e9. Pour plus d\u2019informations sur le traitement des donn\u00e9es \u00e0 caract\u00e8re personnel, et pour exercer vos droits, vous \u00eates invit\u00e9 \u00e0 consulter notre \u201c<a href=\"\/?page_id=46\" data-mce-href=\"https:\/\/lovecocoearth.com\/es\/politicas-de-privacidad\/\">Politique de confidentialit\u00e9<\/a>\u201d. Pour plus d\u2019informations sur l\u2019utilisation des cookies, vous \u00eates invit\u00e9 \u00e0 consulter notre \u201c<a href=\"\/?page_id=46\" data-mce-href=\"https:\/\/lovecocoearth.com\/es\/politicas-de-privacidad\/\">Politique relative aux cookies<\/a>\u201d. Pour toutes questions ou probl\u00e9matiques concernant notre politique de respect de la vie priv\u00e9e, merci de nous contacter via l\u2019adresse suivante : love.coco.earth@gmail.com.<\/p>\n<h3><strong>Liens hypertextes<\/strong><\/h3>\n<p>La cr\u00e9ation de liens hypertextes vers le site&nbsp;<a href=\"https:\/\/lovecocoearth.com\/es\/\" data-mce-href=\"https:\/\/lovecocoearth.com\/es\/\">https:\/\/lovecocoearth.com\/<\/a>&nbsp;est soumise \u00e0 l\u2019accord pr\u00e9alable du Directeur de la publication. Les liens hypertextes \u00e9tablis en direction d\u2019autres sites \u00e0 partir du site&nbsp;<a href=\"https:\/\/lovecocoearth.com\/es\/\" data-mce-href=\"https:\/\/lovecocoearth.com\/es\/\">https:\/\/lovecocoearth.com\/<\/a>&nbsp;ne sauraient, en aucun cas, engager la responsabilit\u00e9 de LOVE COCO EARTH.<\/p>\n<h3>Droit d\u2019auteur<\/h3>\n<p>Sauf mention contraire, tous les \u00e9l\u00e9ments accessibles sur le site (textes, images, graphismes, logo, ic\u00f4nes, sons, logiciels, etc.) restent la propri\u00e9t\u00e9 exclusive de leurs auteurs, en ce qui concerne les droits de propri\u00e9t\u00e9 intellectuelle ou les droits d\u2019usage. La reproduction ou repr\u00e9sentation, int\u00e9grale ou partielle, des pages, des donn\u00e9es et de tout autre \u00e9l\u00e9ment constitutif au site&nbsp;<a href=\"https:\/\/lovecocoearth.com\/es\/\" data-mce-href=\"https:\/\/lovecocoearth.com\/es\/\">https:\/\/lovecocoearth.com\/<\/a>, par quelque proc\u00e9d\u00e9 ou support que ce soit, est interdite et constitue sans autorisation de l\u2019\u00e9diteur une contrefa\u00e7on. Les marques et logos reproduits sur le site sont d\u00e9pos\u00e9s par les soci\u00e9t\u00e9s qui en sont propri\u00e9taires.<\/p>\n<h3><strong>Cr\u00e9dits<\/strong><\/h3>\n<p>&lt; cr\u00e9dits photo, icones, etc. &gt;<\/p>\n\t\t\t\t\t\t\t\t<\/div>\n\t\t\t\t<\/div>\n\t\t\t\t\t<\/div>\n\t\t<\/div>\n\t\t\t\t\t<\/div>\n\t\t<\/section>\n\t\t\t\t\t<\/div>\n\t\t<\/div>\n\t\t\t\t\t<\/div>\n\t\t<\/section>\n\t\t\t\t<\/div>\n\t\t","protected":false},"excerpt":{"rendered":"<p>Notas legales ComentariosCuando deja un comentario en nuestro sitio, los datos ingresados \u200b\u200ben el formulario de comentarios, pero tambi\u00e9n su direcci\u00f3n IP y el agente de usuario de su navegador, se recopilan para ayudarnos a detectar comentarios no deseados. Se puede enviar una cadena an\u00f3nima creada a partir de su direcci\u00f3n de correo electr\u00f3nico (tambi\u00e9n [&hellip;]<\/p>\n","protected":false},"author":3,"featured_media":0,"parent":0,"menu_order":0,"comment_status":"closed","ping_status":"closed","template":"elementor_header_footer","meta":{"footnotes":""},"class_list":["post-3206","page","type-page","status-publish","hentry"],"yoast_head":"<title>Notas legales - Love Coco Earth I Site Officiel<\/title>\n<meta name=\"robots\" content=\"index, follow, max-snippet:-1, max-image-preview:large, max-video-preview:-1\" \/>\n<link rel=\"canonical\" href=\"https:\/\/lovecocoearth.com\/mentions-legales\/\" \/>\n<meta property=\"og:locale\" content=\"es_ES\" \/>\n<meta property=\"og:type\" content=\"article\" \/>\n<meta property=\"og:title\" content=\"Notas legales\" \/>\n<meta property=\"og:description\" content=\"Notas legales ComentariosCuando deja un comentario en nuestro sitio, los datos ingresados \u200b\u200ben el formulario de comentarios, pero tambi\u00e9n su direcci\u00f3n IP y el agente de usuario de su navegador, se recopilan para ayudarnos a detectar comentarios no deseados. Se puede enviar una cadena an\u00f3nima creada a partir de su direcci\u00f3n de correo electr\u00f3nico (tambi\u00e9n [&hellip;]\" \/>\n<meta property=\"og:url\" content=\"https:\/\/lovecocoearth.com\/mentions-legales\/\" \/>\n<meta property=\"og:site_name\" content=\"Love Coco Earth I Site Officiel\" \/>\n<meta property=\"article:modified_time\" content=\"2024-08-04T18:22:50+00:00\" \/>\n<meta name=\"twitter:card\" content=\"summary_large_image\" \/>\n<script type=\"application\/ld+json\" class=\"yoast-schema-graph\">{\"@context\":\"https:\\\/\\\/schema.org\",\"@graph\":[{\"@type\":\"WebPage\",\"@id\":\"https:\\\/\\\/lovecocoearth.com\\\/mentions-legales\\\/\",\"url\":\"https:\\\/\\\/lovecocoearth.com\\\/mentions-legales\\\/\",\"name\":\"Notas legales - Love Coco Earth I Site Officiel\",\"isPartOf\":{\"@id\":\"https:\\\/\\\/lovecocoearth.com\\\/#website\"},\"datePublished\":\"2023-10-05T13:04:17+00:00\",\"dateModified\":\"2024-08-04T18:22:50+00:00\",\"breadcrumb\":{\"@id\":\"https:\\\/\\\/lovecocoearth.com\\\/mentions-legales\\\/#breadcrumb\"},\"inLanguage\":\"es\",\"potentialAction\":[{\"@type\":\"ReadAction\",\"target\":[\"https:\\\/\\\/lovecocoearth.com\\\/mentions-legales\\\/\"]}]},{\"@type\":\"BreadcrumbList\",\"@id\":\"https:\\\/\\\/lovecocoearth.com\\\/mentions-legales\\\/#breadcrumb\",\"itemListElement\":[{\"@type\":\"ListItem\",\"position\":1,\"name\":\"Accueil\",\"item\":\"https:\\\/\\\/lovecocoearth.com\\\/es\\\/\"},{\"@type\":\"ListItem\",\"position\":2,\"name\":\"Notas legales\"}]},{\"@type\":\"WebSite\",\"@id\":\"https:\\\/\\\/lovecocoearth.com\\\/#website\",\"url\":\"https:\\\/\\\/lovecocoearth.com\\\/\",\"name\":\"Love Coco Earth I Site Officiel\",\"description\":\"Des cosm\u00e9tiques responsables et \u00e9thiques\",\"publisher\":{\"@id\":\"https:\\\/\\\/lovecocoearth.com\\\/#organization\"},\"potentialAction\":[{\"@type\":\"SearchAction\",\"target\":{\"@type\":\"EntryPoint\",\"urlTemplate\":\"https:\\\/\\\/lovecocoearth.com\\\/?s={search_term_string}\"},\"query-input\":{\"@type\":\"PropertyValueSpecification\",\"valueRequired\":true,\"valueName\":\"search_term_string\"}}],\"inLanguage\":\"es\"},{\"@type\":\"Organization\",\"@id\":\"https:\\\/\\\/lovecocoearth.com\\\/#organization\",\"name\":\"Love Coco Earth I Site Officiel\",\"url\":\"https:\\\/\\\/lovecocoearth.com\\\/\",\"logo\":{\"@type\":\"ImageObject\",\"inLanguage\":\"es\",\"@id\":\"https:\\\/\\\/lovecocoearth.com\\\/#\\\/schema\\\/logo\\\/image\\\/\",\"url\":\"https:\\\/\\\/lovecocoearth.com\\\/wp-content\\\/uploads\\\/sites\\\/81\\\/2023\\\/10\\\/cropped-Logo-Love-Coco-Earth-sans-fond.png\",\"contentUrl\":\"https:\\\/\\\/lovecocoearth.com\\\/wp-content\\\/uploads\\\/sites\\\/81\\\/2023\\\/10\\\/cropped-Logo-Love-Coco-Earth-sans-fond.png\",\"width\":782,\"height\":782,\"caption\":\"Love Coco Earth I Site Officiel\"},\"image\":{\"@id\":\"https:\\\/\\\/lovecocoearth.com\\\/#\\\/schema\\\/logo\\\/image\\\/\"}}]}<\/script>","yoast_head_json":{"title":"Notas legales - Love Coco Earth I Site Officiel","robots":{"index":"index","follow":"follow","max-snippet":"max-snippet:-1","max-image-preview":"max-image-preview:large","max-video-preview":"max-video-preview:-1"},"canonical":"https:\/\/lovecocoearth.com\/mentions-legales\/","og_locale":"es_ES","og_type":"article","og_title":"Notas legales","og_description":"Notas legales ComentariosCuando deja un comentario en nuestro sitio, los datos ingresados \u200b\u200ben el formulario de comentarios, pero tambi\u00e9n su direcci\u00f3n IP y el agente de usuario de su navegador, se recopilan para ayudarnos a detectar comentarios no deseados. Se puede enviar una cadena an\u00f3nima creada a partir de su direcci\u00f3n de correo electr\u00f3nico (tambi\u00e9n [&hellip;]","og_url":"https:\/\/lovecocoearth.com\/mentions-legales\/","og_site_name":"Love Coco Earth I Site Officiel","article_modified_time":"2024-08-04T18:22:50+00:00","twitter_card":"summary_large_image","schema":{"@context":"https:\/\/schema.org","@graph":[{"@type":"WebPage","@id":"https:\/\/lovecocoearth.com\/mentions-legales\/","url":"https:\/\/lovecocoearth.com\/mentions-legales\/","name":"Notas legales - Love Coco Earth I Site Officiel","isPartOf":{"@id":"https:\/\/lovecocoearth.com\/#website"},"datePublished":"2023-10-05T13:04:17+00:00","dateModified":"2024-08-04T18:22:50+00:00","breadcrumb":{"@id":"https:\/\/lovecocoearth.com\/mentions-legales\/#breadcrumb"},"inLanguage":"es","potentialAction":[{"@type":"ReadAction","target":["https:\/\/lovecocoearth.com\/mentions-legales\/"]}]},{"@type":"BreadcrumbList","@id":"https:\/\/lovecocoearth.com\/mentions-legales\/#breadcrumb","itemListElement":[{"@type":"ListItem","position":1,"name":"Accueil","item":"https:\/\/lovecocoearth.com\/es\/"},{"@type":"ListItem","position":2,"name":"Notas legales"}]},{"@type":"WebSite","@id":"https:\/\/lovecocoearth.com\/#website","url":"https:\/\/lovecocoearth.com\/","name":"Love Coco Earth I Site Officiel","description":"Des cosm\u00e9tiques responsables et \u00e9thiques","publisher":{"@id":"https:\/\/lovecocoearth.com\/#organization"},"potentialAction":[{"@type":"SearchAction","target":{"@type":"EntryPoint","urlTemplate":"https:\/\/lovecocoearth.com\/?s={search_term_string}"},"query-input":{"@type":"PropertyValueSpecification","valueRequired":true,"valueName":"search_term_string"}}],"inLanguage":"es"},{"@type":"Organization","@id":"https:\/\/lovecocoearth.com\/#organization","name":"Love Coco Earth I Site Officiel","url":"https:\/\/lovecocoearth.com\/","logo":{"@type":"ImageObject","inLanguage":"es","@id":"https:\/\/lovecocoearth.com\/#\/schema\/logo\/image\/","url":"https:\/\/lovecocoearth.com\/wp-content\/uploads\/sites\/81\/2023\/10\/cropped-Logo-Love-Coco-Earth-sans-fond.png","contentUrl":"https:\/\/lovecocoearth.com\/wp-content\/uploads\/sites\/81\/2023\/10\/cropped-Logo-Love-Coco-Earth-sans-fond.png","width":782,"height":782,"caption":"Love Coco Earth I Site Officiel"},"image":{"@id":"https:\/\/lovecocoearth.com\/#\/schema\/logo\/image\/"}}]}},"_links":{"self":[{"href":"https:\/\/lovecocoearth.com\/es\/wp-json\/wp\/v2\/pages\/3206","targetHints":{"allow":["GET"]}}],"collection":[{"href":"https:\/\/lovecocoearth.com\/es\/wp-json\/wp\/v2\/pages"}],"about":[{"href":"https:\/\/lovecocoearth.com\/es\/wp-json\/wp\/v2\/types\/page"}],"author":[{"embeddable":true,"href":"https:\/\/lovecocoearth.com\/es\/wp-json\/wp\/v2\/users\/3"}],"replies":[{"embeddable":true,"href":"https:\/\/lovecocoearth.com\/es\/wp-json\/wp\/v2\/comments?post=3206"}],"version-history":[{"count":3,"href":"https:\/\/lovecocoearth.com\/es\/wp-json\/wp\/v2\/pages\/3206\/revisions"}],"predecessor-version":[{"id":3209,"href":"https:\/\/lovecocoearth.com\/es\/wp-json\/wp\/v2\/pages\/3206\/revisions\/3209"}],"wp:attachment":[{"href":"https:\/\/lovecocoearth.com\/es\/wp-json\/wp\/v2\/media?parent=3206"}],"curies":[{"name":"wp","href":"https:\/\/api.w.org\/{rel}","templated":true}]}}