{"id":3043,"date":"2023-10-23T16:16:38","date_gmt":"2023-10-23T14:16:38","guid":{"rendered":"https:\/\/lovecocoearth.com\/notre-histoire\/"},"modified":"2024-08-04T18:10:40","modified_gmt":"2024-08-04T16:10:40","slug":"a-propos-2","status":"publish","type":"page","link":"https:\/\/lovecocoearth.com\/es\/a-propos-2\/","title":{"rendered":"A Proposito"},"content":{"rendered":"<h1><span style=\"color: #99cc00\">La g\u00e9nesis de Love Coco Earth<\/span><\/h1>\n<p><span style=\"font-size: 18pt\"> Love Coco Earth (LCE) naci\u00f3 en 2022 a ra\u00edz de una observaci\u00f3n muy simple: al ver toda esta riqueza tirada al vertedero, decidimos organizar el primer sector de recuperaci\u00f3n de residuos de coco en el Caribe, particularmente en Guadalupe.<\/span><\/p>\n<p style=\"text-align: center\"><span style=\"font-size: 18pt\">De hecho, tras numerosos viajes a Asia, fue f\u00e1cil comprobar que el coco se utiliza en toda su quintaesencia, colocado en un pedestal, con raz\u00f3n porque es un elemento imprescindible en multitud de sectores.<\/span><\/p>\n<p style=\"text-align: center\"><span style=\"font-size: 18pt\">El coco est\u00e1 dotado de oligoelementos, vitaminas, beneficios y propiedades pocas veces igualadas.<\/span><\/p>\n<p style=\"text-align: center\"><span style=\"font-size: 18pt\">A partir de esta experiencia, se decidi\u00f3 devolver la nobleza a este fruto milagroso. Este es un gran desaf\u00edo para el Caribe, en un mundo cada vez m\u00e1s centrado en el desarrollo sostenible, la econom\u00eda verde y la econom\u00eda circular.<\/span><\/p>\n<p style=\"text-align: center\"><span style=\"font-size: 18pt\">Nuestro objetivo es desarrollar el primer sector de valorizaci\u00f3n de residuos de coco con vistas a promover el desarrollo sostenible, la biodiversidad, la lucha contra la deforestaci\u00f3n y la protecci\u00f3n del medio ambiente.<\/span><\/p>\n<p style=\"text-align: center\"><span style=\"font-size: 18pt\">Para ello recolectamos todos los cocos del Caribe con el fin de agrotransformarlos y utilizar todos los tesoros que nos ofrece el cocotero, ofreciendo un horizonte en varios sectores.<\/span><\/p>\n<p style=\"text-align: center\"><span style=\"font-size: 18pt\">La LCE tiene como objetivo revitalizar las islas del Caribe creando empleos y promoviendo el comercio justo porque las Indias Occidentales merecen destacarse ante los ojos de todos.<\/span><\/p>\n<h1 style=\"text-align: center\"><span style=\"color: #99cc00\">\u00a0 \u00a0\ud83c\udf3f Bienvenido al Universo de Love Coco\u00a0Earth<\/span> \ud83c\udf3f<\/h1>\n<p style=\"text-align: center\"><span style=\"font-size: 18pt\">\u00a1Love Coco Earth tambi\u00e9n es cosm\u00e9tica eco-responsable!<\/span><\/p>\n<p style=\"text-align: center\"><span style=\"font-size: 18pt\">\u00a1Sum\u00e9rjase hoy en el fascinante mundo de la cosm\u00e9tica eco-responsable! Creemos firmemente que la belleza natural no debe producirse a expensas de nuestro planeta. Por eso hemos creado una gama de productos cuidadosamente formulados para combinar eficacia, pureza y respeto por el medio ambiente.<\/span><\/p>\n<p style=\"text-align: center\"><span style=\"font-size: 18pt\">Descubra c\u00f3mo cada producto, rico en ingredientes 100 % naturales, puede transformar su rutina de belleza y al mismo tiempo respaldar pr\u00e1cticas sostenibles.<\/span><\/p>\n<p style=\"text-align: center\"><span style=\"font-size: 18pt\">\u00danete a nosotros en esta aventura hacia una belleza sana y responsable, donde cada gesto cuenta para preservar nuestro planeta y celebrar tu resplandor natural.<\/span><\/p>\n<p>&nbsp;<\/p>\n<div style=\"width: 480px;\" class=\"wp-video\"><video class=\"wp-video-shortcode\" id=\"video-3043-1\" width=\"480\" height=\"848\" loop autoplay preload=\"metadata\" controls=\"controls\"><source type=\"video\/mp4\" src=\"https:\/\/lovecocoearth.com\/wp-content\/uploads\/sites\/81\/2024\/08\/afro_love.mp4?_=1\" \/><a href=\"https:\/\/lovecocoearth.com\/wp-content\/uploads\/sites\/81\/2024\/08\/afro_love.mp4\">https:\/\/lovecocoearth.com\/wp-content\/uploads\/sites\/81\/2024\/08\/afro_love.mp4<\/a><\/video><\/div>\n<p>&nbsp;<\/p>\n<h1><\/h1>\n<p>&nbsp;<\/p>\n<h1 style=\"text-align: center\">\ud83d\udc9a <span style=\"color: #99cc00\">Nuestra inspiradora historia<\/span><br \/>\n<span style=\"color: #99cc00\">Una historia de pasi\u00f3n y desarrollo sostenible<\/span><\/h1>\n<p style=\"text-align: center\"><span style=\"font-size: 18pt\">La historia de Love Coco Earth naci\u00f3 de una profunda pasi\u00f3n por el medio ambiente y un encuentro decisivo con los residuos del coco.<\/span><\/p>\n<p style=\"text-align: center\"><span style=\"font-size: 18pt\">Teddy, el fundador, observ\u00f3 que estos preciosos restos a menudo eran descuidados y deteriorados sin ning\u00fan uso. Esta conciencia lo impuls\u00f3 a adoptar un enfoque de reciclaje innovador, dando origen a un sector enteramente dedicado a la valorizaci\u00f3n del coco.<\/span><\/p>\n<p style=\"text-align: center\"><span style=\"font-size: 18pt\">Este sue\u00f1o tom\u00f3 forma con el desarrollo de nuestra gama de cosm\u00e9ticos eco-responsables, donde cada producto est\u00e1 dise\u00f1ado para combinar rendimiento y respeto por el medio ambiente.<\/span><\/p>\n<p style=\"text-align: center\"><span style=\"font-size: 18pt\">Hoy, Love Coco Earth ofrece una serie de productos derivados que no s\u00f3lo embellecen tu d\u00eda a d\u00eda, sino que tambi\u00e9n ayudan a mejorar nuestro planeta. Al elegir nuestros cosm\u00e9ticos, est\u00e1 eligiendo una calidad superior y al mismo tiempo apoya pr\u00e1cticas sostenibles y responsables.<\/span><\/p>\n<p>&nbsp;<\/p>\n<h1 style=\"text-align: center\"><span style=\"font-size: 18pt\">\ud83c\udf0d <span style=\"color: #99cc00;font-size: 24pt\">Nuestros compromisos con la cosm\u00e9tica eco-responsable <\/span><\/span><span style=\"color: #99cc00;font-size: 24pt\">\u00a0<\/span>\ud83c\udf0d<\/h1>\n<p style=\"text-align: center\"><span style=\"font-size: 18pt\">En Love Coco Earth, cada producto est\u00e1 dise\u00f1ado con el mayor respeto por el medio ambiente y las comunidades locales. Nuestra cosm\u00e9tica eco-responsable es sin\u00f3nimo de calidad y \u00e9tica.<\/span><\/p>\n<p style=\"text-align: center\"><span style=\"font-size: 18pt\">Elija la belleza natural y el desarrollo sostenible.<\/span><\/p>\n<p style=\"text-align: center\"><span style=\"font-size: 18pt\">\u00a1Pide ahora y s\u00e9 parte del cambio!<\/span><\/p>\n","protected":false},"excerpt":{"rendered":"<p>La g\u00e9nesis de Love Coco Earth Love Coco Earth (LCE) naci\u00f3 en 2022 a ra\u00edz de una observaci\u00f3n muy simple: al ver toda esta riqueza tirada al vertedero, decidimos organizar el primer sector de recuperaci\u00f3n de residuos de coco en el Caribe, particularmente en Guadalupe. De hecho, tras numerosos viajes a Asia, fue f\u00e1cil comprobar [&hellip;]<\/p>\n","protected":false},"author":3,"featured_media":2902,"parent":0,"menu_order":0,"comment_status":"closed","ping_status":"closed","template":"","meta":{"footnotes":""},"class_list":["post-3043","page","type-page","status-publish","has-post-thumbnail","hentry"],"yoast_head":"<title>A Proposito - Love Coco Earth I Site Officiel<\/title>\n<meta name=\"description\" content=\"Descubra la historia de Love Coco Earth, desde la recuperaci\u00f3n de los residuos del coco hasta la creaci\u00f3n de cosm\u00e9ticos eco-responsables.\" \/>\n<meta name=\"robots\" content=\"index, follow, max-snippet:-1, max-image-preview:large, max-video-preview:-1\" \/>\n<link rel=\"canonical\" href=\"https:\/\/lovecocoearth.com\/a-propos\/\" \/>\n<meta property=\"og:locale\" content=\"es_ES\" \/>\n<meta property=\"og:type\" content=\"article\" \/>\n<meta property=\"og:title\" content=\"A Proposito\" \/>\n<meta property=\"og:description\" content=\"Descubra la historia de Love Coco Earth, desde la recuperaci\u00f3n de los residuos del coco hasta la creaci\u00f3n de cosm\u00e9ticos eco-responsables.\" \/>\n<meta property=\"og:url\" content=\"https:\/\/lovecocoearth.com\/a-propos\/\" \/>\n<meta property=\"og:site_name\" content=\"Love Coco Earth I Site Officiel\" \/>\n<meta property=\"article:modified_time\" content=\"2024-08-04T16:10:40+00:00\" \/>\n<meta property=\"og:image\" content=\"https:\/\/lovecocoearth.com\/wp-content\/uploads\/sites\/81\/2024\/07\/afro-love-4.jpg\" \/>\n\t<meta property=\"og:image:width\" content=\"682\" \/>\n\t<meta property=\"og:image:height\" content=\"1024\" \/>\n\t<meta property=\"og:image:type\" content=\"image\/jpeg\" \/>\n<meta name=\"twitter:card\" content=\"summary_large_image\" \/>\n<script type=\"application\/ld+json\" class=\"yoast-schema-graph\">{\"@context\":\"https:\\\/\\\/schema.org\",\"@graph\":[{\"@type\":\"WebPage\",\"@id\":\"https:\\\/\\\/lovecocoearth.com\\\/a-propos\\\/\",\"url\":\"https:\\\/\\\/lovecocoearth.com\\\/a-propos\\\/\",\"name\":\"A Proposito - Love Coco Earth I Site Officiel\",\"isPartOf\":{\"@id\":\"https:\\\/\\\/lovecocoearth.com\\\/#website\"},\"primaryImageOfPage\":{\"@id\":\"https:\\\/\\\/lovecocoearth.com\\\/a-propos\\\/#primaryimage\"},\"image\":{\"@id\":\"https:\\\/\\\/lovecocoearth.com\\\/a-propos\\\/#primaryimage\"},\"thumbnailUrl\":\"https:\\\/\\\/lovecocoearth.com\\\/wp-content\\\/uploads\\\/sites\\\/81\\\/2024\\\/07\\\/afro-love-4.jpg\",\"datePublished\":\"2023-10-23T14:16:38+00:00\",\"dateModified\":\"2024-08-04T16:10:40+00:00\",\"description\":\"Descubra la historia de Love Coco Earth, desde la recuperaci\u00f3n de los residuos del coco hasta la creaci\u00f3n de cosm\u00e9ticos eco-responsables.\",\"breadcrumb\":{\"@id\":\"https:\\\/\\\/lovecocoearth.com\\\/a-propos\\\/#breadcrumb\"},\"inLanguage\":\"es\",\"potentialAction\":[{\"@type\":\"ReadAction\",\"target\":[\"https:\\\/\\\/lovecocoearth.com\\\/a-propos\\\/\"]}]},{\"@type\":\"ImageObject\",\"inLanguage\":\"es\",\"@id\":\"https:\\\/\\\/lovecocoearth.com\\\/a-propos\\\/#primaryimage\",\"url\":\"https:\\\/\\\/lovecocoearth.com\\\/wp-content\\\/uploads\\\/sites\\\/81\\\/2024\\\/07\\\/afro-love-4.jpg\",\"contentUrl\":\"https:\\\/\\\/lovecocoearth.com\\\/wp-content\\\/uploads\\\/sites\\\/81\\\/2024\\\/07\\\/afro-love-4.jpg\",\"width\":682,\"height\":1024,\"caption\":\"Eg\u00e9rie Marine rit aux \u00e9clats en se touchant les cheveux.\"},{\"@type\":\"BreadcrumbList\",\"@id\":\"https:\\\/\\\/lovecocoearth.com\\\/a-propos\\\/#breadcrumb\",\"itemListElement\":[{\"@type\":\"ListItem\",\"position\":1,\"name\":\"Accueil\",\"item\":\"https:\\\/\\\/lovecocoearth.com\\\/es\\\/\"},{\"@type\":\"ListItem\",\"position\":2,\"name\":\"A Proposito\"}]},{\"@type\":\"WebSite\",\"@id\":\"https:\\\/\\\/lovecocoearth.com\\\/#website\",\"url\":\"https:\\\/\\\/lovecocoearth.com\\\/\",\"name\":\"Love Coco Earth I Site Officiel\",\"description\":\"Des cosm\u00e9tiques responsables et \u00e9thiques\",\"publisher\":{\"@id\":\"https:\\\/\\\/lovecocoearth.com\\\/#organization\"},\"potentialAction\":[{\"@type\":\"SearchAction\",\"target\":{\"@type\":\"EntryPoint\",\"urlTemplate\":\"https:\\\/\\\/lovecocoearth.com\\\/?s={search_term_string}\"},\"query-input\":{\"@type\":\"PropertyValueSpecification\",\"valueRequired\":true,\"valueName\":\"search_term_string\"}}],\"inLanguage\":\"es\"},{\"@type\":\"Organization\",\"@id\":\"https:\\\/\\\/lovecocoearth.com\\\/#organization\",\"name\":\"Love Coco Earth I Site Officiel\",\"url\":\"https:\\\/\\\/lovecocoearth.com\\\/\",\"logo\":{\"@type\":\"ImageObject\",\"inLanguage\":\"es\",\"@id\":\"https:\\\/\\\/lovecocoearth.com\\\/#\\\/schema\\\/logo\\\/image\\\/\",\"url\":\"https:\\\/\\\/lovecocoearth.com\\\/wp-content\\\/uploads\\\/sites\\\/81\\\/2023\\\/10\\\/cropped-Logo-Love-Coco-Earth-sans-fond.png\",\"contentUrl\":\"https:\\\/\\\/lovecocoearth.com\\\/wp-content\\\/uploads\\\/sites\\\/81\\\/2023\\\/10\\\/cropped-Logo-Love-Coco-Earth-sans-fond.png\",\"width\":782,\"height\":782,\"caption\":\"Love Coco Earth I Site Officiel\"},\"image\":{\"@id\":\"https:\\\/\\\/lovecocoearth.com\\\/#\\\/schema\\\/logo\\\/image\\\/\"}}]}<\/script>","yoast_head_json":{"title":"A Proposito - Love Coco Earth I Site Officiel","description":"Descubra la historia de Love Coco Earth, desde la recuperaci\u00f3n de los residuos del coco hasta la creaci\u00f3n de cosm\u00e9ticos eco-responsables.","robots":{"index":"index","follow":"follow","max-snippet":"max-snippet:-1","max-image-preview":"max-image-preview:large","max-video-preview":"max-video-preview:-1"},"canonical":"https:\/\/lovecocoearth.com\/a-propos\/","og_locale":"es_ES","og_type":"article","og_title":"A Proposito","og_description":"Descubra la historia de Love Coco Earth, desde la recuperaci\u00f3n de los residuos del coco hasta la creaci\u00f3n de cosm\u00e9ticos eco-responsables.","og_url":"https:\/\/lovecocoearth.com\/a-propos\/","og_site_name":"Love Coco Earth I Site Officiel","article_modified_time":"2024-08-04T16:10:40+00:00","og_image":[{"width":682,"height":1024,"url":"https:\/\/lovecocoearth.com\/wp-content\/uploads\/sites\/81\/2024\/07\/afro-love-4.jpg","type":"image\/jpeg"}],"twitter_card":"summary_large_image","schema":{"@context":"https:\/\/schema.org","@graph":[{"@type":"WebPage","@id":"https:\/\/lovecocoearth.com\/a-propos\/","url":"https:\/\/lovecocoearth.com\/a-propos\/","name":"A Proposito - Love Coco Earth I Site Officiel","isPartOf":{"@id":"https:\/\/lovecocoearth.com\/#website"},"primaryImageOfPage":{"@id":"https:\/\/lovecocoearth.com\/a-propos\/#primaryimage"},"image":{"@id":"https:\/\/lovecocoearth.com\/a-propos\/#primaryimage"},"thumbnailUrl":"https:\/\/lovecocoearth.com\/wp-content\/uploads\/sites\/81\/2024\/07\/afro-love-4.jpg","datePublished":"2023-10-23T14:16:38+00:00","dateModified":"2024-08-04T16:10:40+00:00","description":"Descubra la historia de Love Coco Earth, desde la recuperaci\u00f3n de los residuos del coco hasta la creaci\u00f3n de cosm\u00e9ticos eco-responsables.","breadcrumb":{"@id":"https:\/\/lovecocoearth.com\/a-propos\/#breadcrumb"},"inLanguage":"es","potentialAction":[{"@type":"ReadAction","target":["https:\/\/lovecocoearth.com\/a-propos\/"]}]},{"@type":"ImageObject","inLanguage":"es","@id":"https:\/\/lovecocoearth.com\/a-propos\/#primaryimage","url":"https:\/\/lovecocoearth.com\/wp-content\/uploads\/sites\/81\/2024\/07\/afro-love-4.jpg","contentUrl":"https:\/\/lovecocoearth.com\/wp-content\/uploads\/sites\/81\/2024\/07\/afro-love-4.jpg","width":682,"height":1024,"caption":"Eg\u00e9rie Marine rit aux \u00e9clats en se touchant les cheveux."},{"@type":"BreadcrumbList","@id":"https:\/\/lovecocoearth.com\/a-propos\/#breadcrumb","itemListElement":[{"@type":"ListItem","position":1,"name":"Accueil","item":"https:\/\/lovecocoearth.com\/es\/"},{"@type":"ListItem","position":2,"name":"A Proposito"}]},{"@type":"WebSite","@id":"https:\/\/lovecocoearth.com\/#website","url":"https:\/\/lovecocoearth.com\/","name":"Love Coco Earth I Site Officiel","description":"Des cosm\u00e9tiques responsables et \u00e9thiques","publisher":{"@id":"https:\/\/lovecocoearth.com\/#organization"},"potentialAction":[{"@type":"SearchAction","target":{"@type":"EntryPoint","urlTemplate":"https:\/\/lovecocoearth.com\/?s={search_term_string}"},"query-input":{"@type":"PropertyValueSpecification","valueRequired":true,"valueName":"search_term_string"}}],"inLanguage":"es"},{"@type":"Organization","@id":"https:\/\/lovecocoearth.com\/#organization","name":"Love Coco Earth I Site Officiel","url":"https:\/\/lovecocoearth.com\/","logo":{"@type":"ImageObject","inLanguage":"es","@id":"https:\/\/lovecocoearth.com\/#\/schema\/logo\/image\/","url":"https:\/\/lovecocoearth.com\/wp-content\/uploads\/sites\/81\/2023\/10\/cropped-Logo-Love-Coco-Earth-sans-fond.png","contentUrl":"https:\/\/lovecocoearth.com\/wp-content\/uploads\/sites\/81\/2023\/10\/cropped-Logo-Love-Coco-Earth-sans-fond.png","width":782,"height":782,"caption":"Love Coco Earth I Site Officiel"},"image":{"@id":"https:\/\/lovecocoearth.com\/#\/schema\/logo\/image\/"}}]}},"_links":{"self":[{"href":"https:\/\/lovecocoearth.com\/es\/wp-json\/wp\/v2\/pages\/3043","targetHints":{"allow":["GET"]}}],"collection":[{"href":"https:\/\/lovecocoearth.com\/es\/wp-json\/wp\/v2\/pages"}],"about":[{"href":"https:\/\/lovecocoearth.com\/es\/wp-json\/wp\/v2\/types\/page"}],"author":[{"embeddable":true,"href":"https:\/\/lovecocoearth.com\/es\/wp-json\/wp\/v2\/users\/3"}],"replies":[{"embeddable":true,"href":"https:\/\/lovecocoearth.com\/es\/wp-json\/wp\/v2\/comments?post=3043"}],"version-history":[{"count":3,"href":"https:\/\/lovecocoearth.com\/es\/wp-json\/wp\/v2\/pages\/3043\/revisions"}],"predecessor-version":[{"id":3102,"href":"https:\/\/lovecocoearth.com\/es\/wp-json\/wp\/v2\/pages\/3043\/revisions\/3102"}],"wp:featuredmedia":[{"embeddable":true,"href":"https:\/\/lovecocoearth.com\/es\/wp-json\/wp\/v2\/media\/2902"}],"wp:attachment":[{"href":"https:\/\/lovecocoearth.com\/es\/wp-json\/wp\/v2\/media?parent=3043"}],"curies":[{"name":"wp","href":"https:\/\/api.w.org\/{rel}","templated":true}]}}