{"id":2982,"date":"2023-10-05T15:05:33","date_gmt":"2023-10-05T13:05:33","guid":{"rendered":"https:\/\/lovecocoearth.com\/conditions-generales-de-vente\/"},"modified":"2024-08-04T18:38:48","modified_gmt":"2024-08-04T16:38:48","slug":"conditions-generales-de-vente","status":"publish","type":"page","link":"https:\/\/lovecocoearth.com\/es\/conditions-generales-de-vente\/","title":{"rendered":"Condiciones generales de venta"},"content":{"rendered":"<h1>Condiciones generales<\/h1>\n<p>I\/ OBJETO DEL CONTRATO &#8211; ALCANCE<\/p>\n<p>Estos T\u00e9rminos y Condiciones Generales se aplican al proceso de pedido en el sitio, a cualquier uso de los servicios ofrecidos en el sitio y\/o a todas las ventas de Productos realizadas por LOVE COCO EARTH desde el sitio https:\/\/lovecocoearth.com\/ a de Clientes, ya sean particulares o profesionales, cualesquiera que sean las cl\u00e1usulas que puedan aparecer en los documentos del Cliente, y en particular sus condiciones generales de compra, salvo aceptaci\u00f3n expresa y por escrito por parte de LOVE COCO EART y se refieran a todos los productos comercializados por LOVE COCO. TIERRA.<\/p>\n<p>LOVE COCO EARTH se reserva el derecho de modificar los presentes T\u00e9rminos y Condiciones Generales.<\/p>\n<p>II\/ CONDICIONES DE USO DE LOS PRODUCTOS Y ADVERTENCIAS<br \/>\nLos Productos que ofrecemos en el Sitio est\u00e1n reservados exclusivamente para personas mayores de 18 a\u00f1os.<\/p>\n<p>Antes de realizar una compra en el Sitio, el cliente debe ser plenamente consciente de su estado de salud. Las Clientes embarazadas deben buscar el consejo de un m\u00e9dico antes de consumir cualquiera de los productos ofrecidos en el sitio.<\/p>\n<p>Los clientes con cualquier patolog\u00eda o intolerancia alimentaria de cualquier tipo tambi\u00e9n deben estar atentos al utilizar los Productos del Sitio.<\/p>\n<p>El Cliente reconoce expresamente que un tratamiento con complementos diet\u00e9ticos es una experiencia individual y que, por tanto, sus efectos no pueden determinarse con precisi\u00f3n de antemano y que, por tanto, no est\u00e1 sujeto a ninguna obligaci\u00f3n de resultados.<\/p>\n<p>Asimismo, el Cliente reconoce que la informaci\u00f3n proporcionada por el sitio no puede sustituir la pr\u00e1ctica de ejercicio f\u00edsico ni confundirse con un seguimiento o una consulta m\u00e9dica y\/o psicol\u00f3gica. Asimismo, los complementos alimenticios deben utilizarse como parte de un estilo de vida saludable y no como sustitutos de una dieta variada y equilibrada o de medicamentos. En caso de duda sobre su estado de salud o posibles contraindicaciones m\u00e9dicas, el Cliente se compromete a consultar a un m\u00e9dico antes de realizar cualquier compra en el Sitio.<\/p>\n<p>III\/ COMPRA\/ENV\u00cdO\/ENTREGA<br \/>\nEntregas nacionales<br \/>\nEl departamento de env\u00edos puede enviar productos a direcciones f\u00edsicas o apartados de correos ubicados en Europa. Corresponde al comprador garantizar la exactitud de la direcci\u00f3n de env\u00edo proporcionada por \u00e9l. Aseg\u00farese de que la direcci\u00f3n proporcionada sea correcta, independientemente del m\u00e9todo de pedido, antes de completar la compra. LOVE COCO EARTH en ning\u00fan caso ser\u00e1 responsable de la entrega realizada a una direcci\u00f3n incorrecta.<\/p>\n<p>Ordenar tiempo de procesos<br \/>\nGeneralmente, los pedidos se procesan en un plazo de 48 horas (excepto fines de semana y festivos). Los pedidos validados en fin de semana o d\u00eda festivo se procesan el siguiente d\u00eda h\u00e1bil.<\/p>\n<p>Todos los tiempos de entrega se estiman a partir de la fecha en que su pedido sale de nuestro centro log\u00edstico. Para la entrega, espere entre 3 y 5 d\u00edas h\u00e1biles desde que el pedido sale de nuestro centro de procesamiento.<\/p>\n<p>Paquetes perdidos o robados<br \/>\nLOVE COCO EARTH no se hace responsable de la p\u00e9rdida o robo de paquetes cuyo env\u00edo a la direcci\u00f3n indicada en el pedido haya sido confirmado. S\u00f3lo previa solicitud, LOVE COCO EARTH puede confirmar el env\u00edo a la direcci\u00f3n indicada, especificando la fecha, proporcionando informaci\u00f3n de seguimiento y del transportista para ayudar al cliente a realizar la investigaci\u00f3n.<\/p>\n<p>Datos de env\u00edo incorrectos<br \/>\nSi el paquete se devuelve a LOVE COCO EARTH debido a una direcci\u00f3n incorrecta o incompleta proporcionada por el cliente, el cliente correr\u00e1 con los costos de env\u00edo relacionados con la devoluci\u00f3n de la mercanc\u00eda y la nueva entrega. LOVE COCO EARTH no se hace responsable de los defectos de entrega debidos a datos incorrectos o incompletos proporcionados por el cliente.<\/p>\n<p>Seguimiento de su pedido<br \/>\nCuando los pedidos de los clientes est\u00e1n listos para enviarse, reciben un correo electr\u00f3nico de confirmaci\u00f3n de entrega. La mayor\u00eda de los pedidos se env\u00edan dentro de las 48 horas posteriores a su realizaci\u00f3n y llegan dentro de 3 a 5 d\u00edas h\u00e1biles despu\u00e9s de su env\u00edo. El correo electr\u00f3nico de confirmaci\u00f3n contiene los detalles de env\u00edo y el n\u00famero de seguimiento del pedido. Para realizar el seguimiento, vaya al sitio web del transportista.<\/p>\n<p>A veces, cuando un cliente intenta rastrear un paquete 48 horas despu\u00e9s del pago, la informaci\u00f3n de entrega no est\u00e1 disponible, esto significa que el transportista no escane\u00f3 el paquete. Una vez que se escanea el paquete, se puede acceder al seguimiento. Espere 48 horas antes de que el transportista escanee los paquetes. Si la informaci\u00f3n de seguimiento a\u00fan no aparece, comun\u00edquese con el servicio de atenci\u00f3n al cliente a uno de los n\u00fameros de tel\u00e9fono que figuran en la p\u00e1gina de contacto o por correo electr\u00f3nico.<\/p>\n<p>IV\/ FORMAS DE PAGO<br \/>\nLos pagos se realizan con tarjeta de cr\u00e9dito en el sitio. Tambi\u00e9n es posible pagar en efectivo o transferencia contactando directamente con LOVE COCO EARTH.<\/p>\n<p>A tal efecto, el Cliente autoriza a LOVE COCO EARTH a debitar en su tarjeta bancaria el importe indicado al realizar el pedido.<\/p>\n<p>LOVE COCO EARTH asegura al Cliente la seguridad de los pagos realizados y de los acuerdos celebrados con profesionales del sector para garantizar plenamente este objetivo.<\/p>\n<p>V\/ LOVE COCO EARTH GARANT\u00cdAS Y EXCLUSIONES DE GARANT\u00cdAS<br \/>\nLos Productos comercializados por LOVE COCO EARTH son fabricados por socios. LOVE COCO EARTH ofrece al Cliente una garant\u00eda de conformidad, calidad y cumplimiento de la normativa aplicable a los complementos alimenticios.<\/p>\n<p>LOVE COCO EARTH tambi\u00e9n garantiza que los Productos han sido sometidos a controles y pruebas realizadas por los socios antes de su comercializaci\u00f3n.<\/p>\n<p>En cualquier caso, LOVE COCO EATH no ser\u00e1 responsable ante el Cliente en los siguientes casos:<\/p>\n<p>falta de adecuaci\u00f3n de los Productos a las necesidades del Cliente;<br \/>\nda\u00f1os sufridos por el Cliente debido al uso inadecuado de los Productos;<br \/>\nfalta de verificaci\u00f3n por parte del Cliente, antes de realizar el pedido y durante la toma de los Productos, de su estado de salud y de sus posibles alergias a uno de los componentes del Producto<br \/>\nLos resultados son personales, por lo que no se pueden garantizar resultados al Cliente debido al uso de los Productos y Servicios proporcionados por LOVE COCO EARTH a trav\u00e9s del Sitio.<\/p>\n<p>Algunos pa\u00edses y jurisdicciones no permiten la exclusi\u00f3n de garant\u00edas impl\u00edcitas o limitaciones en la duraci\u00f3n de las garant\u00edas impl\u00edcitas, por lo que las limitaciones anteriores pueden no aplicarse en su totalidad o en parte a algunos casos en los que dichas limitaciones est\u00e9n prohibidas por la ley de orden p\u00fablico. Dans ces seules hypoth\u00e8ses, la responsabilit\u00e9 totale de LOVE COCO EARTH sera limit\u00e9e au montant que le Client a effectivement vers\u00e9 au titre des commandes \u00e0 l&#8217;origine du pr\u00e9judice invoqu\u00e9 et judiciairement reconnu comme \u00e9tabli, au titre de l&#8217;application de ces r\u00e8gles d&#8217; orden p\u00fablico.<\/p>\n<p>VI\/ PROPIEDAD INTELECTUAL<br \/>\nLOVE COCO EARTH posee y conserva la propiedad de todos los derechos de propiedad intelectual relacionados con los Servicios y Productos adquiridos por el Cliente, incluidos los conocimientos, m\u00e9todos, derechos de autor y patentes asociados con el software que los acompa\u00f1a y que incorporan, as\u00ed como el derechos relativos a sus dise\u00f1os (dise\u00f1os y modelos) o a las denominaciones con las que se comercializan (marcas).<\/p>\n<p>Ninguna de las estipulaciones de estos T\u00e9rminos y Condiciones Generales podr\u00e1 interpretarse como una cesi\u00f3n o licencia de cualquiera de estos derechos en beneficio del Cliente. En efecto, este \u00faltimo s\u00f3lo tiene derecho a utilizar los Servicios ofrecidos por cuenta propia, si es necesario para revenderlos pero, en cualquier caso, el Cliente garantiza al Vendedor contra cualquier infracci\u00f3n de los derechos antes mencionados por su propia cuenta.<\/p>\n<p>VII\/ INFORMACI\u00d3N \u2013 DENUNCIA<br \/>\nCualquier queja o solicitud de informaci\u00f3n relacionada con los Productos o Servicios debe enviarse a LOVE COCO EARTH a trav\u00e9s del Sitio consultando la secci\u00f3n \u201cContactos\u201d, o por correo postal a la siguiente direcci\u00f3n:<\/p>\n<p>AMOR TIERRA DE COCO \u2013 CHEMIN DE BRAGELOGNE CIRUG\u00cdA 97180 SAINTE-ANNE<\/p>\n<p>La respuesta a la reclamaci\u00f3n se realizar\u00e1 en el plazo de 30 d\u00edas h\u00e1biles por correo postal si el Cliente lo solicita expresamente.<\/p>\n<p>IX\/ LEY APLICABLE<br \/>\nEstos T\u00e9rminos y Condiciones Generales est\u00e1n sujetos exclusivamente a la ley francesa con exclusi\u00f3n de cualquier otra legislaci\u00f3n, incluso en presencia de Clientes residentes o nacionales de pa\u00edses extranjeros.<\/p>\n<p>El idioma oficial de estos T\u00e9rminos y Condiciones Generales es el franc\u00e9s. El uso de cualquier otro idioma es s\u00f3lo indicativo. En caso de dificultades de interpretaci\u00f3n, las Partes se referir\u00e1n \u00fanicamente al texto franc\u00e9s.<\/p>\n<p>LIMITACI\u00d3N DE RESPONSABILIDAD: Nuestros productos deben utilizarse como parte de un estilo de vida saludable y no pueden sustituir una dieta equilibrada y variada. Los productos y la informaci\u00f3n presentados en este sitio no est\u00e1n destinados al diagn\u00f3stico, tratamiento, cura o prevenci\u00f3n de enfermedades. Esta informaci\u00f3n y declaraciones se proporcionan \u00fanicamente con fines informativos y de ninguna manera pueden reemplazar el consejo de su m\u00e9dico. Los productos LOVE COCO EARTH no proporcionan asesoramiento ni prescripci\u00f3n m\u00e9dica, y no establecen ning\u00fan diagn\u00f3stico. Las opiniones y consejos nutricionales expresados \u200b\u200bpor LOVE COCO EARTH no pretenden sustituir los servicios m\u00e9dicos convencionales. Cuidarse es fundamental; Si tienes problemas de salud, consulta con tu m\u00e9dico.<\/p>\n","protected":false},"excerpt":{"rendered":"<p>Condiciones generales I\/ OBJETO DEL CONTRATO &#8211; ALCANCE Estos T\u00e9rminos y Condiciones Generales se aplican al proceso de pedido en el sitio, a cualquier uso de los servicios ofrecidos en el sitio y\/o a todas las ventas de Productos realizadas por LOVE COCO EARTH desde el sitio https:\/\/lovecocoearth.com\/ a de Clientes, ya sean particulares o [&hellip;]<\/p>\n","protected":false},"author":1,"featured_media":0,"parent":0,"menu_order":0,"comment_status":"closed","ping_status":"closed","template":"elementor_header_footer","meta":{"footnotes":""},"class_list":["post-2982","page","type-page","status-publish","hentry"],"yoast_head":"<title>Condiciones generales de venta - Love Coco Earth I Site Officiel<\/title>\n<meta name=\"description\" content=\"Descubre las condiciones generales de venta de Love Coco Earth. Conozca nuestras pol\u00edticas de compra, entrega y devoluci\u00f3n y nuestros compromisos para garantizar una experiencia de compra tranquila y transparente.\" \/>\n<meta name=\"robots\" content=\"index, follow, max-snippet:-1, max-image-preview:large, max-video-preview:-1\" \/>\n<link rel=\"canonical\" href=\"https:\/\/lovecocoearth.com\/conditions-generales-de-vente\/\" \/>\n<meta property=\"og:locale\" content=\"es_ES\" \/>\n<meta property=\"og:type\" content=\"article\" \/>\n<meta property=\"og:title\" content=\"Condiciones generales de venta\" \/>\n<meta property=\"og:description\" content=\"Descubre las condiciones generales de venta de Love Coco Earth. Conozca nuestras pol\u00edticas de compra, entrega y devoluci\u00f3n y nuestros compromisos para garantizar una experiencia de compra tranquila y transparente.\" \/>\n<meta property=\"og:url\" content=\"https:\/\/lovecocoearth.com\/conditions-generales-de-vente\/\" \/>\n<meta property=\"og:site_name\" content=\"Love Coco Earth I Site Officiel\" \/>\n<meta property=\"article:modified_time\" content=\"2024-08-04T16:38:48+00:00\" \/>\n<meta name=\"twitter:card\" content=\"summary_large_image\" \/>\n<script type=\"application\/ld+json\" class=\"yoast-schema-graph\">{\"@context\":\"https:\\\/\\\/schema.org\",\"@graph\":[{\"@type\":\"WebPage\",\"@id\":\"https:\\\/\\\/lovecocoearth.com\\\/conditions-generales-de-vente\\\/\",\"url\":\"https:\\\/\\\/lovecocoearth.com\\\/conditions-generales-de-vente\\\/\",\"name\":\"Condiciones generales de venta - Love Coco Earth I Site Officiel\",\"isPartOf\":{\"@id\":\"https:\\\/\\\/lovecocoearth.com\\\/#website\"},\"datePublished\":\"2023-10-05T13:05:33+00:00\",\"dateModified\":\"2024-08-04T16:38:48+00:00\",\"description\":\"Descubre las condiciones generales de venta de Love Coco Earth. Conozca nuestras pol\u00edticas de compra, entrega y devoluci\u00f3n y nuestros compromisos para garantizar una experiencia de compra tranquila y transparente.\",\"breadcrumb\":{\"@id\":\"https:\\\/\\\/lovecocoearth.com\\\/conditions-generales-de-vente\\\/#breadcrumb\"},\"inLanguage\":\"es\",\"potentialAction\":[{\"@type\":\"ReadAction\",\"target\":[\"https:\\\/\\\/lovecocoearth.com\\\/conditions-generales-de-vente\\\/\"]}]},{\"@type\":\"BreadcrumbList\",\"@id\":\"https:\\\/\\\/lovecocoearth.com\\\/conditions-generales-de-vente\\\/#breadcrumb\",\"itemListElement\":[{\"@type\":\"ListItem\",\"position\":1,\"name\":\"Accueil\",\"item\":\"https:\\\/\\\/lovecocoearth.com\\\/es\\\/\"},{\"@type\":\"ListItem\",\"position\":2,\"name\":\"Condiciones generales de venta\"}]},{\"@type\":\"WebSite\",\"@id\":\"https:\\\/\\\/lovecocoearth.com\\\/#website\",\"url\":\"https:\\\/\\\/lovecocoearth.com\\\/\",\"name\":\"Love Coco Earth I Site Officiel\",\"description\":\"Des cosm\u00e9tiques responsables et \u00e9thiques\",\"publisher\":{\"@id\":\"https:\\\/\\\/lovecocoearth.com\\\/#organization\"},\"potentialAction\":[{\"@type\":\"SearchAction\",\"target\":{\"@type\":\"EntryPoint\",\"urlTemplate\":\"https:\\\/\\\/lovecocoearth.com\\\/?s={search_term_string}\"},\"query-input\":{\"@type\":\"PropertyValueSpecification\",\"valueRequired\":true,\"valueName\":\"search_term_string\"}}],\"inLanguage\":\"es\"},{\"@type\":\"Organization\",\"@id\":\"https:\\\/\\\/lovecocoearth.com\\\/#organization\",\"name\":\"Love Coco Earth I Site Officiel\",\"url\":\"https:\\\/\\\/lovecocoearth.com\\\/\",\"logo\":{\"@type\":\"ImageObject\",\"inLanguage\":\"es\",\"@id\":\"https:\\\/\\\/lovecocoearth.com\\\/#\\\/schema\\\/logo\\\/image\\\/\",\"url\":\"https:\\\/\\\/lovecocoearth.com\\\/wp-content\\\/uploads\\\/sites\\\/81\\\/2023\\\/10\\\/cropped-Logo-Love-Coco-Earth-sans-fond.png\",\"contentUrl\":\"https:\\\/\\\/lovecocoearth.com\\\/wp-content\\\/uploads\\\/sites\\\/81\\\/2023\\\/10\\\/cropped-Logo-Love-Coco-Earth-sans-fond.png\",\"width\":782,\"height\":782,\"caption\":\"Love Coco Earth I Site Officiel\"},\"image\":{\"@id\":\"https:\\\/\\\/lovecocoearth.com\\\/#\\\/schema\\\/logo\\\/image\\\/\"}}]}<\/script>","yoast_head_json":{"title":"Condiciones generales de venta - Love Coco Earth I Site Officiel","description":"Descubre las condiciones generales de venta de Love Coco Earth. Conozca nuestras pol\u00edticas de compra, entrega y devoluci\u00f3n y nuestros compromisos para garantizar una experiencia de compra tranquila y transparente.","robots":{"index":"index","follow":"follow","max-snippet":"max-snippet:-1","max-image-preview":"max-image-preview:large","max-video-preview":"max-video-preview:-1"},"canonical":"https:\/\/lovecocoearth.com\/conditions-generales-de-vente\/","og_locale":"es_ES","og_type":"article","og_title":"Condiciones generales de venta","og_description":"Descubre las condiciones generales de venta de Love Coco Earth. Conozca nuestras pol\u00edticas de compra, entrega y devoluci\u00f3n y nuestros compromisos para garantizar una experiencia de compra tranquila y transparente.","og_url":"https:\/\/lovecocoearth.com\/conditions-generales-de-vente\/","og_site_name":"Love Coco Earth I Site Officiel","article_modified_time":"2024-08-04T16:38:48+00:00","twitter_card":"summary_large_image","schema":{"@context":"https:\/\/schema.org","@graph":[{"@type":"WebPage","@id":"https:\/\/lovecocoearth.com\/conditions-generales-de-vente\/","url":"https:\/\/lovecocoearth.com\/conditions-generales-de-vente\/","name":"Condiciones generales de venta - Love Coco Earth I Site Officiel","isPartOf":{"@id":"https:\/\/lovecocoearth.com\/#website"},"datePublished":"2023-10-05T13:05:33+00:00","dateModified":"2024-08-04T16:38:48+00:00","description":"Descubre las condiciones generales de venta de Love Coco Earth. Conozca nuestras pol\u00edticas de compra, entrega y devoluci\u00f3n y nuestros compromisos para garantizar una experiencia de compra tranquila y transparente.","breadcrumb":{"@id":"https:\/\/lovecocoearth.com\/conditions-generales-de-vente\/#breadcrumb"},"inLanguage":"es","potentialAction":[{"@type":"ReadAction","target":["https:\/\/lovecocoearth.com\/conditions-generales-de-vente\/"]}]},{"@type":"BreadcrumbList","@id":"https:\/\/lovecocoearth.com\/conditions-generales-de-vente\/#breadcrumb","itemListElement":[{"@type":"ListItem","position":1,"name":"Accueil","item":"https:\/\/lovecocoearth.com\/es\/"},{"@type":"ListItem","position":2,"name":"Condiciones generales de venta"}]},{"@type":"WebSite","@id":"https:\/\/lovecocoearth.com\/#website","url":"https:\/\/lovecocoearth.com\/","name":"Love Coco Earth I Site Officiel","description":"Des cosm\u00e9tiques responsables et \u00e9thiques","publisher":{"@id":"https:\/\/lovecocoearth.com\/#organization"},"potentialAction":[{"@type":"SearchAction","target":{"@type":"EntryPoint","urlTemplate":"https:\/\/lovecocoearth.com\/?s={search_term_string}"},"query-input":{"@type":"PropertyValueSpecification","valueRequired":true,"valueName":"search_term_string"}}],"inLanguage":"es"},{"@type":"Organization","@id":"https:\/\/lovecocoearth.com\/#organization","name":"Love Coco Earth I Site Officiel","url":"https:\/\/lovecocoearth.com\/","logo":{"@type":"ImageObject","inLanguage":"es","@id":"https:\/\/lovecocoearth.com\/#\/schema\/logo\/image\/","url":"https:\/\/lovecocoearth.com\/wp-content\/uploads\/sites\/81\/2023\/10\/cropped-Logo-Love-Coco-Earth-sans-fond.png","contentUrl":"https:\/\/lovecocoearth.com\/wp-content\/uploads\/sites\/81\/2023\/10\/cropped-Logo-Love-Coco-Earth-sans-fond.png","width":782,"height":782,"caption":"Love Coco Earth I Site Officiel"},"image":{"@id":"https:\/\/lovecocoearth.com\/#\/schema\/logo\/image\/"}}]}},"_links":{"self":[{"href":"https:\/\/lovecocoearth.com\/es\/wp-json\/wp\/v2\/pages\/2982","targetHints":{"allow":["GET"]}}],"collection":[{"href":"https:\/\/lovecocoearth.com\/es\/wp-json\/wp\/v2\/pages"}],"about":[{"href":"https:\/\/lovecocoearth.com\/es\/wp-json\/wp\/v2\/types\/page"}],"author":[{"embeddable":true,"href":"https:\/\/lovecocoearth.com\/es\/wp-json\/wp\/v2\/users\/1"}],"replies":[{"embeddable":true,"href":"https:\/\/lovecocoearth.com\/es\/wp-json\/wp\/v2\/comments?post=2982"}],"version-history":[{"count":2,"href":"https:\/\/lovecocoearth.com\/es\/wp-json\/wp\/v2\/pages\/2982\/revisions"}],"predecessor-version":[{"id":3114,"href":"https:\/\/lovecocoearth.com\/es\/wp-json\/wp\/v2\/pages\/2982\/revisions\/3114"}],"wp:attachment":[{"href":"https:\/\/lovecocoearth.com\/es\/wp-json\/wp\/v2\/media?parent=2982"}],"curies":[{"name":"wp","href":"https:\/\/api.w.org\/{rel}","templated":true}]}}