{"id":1275,"date":"2023-10-05T15:04:17","date_gmt":"2023-10-05T13:04:17","guid":{"rendered":"https:\/\/lovecocoearth.com\/legal-information\/"},"modified":"2024-08-04T20:17:50","modified_gmt":"2024-08-04T18:17:50","slug":"legal-information","status":"publish","type":"page","link":"https:\/\/lovecocoearth.com\/en\/legal-information\/","title":{"rendered":"Legal information"},"content":{"rendered":"\t\t<div data-elementor-type=\"wp-page\" data-elementor-id=\"1275\" class=\"elementor elementor-1275\" data-elementor-settings=\"{&quot;ha_cmc_init_switcher&quot;:&quot;no&quot;}\" data-elementor-post-type=\"page\">\n\t\t\t\t\t\t<section class=\"elementor-section elementor-top-section elementor-element elementor-element-af39fec elementor-section-boxed elementor-section-height-default elementor-section-height-default\" data-id=\"af39fec\" data-element_type=\"section\" data-settings=\"{&quot;background_background&quot;:&quot;classic&quot;,&quot;background_motion_fx_motion_fx_scrolling&quot;:&quot;yes&quot;,&quot;background_motion_fx_translateY_effect&quot;:&quot;yes&quot;,&quot;background_motion_fx_translateY_speed&quot;:{&quot;unit&quot;:&quot;px&quot;,&quot;size&quot;:4,&quot;sizes&quot;:[]},&quot;background_motion_fx_translateY_affectedRange&quot;:{&quot;unit&quot;:&quot;%&quot;,&quot;size&quot;:&quot;&quot;,&quot;sizes&quot;:{&quot;start&quot;:0,&quot;end&quot;:100}},&quot;background_motion_fx_devices&quot;:[&quot;desktop&quot;,&quot;tablet&quot;,&quot;mobile&quot;],&quot;_ha_eqh_enable&quot;:false}\">\n\t\t\t\t\t\t<div class=\"elementor-container elementor-column-gap-default\">\n\t\t\t\t\t<div class=\"elementor-column elementor-col-100 elementor-top-column elementor-element elementor-element-fd86867\" data-id=\"fd86867\" data-element_type=\"column\">\n\t\t\t<div class=\"elementor-widget-wrap elementor-element-populated\">\n\t\t\t\t\t\t<div class=\"elementor-element elementor-element-2a2fa16 elementor-widget elementor-widget-heading\" data-id=\"2a2fa16\" data-element_type=\"widget\" data-widget_type=\"heading.default\">\n\t\t\t\t<div class=\"elementor-widget-container\">\n\t\t\t\t\t<h2 class=\"elementor-heading-title elementor-size-default\">Legal information<\/h2>\t\t\t\t<\/div>\n\t\t\t\t<\/div>\n\t\t\t\t\t<\/div>\n\t\t<\/div>\n\t\t\t\t\t<\/div>\n\t\t<\/section>\n\t\t\t\t<section class=\"elementor-section elementor-top-section elementor-element elementor-element-97b38e0 elementor-section-height-min-height elementor-section-items-top elementor-section-boxed elementor-section-height-default\" data-id=\"97b38e0\" data-element_type=\"section\" data-settings=\"{&quot;_ha_eqh_enable&quot;:false}\">\n\t\t\t\t\t\t<div class=\"elementor-container elementor-column-gap-default\">\n\t\t\t\t\t<div class=\"elementor-column elementor-col-100 elementor-top-column elementor-element elementor-element-3090b53\" data-id=\"3090b53\" data-element_type=\"column\">\n\t\t\t<div class=\"elementor-widget-wrap elementor-element-populated\">\n\t\t\t\t\t\t<section class=\"elementor-section elementor-inner-section elementor-element elementor-element-70cac7a elementor-section-content-middle elementor-section-full_width elementor-section-height-default elementor-section-height-default\" data-id=\"70cac7a\" data-element_type=\"section\" data-settings=\"{&quot;background_background&quot;:&quot;classic&quot;,&quot;_ha_eqh_enable&quot;:false}\">\n\t\t\t\t\t\t<div class=\"elementor-container elementor-column-gap-default\">\n\t\t\t\t\t<div class=\"elementor-column elementor-col-100 elementor-inner-column elementor-element elementor-element-ae0c37d\" data-id=\"ae0c37d\" data-element_type=\"column\">\n\t\t\t<div class=\"elementor-widget-wrap elementor-element-populated\">\n\t\t\t\t\t\t<div class=\"elementor-element elementor-element-6f27c84 elementor-widget elementor-widget-text-editor\" data-id=\"6f27c84\" data-element_type=\"widget\" data-widget_type=\"text-editor.default\">\n\t\t\t\t<div class=\"elementor-widget-container\">\n\t\t\t\t\t\t\t\t\t<h3>Identity<\/h3>\n<ul>\n<li><strong>Website name<\/strong> : LOVE COCO EARTH<\/li>\n<li><strong>Website address<\/strong> : <a href=\"https:\/\/lovecocoearth.com\/en\/\" data-mce-href=\"https:\/\/lovecocoearth.com\/en\/\">https:\/\/lovecocoearth.com\/<\/a><\/li>\n<li><strong>Website owner<\/strong> : Teddy BELGRAIN<\/li>\n<li><strong>Publication manager<\/strong> : Teddy BELGRAIN<\/li>\n<\/ul>\n<h3>Legal information about the website owner<\/h3>\n<p>ARDENOY CONSLTING is a simplified joint stock company (SAS) created on 01\/01\/2018. The company specialises in IT systems and software consultancy. ARDENOY CONSULTING is located in the commune of Les Abymes in the Guadeloupe (971) department.<\/p>\n<ul>\n<li><strong>Company name<\/strong> : LOVE COCO EARTH<\/li>\n<li><strong>Owner:<\/strong> Teddy BELGRAIN<\/li>\n<li><strong>Legal form<\/strong> : Sole proprietorship<\/li>\n<li><strong>Registration number<\/strong> : 91929947900015<\/li>\n<li><strong>Registered office: <\/strong>CHEMIN DE BRAGELOGNE SURGY 97180 SAINTE-ANNE<\/li>\n<li><strong>Phone number<\/strong> : <a href=\"tel:+590690923331\" target=\"_blank\" rel=\"noopener\" data-mce-href=\"tel:+590690923331\">0690 92 33 31<\/a><\/li>\n<\/ul>\n<h3>Legal information about the website publisher<\/h3>\n<ul>\n<li><strong>Company name :<\/strong>&nbsp;Ardenoy Consulting<\/li>\n<li><strong>Legal form :<\/strong>&nbsp;SASU<\/li>\n<li><strong>Issued capital :<\/strong>&nbsp;10 000 \u20ac<\/li>\n<li><strong>Registration number: <\/strong>&nbsp;83884665700016<\/li>\n<li><strong>RCS Number:<\/strong>&nbsp;Point-a-Pitre B 838 846 657<\/li>\n<li><strong>Registered office:<\/strong>&nbsp;Boite B32 Bourguignon 97139 \u2013 Les Abymes<\/li>\n<li><strong>Phone number<\/strong>&nbsp;:&nbsp;<a href=\"tel:0690%2017%2016%2045\" data-mce-href=\"tel:0690%2017%2016%2045\">0690 17 16 45<\/a><\/li>\n<li><strong>Email :<\/strong>&nbsp;<a href=\"mailto:contact@jpardenoy.com\" data-mce-href=\"mailto:contact@jpardenoy.com\">contact@jpardenoy.com<\/a><\/li>\n<li><strong>Website<\/strong>&nbsp;<strong>:<\/strong>&nbsp;<a href=\"https:\/\/jpardenoy.com\/\" data-mce-href=\"https:\/\/jpardenoy.com\/\">https:\/\/jpardenoy.com\/<\/a><\/li>\n<\/ul>\n<h3>Legal information about hosting<\/h3>\n<ul>\n<li><strong>Host name :<\/strong>&nbsp;OVHcloud<\/li>\n<li><strong>APE Code:<\/strong>&nbsp;2620Z<\/li>\n<li><strong>N\u00b0 TVA :<\/strong>&nbsp;FR 22 424 761 419<\/li>\n<li><strong>Company name:<\/strong>&nbsp;Soci\u00e9t\u00e9 \u00e9trang\u00e8re immatricul\u00e9e au RCS<\/li>\n<li><strong>Registered office:<\/strong>&nbsp;2 rue Kellermann \u2013 59100 Roubaix \u2013 France<\/li>\n<li><strong>Phone number:<\/strong>&nbsp;1004<\/li>\n<\/ul>\n<h3>Technical information<\/h3>\n<p>It is reminded that the secrecy of correspondence is not guaranteed on the Internet and that it is the responsibility of each Internet user to take all appropriate measures to protect their own data and\/or software from contamination by any viruses circulating on the Internet.<\/p>\n<h3>Conditions of use<\/h3>\n<p>Use of this site implies full acceptance of the \u201c<a href=\"https:\/\/lovecocoearth.com\/remboursements_retours\/\" data-mce-href=\"https:\/\/lovecocoearth.com\/remboursements_retours\/\">General Terms and Conditions of Use<\/a>\u201d. These conditions of use may be amended or supplemented at any time.<\/p>\n<h3>Personal information<\/h3>\n<p>All users have the right to access, rectify and oppose any personal data concerning them, by making a written and signed request, accompanied by proof of identity. For more information on the processing of personal data, and to exercise your rights, please consult our \u201c<a href=\"\/?page_id=46\" data-mce-href=\"https:\/\/lovecocoearth.com\/en\/privacy-policy\/\">Privacy Policy.<\/a>\u201d. For more information on the use of cookies, please consult our \u201c<a href=\"\/?page_id=46\" data-mce-href=\"https:\/\/lovecocoearth.com\/en\/privacy-policy\/\">Cookie Policy<\/a>\u201d. If you have any questions or concerns about our privacy policy, please contact us at love.coco.earth@gmail.com.<\/p>\n<h3><strong>Hypertext links<\/strong><\/h3>\n<p>The creation of hypertext links to the <a href=\"https:\/\/lovecocoearth.com\/en\/\" data-mce-href=\"https:\/\/lovecocoearth.com\/en\/\">https:\/\/lovecocoearth.com\/<\/a> website is subject to the prior agreement of the Publication Director. LOVE COCO EARTH cannot under any circumstances be held responsible for hypertext links to other sites from the <a href=\"https:\/\/lovecocoearth.com\/en\/\" data-mce-href=\"https:\/\/lovecocoearth.com\/en\/\">https:\/\/lovecocoearth.com\/<\/a>&nbsp; website.<\/p>\n<h3>Copyright<\/h3>\n<p>Unless otherwise stated, all elements accessible on the site (texts, images, graphics, logos, icons, sounds, software, etc.) remain the exclusive property of their authors, with regard to intellectual property rights or rights of use. The reproduction or representation, in whole or in part, of the pages, data or any other component of the <a href=\"https:\/\/lovecocoearth.com\/en\/\" data-mce-href=\"https:\/\/lovecocoearth.com\/en\/\">https:\/\/lovecocoearth.com\/<\/a> website, by any process or medium whatsoever, is prohibited and constitutes an infringement of copyright without the publisher&#8217;s authorisation. The brands and logos reproduced on the site are registered by the companies that own them.<\/p>\n<h3><strong>Credits<\/strong><\/h3>\n<p>&lt; photo credits, icons, etc. &gt;<\/p>\n\t\t\t\t\t\t\t\t<\/div>\n\t\t\t\t<\/div>\n\t\t\t\t\t<\/div>\n\t\t<\/div>\n\t\t\t\t\t<\/div>\n\t\t<\/section>\n\t\t\t\t\t<\/div>\n\t\t<\/div>\n\t\t\t\t\t<\/div>\n\t\t<\/section>\n\t\t\t\t<\/div>\n\t\t","protected":false},"excerpt":{"rendered":"<p>Legal information Identity Website name : LOVE COCO EARTH Website address : https:\/\/lovecocoearth.com\/ Website owner : Teddy BELGRAIN Publication manager : Teddy BELGRAIN Legal information about the website owner ARDENOY CONSLTING is a simplified joint stock company (SAS) created on 01\/01\/2018. The company specialises in IT systems and software consultancy. ARDENOY CONSULTING is located in [&hellip;]<\/p>\n","protected":false},"author":3,"featured_media":0,"parent":0,"menu_order":0,"comment_status":"closed","ping_status":"closed","template":"elementor_header_footer","meta":{"footnotes":""},"class_list":["post-1275","page","type-page","status-publish","hentry"],"yoast_head":"<title>Legal information - Love Coco Earth I Site Officiel<\/title>\n<meta name=\"robots\" content=\"index, follow, max-snippet:-1, max-image-preview:large, max-video-preview:-1\" \/>\n<link rel=\"canonical\" href=\"https:\/\/lovecocoearth.com\/mentions-legales\/\" \/>\n<meta property=\"og:locale\" content=\"en_US\" \/>\n<meta property=\"og:type\" content=\"article\" \/>\n<meta property=\"og:title\" content=\"Legal information\" \/>\n<meta property=\"og:description\" content=\"Legal information Identity Website name : LOVE COCO EARTH Website address : https:\/\/lovecocoearth.com\/ Website owner : Teddy BELGRAIN Publication manager : Teddy BELGRAIN Legal information about the website owner ARDENOY CONSLTING is a simplified joint stock company (SAS) created on 01\/01\/2018. The company specialises in IT systems and software consultancy. ARDENOY CONSULTING is located in [&hellip;]\" \/>\n<meta property=\"og:url\" content=\"https:\/\/lovecocoearth.com\/mentions-legales\/\" \/>\n<meta property=\"og:site_name\" content=\"Love Coco Earth I Site Officiel\" \/>\n<meta property=\"article:modified_time\" content=\"2024-08-04T18:17:50+00:00\" \/>\n<meta name=\"twitter:card\" content=\"summary_large_image\" \/>\n<script type=\"application\/ld+json\" class=\"yoast-schema-graph\">{\"@context\":\"https:\\\/\\\/schema.org\",\"@graph\":[{\"@type\":\"WebPage\",\"@id\":\"https:\\\/\\\/lovecocoearth.com\\\/mentions-legales\\\/\",\"url\":\"https:\\\/\\\/lovecocoearth.com\\\/mentions-legales\\\/\",\"name\":\"Legal information - Love Coco Earth I Site Officiel\",\"isPartOf\":{\"@id\":\"https:\\\/\\\/lovecocoearth.com\\\/#website\"},\"datePublished\":\"2023-10-05T13:04:17+00:00\",\"dateModified\":\"2024-08-04T18:17:50+00:00\",\"breadcrumb\":{\"@id\":\"https:\\\/\\\/lovecocoearth.com\\\/mentions-legales\\\/#breadcrumb\"},\"inLanguage\":\"en-US\",\"potentialAction\":[{\"@type\":\"ReadAction\",\"target\":[\"https:\\\/\\\/lovecocoearth.com\\\/mentions-legales\\\/\"]}]},{\"@type\":\"BreadcrumbList\",\"@id\":\"https:\\\/\\\/lovecocoearth.com\\\/mentions-legales\\\/#breadcrumb\",\"itemListElement\":[{\"@type\":\"ListItem\",\"position\":1,\"name\":\"Accueil\",\"item\":\"https:\\\/\\\/lovecocoearth.com\\\/en\\\/\"},{\"@type\":\"ListItem\",\"position\":2,\"name\":\"Legal information\"}]},{\"@type\":\"WebSite\",\"@id\":\"https:\\\/\\\/lovecocoearth.com\\\/#website\",\"url\":\"https:\\\/\\\/lovecocoearth.com\\\/\",\"name\":\"Love Coco Earth I Site Officiel\",\"description\":\"Des cosm\u00e9tiques responsables et \u00e9thiques\",\"publisher\":{\"@id\":\"https:\\\/\\\/lovecocoearth.com\\\/#organization\"},\"potentialAction\":[{\"@type\":\"SearchAction\",\"target\":{\"@type\":\"EntryPoint\",\"urlTemplate\":\"https:\\\/\\\/lovecocoearth.com\\\/?s={search_term_string}\"},\"query-input\":{\"@type\":\"PropertyValueSpecification\",\"valueRequired\":true,\"valueName\":\"search_term_string\"}}],\"inLanguage\":\"en-US\"},{\"@type\":\"Organization\",\"@id\":\"https:\\\/\\\/lovecocoearth.com\\\/#organization\",\"name\":\"Love Coco Earth I Site Officiel\",\"url\":\"https:\\\/\\\/lovecocoearth.com\\\/\",\"logo\":{\"@type\":\"ImageObject\",\"inLanguage\":\"en-US\",\"@id\":\"https:\\\/\\\/lovecocoearth.com\\\/#\\\/schema\\\/logo\\\/image\\\/\",\"url\":\"https:\\\/\\\/lovecocoearth.com\\\/wp-content\\\/uploads\\\/sites\\\/81\\\/2023\\\/10\\\/cropped-Logo-Love-Coco-Earth-sans-fond.png\",\"contentUrl\":\"https:\\\/\\\/lovecocoearth.com\\\/wp-content\\\/uploads\\\/sites\\\/81\\\/2023\\\/10\\\/cropped-Logo-Love-Coco-Earth-sans-fond.png\",\"width\":782,\"height\":782,\"caption\":\"Love Coco Earth I Site Officiel\"},\"image\":{\"@id\":\"https:\\\/\\\/lovecocoearth.com\\\/#\\\/schema\\\/logo\\\/image\\\/\"}}]}<\/script>","yoast_head_json":{"title":"Legal information - Love Coco Earth I Site Officiel","robots":{"index":"index","follow":"follow","max-snippet":"max-snippet:-1","max-image-preview":"max-image-preview:large","max-video-preview":"max-video-preview:-1"},"canonical":"https:\/\/lovecocoearth.com\/mentions-legales\/","og_locale":"en_US","og_type":"article","og_title":"Legal information","og_description":"Legal information Identity Website name : LOVE COCO EARTH Website address : https:\/\/lovecocoearth.com\/ Website owner : Teddy BELGRAIN Publication manager : Teddy BELGRAIN Legal information about the website owner ARDENOY CONSLTING is a simplified joint stock company (SAS) created on 01\/01\/2018. The company specialises in IT systems and software consultancy. ARDENOY CONSULTING is located in [&hellip;]","og_url":"https:\/\/lovecocoearth.com\/mentions-legales\/","og_site_name":"Love Coco Earth I Site Officiel","article_modified_time":"2024-08-04T18:17:50+00:00","twitter_card":"summary_large_image","schema":{"@context":"https:\/\/schema.org","@graph":[{"@type":"WebPage","@id":"https:\/\/lovecocoearth.com\/mentions-legales\/","url":"https:\/\/lovecocoearth.com\/mentions-legales\/","name":"Legal information - Love Coco Earth I Site Officiel","isPartOf":{"@id":"https:\/\/lovecocoearth.com\/#website"},"datePublished":"2023-10-05T13:04:17+00:00","dateModified":"2024-08-04T18:17:50+00:00","breadcrumb":{"@id":"https:\/\/lovecocoearth.com\/mentions-legales\/#breadcrumb"},"inLanguage":"en-US","potentialAction":[{"@type":"ReadAction","target":["https:\/\/lovecocoearth.com\/mentions-legales\/"]}]},{"@type":"BreadcrumbList","@id":"https:\/\/lovecocoearth.com\/mentions-legales\/#breadcrumb","itemListElement":[{"@type":"ListItem","position":1,"name":"Accueil","item":"https:\/\/lovecocoearth.com\/en\/"},{"@type":"ListItem","position":2,"name":"Legal information"}]},{"@type":"WebSite","@id":"https:\/\/lovecocoearth.com\/#website","url":"https:\/\/lovecocoearth.com\/","name":"Love Coco Earth I Site Officiel","description":"Des cosm\u00e9tiques responsables et \u00e9thiques","publisher":{"@id":"https:\/\/lovecocoearth.com\/#organization"},"potentialAction":[{"@type":"SearchAction","target":{"@type":"EntryPoint","urlTemplate":"https:\/\/lovecocoearth.com\/?s={search_term_string}"},"query-input":{"@type":"PropertyValueSpecification","valueRequired":true,"valueName":"search_term_string"}}],"inLanguage":"en-US"},{"@type":"Organization","@id":"https:\/\/lovecocoearth.com\/#organization","name":"Love Coco Earth I Site Officiel","url":"https:\/\/lovecocoearth.com\/","logo":{"@type":"ImageObject","inLanguage":"en-US","@id":"https:\/\/lovecocoearth.com\/#\/schema\/logo\/image\/","url":"https:\/\/lovecocoearth.com\/wp-content\/uploads\/sites\/81\/2023\/10\/cropped-Logo-Love-Coco-Earth-sans-fond.png","contentUrl":"https:\/\/lovecocoearth.com\/wp-content\/uploads\/sites\/81\/2023\/10\/cropped-Logo-Love-Coco-Earth-sans-fond.png","width":782,"height":782,"caption":"Love Coco Earth I Site Officiel"},"image":{"@id":"https:\/\/lovecocoearth.com\/#\/schema\/logo\/image\/"}}]}},"_links":{"self":[{"href":"https:\/\/lovecocoearth.com\/en\/wp-json\/wp\/v2\/pages\/1275","targetHints":{"allow":["GET"]}}],"collection":[{"href":"https:\/\/lovecocoearth.com\/en\/wp-json\/wp\/v2\/pages"}],"about":[{"href":"https:\/\/lovecocoearth.com\/en\/wp-json\/wp\/v2\/types\/page"}],"author":[{"embeddable":true,"href":"https:\/\/lovecocoearth.com\/en\/wp-json\/wp\/v2\/users\/3"}],"replies":[{"embeddable":true,"href":"https:\/\/lovecocoearth.com\/en\/wp-json\/wp\/v2\/comments?post=1275"}],"version-history":[{"count":3,"href":"https:\/\/lovecocoearth.com\/en\/wp-json\/wp\/v2\/pages\/1275\/revisions"}],"predecessor-version":[{"id":3205,"href":"https:\/\/lovecocoearth.com\/en\/wp-json\/wp\/v2\/pages\/1275\/revisions\/3205"}],"wp:attachment":[{"href":"https:\/\/lovecocoearth.com\/en\/wp-json\/wp\/v2\/media?parent=1275"}],"curies":[{"name":"wp","href":"https:\/\/api.w.org\/{rel}","templated":true}]}}